{"id":219902,"date":"2026-02-11T17:05:15","date_gmt":"2026-02-11T14:05:15","guid":{"rendered":"https:\/\/baldumarket.lt\/product\/materac-fresh-120x200-cm-dwustronny-piankowy-lateks-zdejmowany-pokrowiec-h2-comforteo\/"},"modified":"2026-02-11T17:05:17","modified_gmt":"2026-02-11T14:05:17","slug":"materac-fresh-120x200-cm-dwustronny-piankowy-lateks-zdejmowany-pokrowiec-h2-comforteo","status":"publish","type":"product","link":"https:\/\/baldumarket.lt\/lt\/product\/materac-fresh-120x200-cm-dwustronny-piankowy-lateks-zdejmowany-pokrowiec-h2-comforteo\/","title":{"rendered":"\u010ciu\u017einys \u201eFresh\u201c, 120\u00d7200 cm, dvipusis, putplastis, lateksas, nuimamas u\u017evalkalas, H2, Comforteo"},"content":{"rendered":"<p>Ie\u0161kote patogaus ir higieni\u0161ko vidutinio dyd\u017eio \u010diu\u017einio, kuris u\u017etikrint\u0173 sveik\u0105 ir atkuriant\u012f mieg\u0105? \u201eFresh\u201c 120 \u00d7 200 cm \u010diu\u017einys idealiai tinka didesn\u0117ms viengul\u0117ms lovoms, jaunesni\u0173 lovoms arba ma\u017eoms dvigul\u0117ms lovoms. D\u0117l didelio elastingumo nat\u016bralaus latekso naudojimo \u0161is modelis puikiai priglunda, tuo pa\u010diu palaikydamas stubur\u0105 ir pagerindamas miego komfort\u0105, nepriklausomai nuo miegojimo pad\u0117ties.<\/p>","protected":false},"excerpt":{"rendered":"<p>Plotis: 120 cm<br \/>\nIlgis: 200 cm<br \/>\nAuk\u0161tis: 16 cm<br \/>\nMiegamasis plotas: 120 \u00d7 200 cm<br \/>\n\u010ciu\u017einio tipas: Putplastis su lateksu<\/p>","protected":false},"featured_media":219903,"comment_status":"open","ping_status":"open","template":"","meta":[],"product_brand":[],"product_cat":[7906,1099,1976],"product_tag":[],"class_list":{"0":"post-219902","1":"product","2":"type-product","3":"status-publish","4":"has-post-thumbnail","6":"product_cat-comforteo","7":"product_cat-mattresses","8":"product_cat-mattresses-120x200","10":"first","11":"instock","12":"purchasable","13":"product-type-simple"},"_links":{"self":[{"href":"https:\/\/baldumarket.lt\/lt\/wp-json\/wp\/v2\/product\/219902","targetHints":{"allow":["GET"]}}],"collection":[{"href":"https:\/\/baldumarket.lt\/lt\/wp-json\/wp\/v2\/product"}],"about":[{"href":"https:\/\/baldumarket.lt\/lt\/wp-json\/wp\/v2\/types\/product"}],"replies":[{"embeddable":true,"href":"https:\/\/baldumarket.lt\/lt\/wp-json\/wp\/v2\/comments?post=219902"}],"wp:featuredmedia":[{"embeddable":true,"href":"https:\/\/baldumarket.lt\/lt\/wp-json\/wp\/v2\/media\/219903"}],"wp:attachment":[{"href":"https:\/\/baldumarket.lt\/lt\/wp-json\/wp\/v2\/media?parent=219902"}],"wp:term":[{"taxonomy":"product_brand","embeddable":true,"href":"https:\/\/baldumarket.lt\/lt\/wp-json\/wp\/v2\/product_brand?post=219902"},{"taxonomy":"product_cat","embeddable":true,"href":"https:\/\/baldumarket.lt\/lt\/wp-json\/wp\/v2\/product_cat?post=219902"},{"taxonomy":"product_tag","embeddable":true,"href":"https:\/\/baldumarket.lt\/lt\/wp-json\/wp\/v2\/product_tag?post=219902"}],"curies":[{"name":"wp","href":"https:\/\/api.w.org\/{rel}","templated":true}]}}