{"id":219886,"date":"2026-02-11T17:05:07","date_gmt":"2026-02-11T14:05:07","guid":{"rendered":"https:\/\/baldumarket.lt\/product\/materac-fresh-160x200-cm-dwustronny-piankowy-lateks-zdejmowany-pokrowiec-h2-comforteo\/"},"modified":"2026-02-11T17:05:09","modified_gmt":"2026-02-11T14:05:09","slug":"materac-fresh-160x200-cm-dwustronny-piankowy-lateks-zdejmowany-pokrowiec-h2-comforteo","status":"publish","type":"product","link":"https:\/\/baldumarket.lt\/lt\/product\/materac-fresh-160x200-cm-dwustronny-piankowy-lateks-zdejmowany-pokrowiec-h2-comforteo\/","title":{"rendered":"\u010ciu\u017einys \u201eFresh\u201c, 160\u00d7200 cm, dvipusis, putplastis, lateksas, nuimamas u\u017evalkalas, H2, Comforteo"},"content":{"rendered":"<p>Ie\u0161kote tvirto, patogaus ir sveiko \u010diu\u017einio savo miegamajam? \u201eFresh\u201c 160 \u00d7 200 cm \u010diu\u017einys yra puikus pasirinkimas poroms, kurios vertina ram\u0173, higieni\u0161k\u0105 ir patog\u0173 mieg\u0105. Pagamintas tik i\u0161 lanks\u010dio latekso su nat\u016braliu kau\u010diuko pienu, \u010diu\u017einys puikiai priglunda ir u\u017etikrina efektyvi\u0105 stuburo atram\u0105. \u0160is \u010diu\u017einys sukurtas atsi\u017evelgiant \u012f sveikat\u0105, komfort\u0105 ir ilgaam\u017ei\u0161kum\u0105.<\/p>","protected":false},"excerpt":{"rendered":"<p>Plotis: 160 cm<br \/>\nIlgis: 200 cm<br \/>\nAuk\u0161tis: 16 cm<br \/>\nMiegamoji erdv\u0117: 160 \u00d7 200 cm<br \/>\n\u010ciu\u017einio tipas: Putplastis su lateksu<\/p>","protected":false},"featured_media":219887,"comment_status":"open","ping_status":"open","template":"","meta":[],"product_brand":[],"product_cat":[7906,1099,1978],"product_tag":[],"class_list":{"0":"post-219886","1":"product","2":"type-product","3":"status-publish","4":"has-post-thumbnail","6":"product_cat-comforteo","7":"product_cat-mattresses","8":"product_cat-mattresses-160x200","10":"first","11":"instock","12":"purchasable","13":"product-type-simple"},"_links":{"self":[{"href":"https:\/\/baldumarket.lt\/lt\/wp-json\/wp\/v2\/product\/219886","targetHints":{"allow":["GET"]}}],"collection":[{"href":"https:\/\/baldumarket.lt\/lt\/wp-json\/wp\/v2\/product"}],"about":[{"href":"https:\/\/baldumarket.lt\/lt\/wp-json\/wp\/v2\/types\/product"}],"replies":[{"embeddable":true,"href":"https:\/\/baldumarket.lt\/lt\/wp-json\/wp\/v2\/comments?post=219886"}],"wp:featuredmedia":[{"embeddable":true,"href":"https:\/\/baldumarket.lt\/lt\/wp-json\/wp\/v2\/media\/219887"}],"wp:attachment":[{"href":"https:\/\/baldumarket.lt\/lt\/wp-json\/wp\/v2\/media?parent=219886"}],"wp:term":[{"taxonomy":"product_brand","embeddable":true,"href":"https:\/\/baldumarket.lt\/lt\/wp-json\/wp\/v2\/product_brand?post=219886"},{"taxonomy":"product_cat","embeddable":true,"href":"https:\/\/baldumarket.lt\/lt\/wp-json\/wp\/v2\/product_cat?post=219886"},{"taxonomy":"product_tag","embeddable":true,"href":"https:\/\/baldumarket.lt\/lt\/wp-json\/wp\/v2\/product_tag?post=219886"}],"curies":[{"name":"wp","href":"https:\/\/api.w.org\/{rel}","templated":true}]}}