{"id":219878,"date":"2026-02-11T17:05:09","date_gmt":"2026-02-11T14:05:09","guid":{"rendered":"https:\/\/baldumarket.lt\/product\/materac-fresh-180x200-cm-dwustronny-piankowy-lateks-zdejmowany-pokrowiec-h2-comforteo\/"},"modified":"2026-02-11T17:05:10","modified_gmt":"2026-02-11T14:05:10","slug":"materac-fresh-180x200-cm-dwustronny-piankowy-lateks-zdejmowany-pokrowiec-h2-comforteo","status":"publish","type":"product","link":"https:\/\/baldumarket.lt\/lt\/product\/materac-fresh-180x200-cm-dwustronny-piankowy-lateks-zdejmowany-pokrowiec-h2-comforteo\/","title":{"rendered":"\u010ciu\u017einys \u201eFresh\u201c, 180&#215;200 cm, dvipusis, putplastis, lateksas, nuimamas u\u017evalkalas, H2, Comforteo"},"content":{"rendered":"<p>\u201eFresh\u201c 180 \u00d7 200 cm \u010diu\u017einys sujungia komfort\u0105, higien\u0105 ir modernius sprendimus \u2013 jis skirtas poroms, siekian\u010dioms sveiko ir atkurian\u010dio miego. D\u0117l auk\u0161tos kokyb\u0117s latekso su nat\u016braliu kau\u010diuko pienu ir tiksliai i\u0161d\u0117styt\u0173 kietumo zon\u0173 \u010diu\u017einys puikiai prisitaiko prie k\u016bno, suteikdamas i\u0161skirtin\u0119 atram\u0105 ir auk\u0161\u010diausi\u0105 komforto lyg\u012f.<\/p>","protected":false},"excerpt":{"rendered":"<p>Plotis: 180 cm<br \/>\nIlgis: 200 cm<br \/>\nAuk\u0161tis: 16 cm<br \/>\nMiegamoji erdv\u0117: 180 \u00d7 200 cm<br \/>\n\u010ciu\u017einio tipas: Putplastis su lateksu<\/p>","protected":false},"featured_media":219879,"comment_status":"open","ping_status":"open","template":"","meta":[],"product_brand":[],"product_cat":[7906,1099,1979],"product_tag":[],"class_list":{"0":"post-219878","1":"product","2":"type-product","3":"status-publish","4":"has-post-thumbnail","6":"product_cat-comforteo","7":"product_cat-mattresses","8":"product_cat-mattresses-180x200","10":"first","11":"instock","12":"purchasable","13":"product-type-simple"},"_links":{"self":[{"href":"https:\/\/baldumarket.lt\/lt\/wp-json\/wp\/v2\/product\/219878","targetHints":{"allow":["GET"]}}],"collection":[{"href":"https:\/\/baldumarket.lt\/lt\/wp-json\/wp\/v2\/product"}],"about":[{"href":"https:\/\/baldumarket.lt\/lt\/wp-json\/wp\/v2\/types\/product"}],"replies":[{"embeddable":true,"href":"https:\/\/baldumarket.lt\/lt\/wp-json\/wp\/v2\/comments?post=219878"}],"wp:featuredmedia":[{"embeddable":true,"href":"https:\/\/baldumarket.lt\/lt\/wp-json\/wp\/v2\/media\/219879"}],"wp:attachment":[{"href":"https:\/\/baldumarket.lt\/lt\/wp-json\/wp\/v2\/media?parent=219878"}],"wp:term":[{"taxonomy":"product_brand","embeddable":true,"href":"https:\/\/baldumarket.lt\/lt\/wp-json\/wp\/v2\/product_brand?post=219878"},{"taxonomy":"product_cat","embeddable":true,"href":"https:\/\/baldumarket.lt\/lt\/wp-json\/wp\/v2\/product_cat?post=219878"},{"taxonomy":"product_tag","embeddable":true,"href":"https:\/\/baldumarket.lt\/lt\/wp-json\/wp\/v2\/product_tag?post=219878"}],"curies":[{"name":"wp","href":"https:\/\/api.w.org\/{rel}","templated":true}]}}