{"id":219870,"date":"2026-02-11T17:05:04","date_gmt":"2026-02-11T14:05:04","guid":{"rendered":"https:\/\/baldumarket.lt\/product\/materac-fresh-80x200-cm-dwustronny-piankowy-lateks-zdejmowany-pokrowiec-h2-comforteo\/"},"modified":"2026-02-11T17:05:06","modified_gmt":"2026-02-11T14:05:06","slug":"materac-fresh-80x200-cm-dwustronny-piankowy-lateks-zdejmowany-pokrowiec-h2-comforteo","status":"publish","type":"product","link":"https:\/\/baldumarket.lt\/lt\/product\/materac-fresh-80x200-cm-dwustronny-piankowy-lateks-zdejmowany-pokrowiec-h2-comforteo\/","title":{"rendered":"\u010ciu\u017einys \u201eFresh\u201c, 80\u00d7200 cm, dvipusis, putplastis, lateksas, nuimamas u\u017evalkalas, H2, Comforteo"},"content":{"rendered":"<p>Ie\u0161kote \u010diu\u017einio, kuris j\u016bs\u0173 vaikui ar jums suteikt\u0173 ne tik komfort\u0105, bet ir maksimali\u0105 higien\u0105 bei sveik\u0105 stuburo atram\u0105? \u201eFresh\u201c 80\u00d7200 cm \u010diu\u017einys \u2013 tai unikalus latekso \u010diu\u017einys, kuris puikiai prisitaiko prie j\u016bs\u0173 k\u016bno formos, palaiko taisykling\u0105 laikysen\u0105 ir apsaugo nuo alergen\u0173. Tai puikus pasirinkimas viengulei, jaunimo ar vaik\u0173 lovai.<\/p>","protected":false},"excerpt":{"rendered":"<p>Plotis: 80 cm<br \/>\nIlgis: 200 cm<br \/>\nAuk\u0161tis: 16 cm<br \/>\nMiegamoji erdv\u0117: 80 \u00d7 200 cm<br \/>\n\u010ciu\u017einio tipas: Putplastis su lateksu<\/p>","protected":false},"featured_media":219871,"comment_status":"open","ping_status":"open","template":"","meta":[],"product_brand":[],"product_cat":[7906,1099],"product_tag":[],"class_list":{"0":"post-219870","1":"product","2":"type-product","3":"status-publish","4":"has-post-thumbnail","6":"product_cat-comforteo","7":"product_cat-mattresses","9":"first","10":"instock","11":"purchasable","12":"product-type-simple"},"_links":{"self":[{"href":"https:\/\/baldumarket.lt\/lt\/wp-json\/wp\/v2\/product\/219870","targetHints":{"allow":["GET"]}}],"collection":[{"href":"https:\/\/baldumarket.lt\/lt\/wp-json\/wp\/v2\/product"}],"about":[{"href":"https:\/\/baldumarket.lt\/lt\/wp-json\/wp\/v2\/types\/product"}],"replies":[{"embeddable":true,"href":"https:\/\/baldumarket.lt\/lt\/wp-json\/wp\/v2\/comments?post=219870"}],"wp:featuredmedia":[{"embeddable":true,"href":"https:\/\/baldumarket.lt\/lt\/wp-json\/wp\/v2\/media\/219871"}],"wp:attachment":[{"href":"https:\/\/baldumarket.lt\/lt\/wp-json\/wp\/v2\/media?parent=219870"}],"wp:term":[{"taxonomy":"product_brand","embeddable":true,"href":"https:\/\/baldumarket.lt\/lt\/wp-json\/wp\/v2\/product_brand?post=219870"},{"taxonomy":"product_cat","embeddable":true,"href":"https:\/\/baldumarket.lt\/lt\/wp-json\/wp\/v2\/product_cat?post=219870"},{"taxonomy":"product_tag","embeddable":true,"href":"https:\/\/baldumarket.lt\/lt\/wp-json\/wp\/v2\/product_tag?post=219870"}],"curies":[{"name":"wp","href":"https:\/\/api.w.org\/{rel}","templated":true}]}}