{"id":219862,"date":"2026-02-11T17:05:11","date_gmt":"2026-02-11T14:05:11","guid":{"rendered":"https:\/\/baldumarket.lt\/product\/materac-fresh-90x200-cm-dwustronny-piankowy-lateks-zdejmowany-pokrowiec-h2-comforteo\/"},"modified":"2026-02-11T17:05:13","modified_gmt":"2026-02-11T14:05:13","slug":"materac-fresh-90x200-cm-dwustronny-piankowy-lateks-zdejmowany-pokrowiec-h2-comforteo","status":"publish","type":"product","link":"https:\/\/baldumarket.lt\/lt\/product\/materac-fresh-90x200-cm-dwustronny-piankowy-lateks-zdejmowany-pokrowiec-h2-comforteo\/","title":{"rendered":"\u010ciu\u017einys \u201eFresh\u201c, 90\u00d7200 cm, dvipusis, putplastis, lateksas, nuimamas u\u017evalkalas, H2, Comforteo"},"content":{"rendered":"<p>Ie\u0161kote patogaus, higieni\u0161ko ir patvaraus \u010diu\u017einio viengulei arba jaunesnio vaiko lovai? \u201eFresh\u201c 90 \u00d7 200 cm \u010diu\u017einys \u2013 tai tobulas ergonomikos, lankstumo ir antialergini\u0173 savybi\u0173 derinys. Pagamintas i\u0161 tvirto 100% latekso blokelio, jis u\u017etikrina stabili\u0105 stuburo atram\u0105 ir didel\u012f komfort\u0105, nepriklausomai nuo miegojimo pad\u0117ties.<\/p>","protected":false},"excerpt":{"rendered":"<p>Plotis: 90 cm<br \/>\nIlgis: 200 cm<br \/>\nAuk\u0161tis: 16 cm<br \/>\nMiegamoji erdv\u0117: 90 \u00d7 200 cm<br \/>\n\u010ciu\u017einio tipas: Putplastis su lateksu<\/p>","protected":false},"featured_media":219863,"comment_status":"open","ping_status":"open","template":"","meta":[],"product_brand":[],"product_cat":[7906,1099,1975],"product_tag":[],"class_list":{"0":"post-219862","1":"product","2":"type-product","3":"status-publish","4":"has-post-thumbnail","6":"product_cat-comforteo","7":"product_cat-mattresses","8":"product_cat-mattresses-90x200","10":"first","11":"instock","12":"purchasable","13":"product-type-simple"},"_links":{"self":[{"href":"https:\/\/baldumarket.lt\/lt\/wp-json\/wp\/v2\/product\/219862","targetHints":{"allow":["GET"]}}],"collection":[{"href":"https:\/\/baldumarket.lt\/lt\/wp-json\/wp\/v2\/product"}],"about":[{"href":"https:\/\/baldumarket.lt\/lt\/wp-json\/wp\/v2\/types\/product"}],"replies":[{"embeddable":true,"href":"https:\/\/baldumarket.lt\/lt\/wp-json\/wp\/v2\/comments?post=219862"}],"wp:featuredmedia":[{"embeddable":true,"href":"https:\/\/baldumarket.lt\/lt\/wp-json\/wp\/v2\/media\/219863"}],"wp:attachment":[{"href":"https:\/\/baldumarket.lt\/lt\/wp-json\/wp\/v2\/media?parent=219862"}],"wp:term":[{"taxonomy":"product_brand","embeddable":true,"href":"https:\/\/baldumarket.lt\/lt\/wp-json\/wp\/v2\/product_brand?post=219862"},{"taxonomy":"product_cat","embeddable":true,"href":"https:\/\/baldumarket.lt\/lt\/wp-json\/wp\/v2\/product_cat?post=219862"},{"taxonomy":"product_tag","embeddable":true,"href":"https:\/\/baldumarket.lt\/lt\/wp-json\/wp\/v2\/product_tag?post=219862"}],"curies":[{"name":"wp","href":"https:\/\/api.w.org\/{rel}","templated":true}]}}