{"id":219854,"date":"2026-02-11T17:05:01","date_gmt":"2026-02-11T14:05:01","guid":{"rendered":"https:\/\/baldumarket.lt\/product\/materac-harmony-100x200-cm-dwustronny-piankowy-pianka-visco-i-xfoam-h3-comforteo\/"},"modified":"2026-02-11T17:05:03","modified_gmt":"2026-02-11T14:05:03","slug":"materac-harmony-100x200-cm-dwustronny-piankowy-pianka-visco-i-xfoam-h3-comforteo","status":"publish","type":"product","link":"https:\/\/baldumarket.lt\/lt\/product\/materac-harmony-100x200-cm-dwustronny-piankowy-pianka-visco-i-xfoam-h3-comforteo\/","title":{"rendered":"Harmony \u010diu\u017einys, 100&#215;200 cm, dvipusis, putplastis, viskoelastinis ir Xfoam, H3, Comforteo"},"content":{"rendered":"<p>\u201eHarmony 100\u00d7200\u201c \u010diu\u017einys \u2013 sprendimas net ir i\u0161rankiausiems miegantiems. Jis sukurtas tiems, kurie i\u0161 miego tikisi ne tik komforto \u2013 jie nori visi\u0161ko atsigavimo, ergonomikos ir prabangos poj\u016b\u010dio. 100 cm plotis puikiai tinka vienam asmeniui, nes suteikia erdv\u0117s, kurios standartiniai dyd\u017eiai nesuteikia.<\/p>","protected":false},"excerpt":{"rendered":"<p>Plotis: 100 cm<br \/>\nIlgis: 200 cm<br \/>\nAuk\u0161tis: 29 cm<br \/>\nMiegamasis plotas: 100 \u00d7 200 cm<br \/>\n\u010ciu\u017einio tipas: Putplastis<\/p>","protected":false},"featured_media":219855,"comment_status":"open","ping_status":"open","template":"","meta":[],"product_brand":[],"product_cat":[7906,1099],"product_tag":[],"class_list":{"0":"post-219854","1":"product","2":"type-product","3":"status-publish","4":"has-post-thumbnail","6":"product_cat-comforteo","7":"product_cat-mattresses","9":"first","10":"instock","11":"purchasable","12":"product-type-simple"},"_links":{"self":[{"href":"https:\/\/baldumarket.lt\/lt\/wp-json\/wp\/v2\/product\/219854","targetHints":{"allow":["GET"]}}],"collection":[{"href":"https:\/\/baldumarket.lt\/lt\/wp-json\/wp\/v2\/product"}],"about":[{"href":"https:\/\/baldumarket.lt\/lt\/wp-json\/wp\/v2\/types\/product"}],"replies":[{"embeddable":true,"href":"https:\/\/baldumarket.lt\/lt\/wp-json\/wp\/v2\/comments?post=219854"}],"wp:featuredmedia":[{"embeddable":true,"href":"https:\/\/baldumarket.lt\/lt\/wp-json\/wp\/v2\/media\/219855"}],"wp:attachment":[{"href":"https:\/\/baldumarket.lt\/lt\/wp-json\/wp\/v2\/media?parent=219854"}],"wp:term":[{"taxonomy":"product_brand","embeddable":true,"href":"https:\/\/baldumarket.lt\/lt\/wp-json\/wp\/v2\/product_brand?post=219854"},{"taxonomy":"product_cat","embeddable":true,"href":"https:\/\/baldumarket.lt\/lt\/wp-json\/wp\/v2\/product_cat?post=219854"},{"taxonomy":"product_tag","embeddable":true,"href":"https:\/\/baldumarket.lt\/lt\/wp-json\/wp\/v2\/product_tag?post=219854"}],"curies":[{"name":"wp","href":"https:\/\/api.w.org\/{rel}","templated":true}]}}