{"id":219838,"date":"2026-02-11T17:04:58","date_gmt":"2026-02-11T14:04:58","guid":{"rendered":"https:\/\/baldumarket.lt\/product\/materac-harmony-140x200-cm-dwustronny-piankowy-pianka-visco-i-xfoam-h3-comforteo\/"},"modified":"2026-02-11T17:04:59","modified_gmt":"2026-02-11T14:04:59","slug":"materac-harmony-140x200-cm-dwustronny-piankowy-pianka-visco-i-xfoam-h3-comforteo","status":"publish","type":"product","link":"https:\/\/baldumarket.lt\/lt\/product\/materac-harmony-140x200-cm-dwustronny-piankowy-pianka-visco-i-xfoam-h3-comforteo\/","title":{"rendered":"Harmony \u010diu\u017einys, 140&#215;200 cm, dvipusis, putplastis, viskoelastinis ir Xfoam, H3, Comforteo"},"content":{"rendered":"<p>\u201eHarmony 140\u00d7200\u201c \u010diu\u017einys skirtas tiems, kurie trok\u0161ta erdvumo ir maksimalaus miego komforto derinio. Tai idealus sprendimas tiek poroms, tiek vieni\u0161iems \u017emon\u0117ms, vertinantiems didel\u012f poilsio plot\u0105. Pagamintas i\u0161 moderni\u0173 med\u017eiag\u0173 ir kruop\u0161\u010diai apgalvotas, \u201eHarmony\u201c \u010diu\u017einys u\u017etikrina prabang\u0173 nakties mieg\u0105 savo nam\u0173 jaukumoje.<\/p>","protected":false},"excerpt":{"rendered":"<p>Plotis: 140 cm<br \/>\nIlgis: 200 cm<br \/>\nAuk\u0161tis: 29 cm<br \/>\nMiegamasis plotas: 140 \u00d7 200 cm<br \/>\n\u010ciu\u017einio tipas: Putplastis<\/p>","protected":false},"featured_media":219839,"comment_status":"open","ping_status":"open","template":"","meta":[],"product_brand":[],"product_cat":[7906,1099,1977],"product_tag":[],"class_list":{"0":"post-219838","1":"product","2":"type-product","3":"status-publish","4":"has-post-thumbnail","6":"product_cat-comforteo","7":"product_cat-mattresses","8":"product_cat-mattresses-140x200","10":"first","11":"instock","12":"purchasable","13":"product-type-simple"},"_links":{"self":[{"href":"https:\/\/baldumarket.lt\/lt\/wp-json\/wp\/v2\/product\/219838","targetHints":{"allow":["GET"]}}],"collection":[{"href":"https:\/\/baldumarket.lt\/lt\/wp-json\/wp\/v2\/product"}],"about":[{"href":"https:\/\/baldumarket.lt\/lt\/wp-json\/wp\/v2\/types\/product"}],"replies":[{"embeddable":true,"href":"https:\/\/baldumarket.lt\/lt\/wp-json\/wp\/v2\/comments?post=219838"}],"wp:featuredmedia":[{"embeddable":true,"href":"https:\/\/baldumarket.lt\/lt\/wp-json\/wp\/v2\/media\/219839"}],"wp:attachment":[{"href":"https:\/\/baldumarket.lt\/lt\/wp-json\/wp\/v2\/media?parent=219838"}],"wp:term":[{"taxonomy":"product_brand","embeddable":true,"href":"https:\/\/baldumarket.lt\/lt\/wp-json\/wp\/v2\/product_brand?post=219838"},{"taxonomy":"product_cat","embeddable":true,"href":"https:\/\/baldumarket.lt\/lt\/wp-json\/wp\/v2\/product_cat?post=219838"},{"taxonomy":"product_tag","embeddable":true,"href":"https:\/\/baldumarket.lt\/lt\/wp-json\/wp\/v2\/product_tag?post=219838"}],"curies":[{"name":"wp","href":"https:\/\/api.w.org\/{rel}","templated":true}]}}