{"id":219830,"date":"2026-02-11T17:04:56","date_gmt":"2026-02-11T14:04:56","guid":{"rendered":"https:\/\/baldumarket.lt\/product\/materac-harmony-160x200-cm-dwustronny-piankowy-pianka-visco-i-xfoam-h3-comforteo\/"},"modified":"2026-02-11T17:04:57","modified_gmt":"2026-02-11T14:04:57","slug":"materac-harmony-160x200-cm-dwustronny-piankowy-pianka-visco-i-xfoam-h3-comforteo","status":"publish","type":"product","link":"https:\/\/baldumarket.lt\/lt\/product\/materac-harmony-160x200-cm-dwustronny-piankowy-pianka-visco-i-xfoam-h3-comforteo\/","title":{"rendered":"Harmony \u010diu\u017einys, 160\u00d7200 cm, dvipusis, putplastis, viskoelastinis ir Xfoam, H3, Comforteo"},"content":{"rendered":"<p>Ie\u0161kote \u010diu\u017einio dviem \u017emon\u0117ms, kuris derint\u0173 prabang\u0105, technologijas ir komfort\u0105? \u201eHarmony 160\u00d7200\u201c \u2013 tai atsakymas \u012f i\u0161rankiausi\u0173 vartotoj\u0173 poreikius. \u0160is modelis sukurtas ramiam miegui, sveikam stuburui ir i\u0161skirtiniam komfortui \u2013 be joki\u0173 kompromis\u0173.<\/p>","protected":false},"excerpt":{"rendered":"<p>Plotis: 160 cm<br \/>\nIlgis: 200 cm<br \/>\nAuk\u0161tis: 29 cm<br \/>\nMiegamoji erdv\u0117: 160 \u00d7 200 cm<br \/>\n\u010ciu\u017einio tipas: Putplastis<\/p>","protected":false},"featured_media":219831,"comment_status":"open","ping_status":"open","template":"","meta":[],"product_brand":[],"product_cat":[7906,1099,1978],"product_tag":[],"class_list":{"0":"post-219830","1":"product","2":"type-product","3":"status-publish","4":"has-post-thumbnail","6":"product_cat-comforteo","7":"product_cat-mattresses","8":"product_cat-mattresses-160x200","10":"first","11":"instock","12":"purchasable","13":"product-type-simple"},"_links":{"self":[{"href":"https:\/\/baldumarket.lt\/lt\/wp-json\/wp\/v2\/product\/219830","targetHints":{"allow":["GET"]}}],"collection":[{"href":"https:\/\/baldumarket.lt\/lt\/wp-json\/wp\/v2\/product"}],"about":[{"href":"https:\/\/baldumarket.lt\/lt\/wp-json\/wp\/v2\/types\/product"}],"replies":[{"embeddable":true,"href":"https:\/\/baldumarket.lt\/lt\/wp-json\/wp\/v2\/comments?post=219830"}],"wp:featuredmedia":[{"embeddable":true,"href":"https:\/\/baldumarket.lt\/lt\/wp-json\/wp\/v2\/media\/219831"}],"wp:attachment":[{"href":"https:\/\/baldumarket.lt\/lt\/wp-json\/wp\/v2\/media?parent=219830"}],"wp:term":[{"taxonomy":"product_brand","embeddable":true,"href":"https:\/\/baldumarket.lt\/lt\/wp-json\/wp\/v2\/product_brand?post=219830"},{"taxonomy":"product_cat","embeddable":true,"href":"https:\/\/baldumarket.lt\/lt\/wp-json\/wp\/v2\/product_cat?post=219830"},{"taxonomy":"product_tag","embeddable":true,"href":"https:\/\/baldumarket.lt\/lt\/wp-json\/wp\/v2\/product_tag?post=219830"}],"curies":[{"name":"wp","href":"https:\/\/api.w.org\/{rel}","templated":true}]}}