{"id":219822,"date":"2026-02-11T17:04:55","date_gmt":"2026-02-11T14:04:55","guid":{"rendered":"https:\/\/baldumarket.lt\/product\/materac-harmony-180x200-cm-dwustronny-piankowy-pianka-visco-i-xfoam-h3-comforteo\/"},"modified":"2026-02-11T17:04:56","modified_gmt":"2026-02-11T14:04:56","slug":"materac-harmony-180x200-cm-dwustronny-piankowy-pianka-visco-i-xfoam-h3-comforteo","status":"publish","type":"product","link":"https:\/\/baldumarket.lt\/lt\/product\/materac-harmony-180x200-cm-dwustronny-piankowy-pianka-visco-i-xfoam-h3-comforteo\/","title":{"rendered":"Harmony \u010diu\u017einys, 180\u00d7200 cm, dvipusis, putplastis, viskoelastinis ir Xfoam, H3, Comforteo"},"content":{"rendered":"<p>Jei miegas jums ne tik padeda atgauti j\u0117gas, bet ir yra kasdienis atsipalaidavimo bei kokybi\u0161ko poilsio ritualas, \u201eHarmony 180\u00d7200\u201c \u010diu\u017einys kaip tik jums. Pla\u010diausias \u201eHarmony\u201c serijos variantas yra 180 cm plo\u010dio, tod\u0117l j\u016bs\u0173 miegamajame u\u017etikrinamas vie\u0161bu\u010dio lygio komfortas. Puikiai tinka poroms, kurios nenori atsisakyti asmenin\u0117s erdv\u0117s, taip pat \u0161eimoms, kurios rytus leid\u017eia kartu lovose.<\/p>","protected":false},"excerpt":{"rendered":"<p>Plotis: 180 cm<br \/>\nIlgis: 200 cm<br \/>\nAuk\u0161tis: 29 cm<br \/>\nMiegamoji erdv\u0117: 180 \u00d7 200 cm<br \/>\n\u010ciu\u017einio tipas: Putplastis<\/p>","protected":false},"featured_media":219823,"comment_status":"open","ping_status":"open","template":"","meta":[],"product_brand":[],"product_cat":[7906,1099,1979],"product_tag":[],"class_list":{"0":"post-219822","1":"product","2":"type-product","3":"status-publish","4":"has-post-thumbnail","6":"product_cat-comforteo","7":"product_cat-mattresses","8":"product_cat-mattresses-180x200","10":"first","11":"instock","12":"purchasable","13":"product-type-simple"},"_links":{"self":[{"href":"https:\/\/baldumarket.lt\/lt\/wp-json\/wp\/v2\/product\/219822","targetHints":{"allow":["GET"]}}],"collection":[{"href":"https:\/\/baldumarket.lt\/lt\/wp-json\/wp\/v2\/product"}],"about":[{"href":"https:\/\/baldumarket.lt\/lt\/wp-json\/wp\/v2\/types\/product"}],"replies":[{"embeddable":true,"href":"https:\/\/baldumarket.lt\/lt\/wp-json\/wp\/v2\/comments?post=219822"}],"wp:featuredmedia":[{"embeddable":true,"href":"https:\/\/baldumarket.lt\/lt\/wp-json\/wp\/v2\/media\/219823"}],"wp:attachment":[{"href":"https:\/\/baldumarket.lt\/lt\/wp-json\/wp\/v2\/media?parent=219822"}],"wp:term":[{"taxonomy":"product_brand","embeddable":true,"href":"https:\/\/baldumarket.lt\/lt\/wp-json\/wp\/v2\/product_brand?post=219822"},{"taxonomy":"product_cat","embeddable":true,"href":"https:\/\/baldumarket.lt\/lt\/wp-json\/wp\/v2\/product_cat?post=219822"},{"taxonomy":"product_tag","embeddable":true,"href":"https:\/\/baldumarket.lt\/lt\/wp-json\/wp\/v2\/product_tag?post=219822"}],"curies":[{"name":"wp","href":"https:\/\/api.w.org\/{rel}","templated":true}]}}