{"id":21981,"date":"2025-11-14T13:55:21","date_gmt":"2025-11-14T10:55:21","guid":{"rendered":"https:\/\/baldumarket.lt\/product\/materac-multipocket-acapulco-80x200-hipoalergiczny-pokrowiec\/"},"modified":"2026-03-24T18:23:37","modified_gmt":"2026-03-24T15:23:37","slug":"materac-multipocket-acapulco-80x200-hipoalergiczny-pokrowiec","status":"publish","type":"product","link":"https:\/\/baldumarket.lt\/lt\/product\/materac-multipocket-acapulco-80x200-hipoalergiczny-pokrowiec\/","title":{"rendered":"\u201eAcapulco Multipocket\u201c \u010diu\u017einio u\u017evalkalas, 80\u00d7200, hipoalerginis"},"content":{"rendered":"<p>\u201eACAPULCO\u201c \u010diu\u017einys pagamintas i\u0161 auk\u0161\u010diausios kokyb\u0117s med\u017eiag\u0173, idealiai tinkan\u010di\u0173 tiems, kurie vertina puiki\u0105 miego kokyb\u0119. D\u0117l daugiaki\u0161en\u0117s spyruokl\u0117s, kuri\u0105 viena pus\u0117 supa didelio elastingumo HR putos, o kita \u2013 latekso putos, jis yra patogus ir patvarus. Veltinio tarpin\u0117s suteikia papildom\u0105 apsaug\u0105, neleid\u017eiant putoms deformuotis. Daugiaki\u0161enis \u010diu\u017einys u\u017edengtas nuimamu u\u017evalkalu.<\/p>","protected":false},"excerpt":{"rendered":"<p>\u201eACAPULCO\u201c \u010diu\u017einys pagamintas i\u0161 auk\u0161\u010diausios kokyb\u0117s med\u017eiag\u0173, idealiai tinkan\u010di\u0173 tiems, kurie vertina puiki\u0105 miego kokyb\u0119. D\u0117l daugiaki\u0161enini\u0173 spyruokli\u0173, kurias viena pus\u0117 supa didelio elastingumo HR putos, o kita \u2013 latekso putos, jis yra patogus ir patvarus. Veltinio tarpin\u0117s suteikia papildom\u0105 apsaug\u0105, neleid\u017eiant putoms deformuotis. [\u2026]<\/p>","protected":false},"featured_media":21982,"comment_status":"open","ping_status":"open","template":"","meta":[],"product_brand":[],"product_cat":[2012,1099],"product_tag":[],"class_list":{"0":"post-21981","1":"product","2":"type-product","3":"status-publish","4":"has-post-thumbnail","6":"product_cat-eltap","7":"product_cat-mattresses","8":"pa_frame-material-undefined","9":"pa_frame-material-type-undefined","10":"pa_leg-color-undefined","11":"pa_leg-material-undefined","12":"pa_linen-box-undefined","13":"pa_main-color-white","14":"pa_price-group-basic","15":"pa_seat-depth-undefined","16":"pa_seat-width-undefined","17":"pa_sleep-function-yes","18":"pa_sleeping-area-length-498","19":"pa_sleeping-area-width-820","20":"pa_style-undefined","21":"pa_textile-microfibre","22":"pa_upholstery-material-undefined","24":"first","25":"instock","26":"purchasable","27":"product-type-simple"},"_links":{"self":[{"href":"https:\/\/baldumarket.lt\/lt\/wp-json\/wp\/v2\/product\/21981","targetHints":{"allow":["GET"]}}],"collection":[{"href":"https:\/\/baldumarket.lt\/lt\/wp-json\/wp\/v2\/product"}],"about":[{"href":"https:\/\/baldumarket.lt\/lt\/wp-json\/wp\/v2\/types\/product"}],"replies":[{"embeddable":true,"href":"https:\/\/baldumarket.lt\/lt\/wp-json\/wp\/v2\/comments?post=21981"}],"wp:featuredmedia":[{"embeddable":true,"href":"https:\/\/baldumarket.lt\/lt\/wp-json\/wp\/v2\/media\/21982"}],"wp:attachment":[{"href":"https:\/\/baldumarket.lt\/lt\/wp-json\/wp\/v2\/media?parent=21981"}],"wp:term":[{"taxonomy":"product_brand","embeddable":true,"href":"https:\/\/baldumarket.lt\/lt\/wp-json\/wp\/v2\/product_brand?post=21981"},{"taxonomy":"product_cat","embeddable":true,"href":"https:\/\/baldumarket.lt\/lt\/wp-json\/wp\/v2\/product_cat?post=21981"},{"taxonomy":"product_tag","embeddable":true,"href":"https:\/\/baldumarket.lt\/lt\/wp-json\/wp\/v2\/product_tag?post=21981"}],"curies":[{"name":"wp","href":"https:\/\/api.w.org\/{rel}","templated":true}]}}