{"id":219806,"date":"2026-02-11T17:04:53","date_gmt":"2026-02-11T14:04:53","guid":{"rendered":"https:\/\/baldumarket.lt\/product\/materac-harmony-80x200-cm-dwustronny-piankowy-pianka-visco-i-xfoam-h3-comforteo\/"},"modified":"2026-02-11T17:04:54","modified_gmt":"2026-02-11T14:04:54","slug":"materac-harmony-80x200-cm-dwustronny-piankowy-pianka-visco-i-xfoam-h3-comforteo","status":"publish","type":"product","link":"https:\/\/baldumarket.lt\/lt\/product\/materac-harmony-80x200-cm-dwustronny-piankowy-pianka-visco-i-xfoam-h3-comforteo\/","title":{"rendered":"Harmony \u010diu\u017einys, 80\u00d7200 cm, dvipusis, putplastis, viskoelastinis ir Xfoam, H3, Comforteo"},"content":{"rendered":"<p>\u201eHarmony 80\u00d7200\u201c \u010diu\u017einys \u2013 puikus pasirinkimas tiems, kurie i\u0161 miego tikisi ne tik komforto, bet ir sveikos stuburo atramos. Jo pavadinimas neatsitiktinis \u2013 jis atspindi puikiai subalansuot\u0105 konstrukcij\u0105, kurioje derinamas glausties komfortas ir tvirta, ortopedin\u0117 atrama.<\/p>","protected":false},"excerpt":{"rendered":"<p>Plotis: 80 cm<br \/>\nIlgis: 200 cm<br \/>\nAuk\u0161tis: 29 cm<br \/>\nMiegamoji erdv\u0117: 80 \u00d7 200 cm<br \/>\n\u010ciu\u017einio tipas: Putplastis<\/p>","protected":false},"featured_media":219807,"comment_status":"open","ping_status":"open","template":"","meta":[],"product_brand":[],"product_cat":[7906,1099],"product_tag":[],"class_list":{"0":"post-219806","1":"product","2":"type-product","3":"status-publish","4":"has-post-thumbnail","6":"product_cat-comforteo","7":"product_cat-mattresses","9":"first","10":"instock","11":"purchasable","12":"product-type-simple"},"_links":{"self":[{"href":"https:\/\/baldumarket.lt\/lt\/wp-json\/wp\/v2\/product\/219806","targetHints":{"allow":["GET"]}}],"collection":[{"href":"https:\/\/baldumarket.lt\/lt\/wp-json\/wp\/v2\/product"}],"about":[{"href":"https:\/\/baldumarket.lt\/lt\/wp-json\/wp\/v2\/types\/product"}],"replies":[{"embeddable":true,"href":"https:\/\/baldumarket.lt\/lt\/wp-json\/wp\/v2\/comments?post=219806"}],"wp:featuredmedia":[{"embeddable":true,"href":"https:\/\/baldumarket.lt\/lt\/wp-json\/wp\/v2\/media\/219807"}],"wp:attachment":[{"href":"https:\/\/baldumarket.lt\/lt\/wp-json\/wp\/v2\/media?parent=219806"}],"wp:term":[{"taxonomy":"product_brand","embeddable":true,"href":"https:\/\/baldumarket.lt\/lt\/wp-json\/wp\/v2\/product_brand?post=219806"},{"taxonomy":"product_cat","embeddable":true,"href":"https:\/\/baldumarket.lt\/lt\/wp-json\/wp\/v2\/product_cat?post=219806"},{"taxonomy":"product_tag","embeddable":true,"href":"https:\/\/baldumarket.lt\/lt\/wp-json\/wp\/v2\/product_tag?post=219806"}],"curies":[{"name":"wp","href":"https:\/\/api.w.org\/{rel}","templated":true}]}}