{"id":219790,"date":"2026-02-11T17:04:50","date_gmt":"2026-02-11T14:04:50","guid":{"rendered":"https:\/\/baldumarket.lt\/product\/materac-imperial-100x200-cm-dwustronny-multipocket-sprezyny-pianka-visco-i-xfoam-h3-h4-comforteo\/"},"modified":"2026-02-11T17:04:51","modified_gmt":"2026-02-11T14:04:51","slug":"materac-imperial-100x200-cm-dwustronny-multipocket-sprezyny-pianka-visco-i-xfoam-h3-h4-comforteo","status":"publish","type":"product","link":"https:\/\/baldumarket.lt\/lt\/product\/materac-imperial-100x200-cm-dwustronny-multipocket-sprezyny-pianka-visco-i-xfoam-h3-h4-comforteo\/","title":{"rendered":"Imperatori\u0161kas \u010diu\u017einys, 100\u00d7200 cm, dvipusis, su daugiaki\u0161en\u0117mis spyruokl\u0117mis, viskoelastinis ir \u201eXfoam\u201c, H3\/H4, \u201eComforteo\u201c"},"content":{"rendered":"<p>100 \u00d7 200 cm dyd\u017eio \u201eImperial\u201c \u010diu\u017einys \u2013 puikus sprendimas i\u0161rankiems vartotojams, ie\u0161kantiems prabangaus, auk\u0161\u010diausios kokyb\u0117s \u010diu\u017einio su ortopedin\u0117mis savyb\u0117mis. D\u0117l didesnio plo\u010dio, palyginti su klasikiniu vieno asmens modeliu, jis suteikia didesn\u0119 jud\u0117jimo laisv\u0119, o pa\u017eangus dizainas garantuoja gil\u0173, patog\u0173 mieg\u0105 ir kasdien\u0119 regeneracij\u0105. Tai puikus pasirinkimas tiems, kurie atsisako daryti kompromisus d\u0117l kokybi\u0161ko poilsio ir ie\u0161ko produkto, kuris daugel\u012f met\u0173 palaikys j\u0173 sveikat\u0105.<\/p>","protected":false},"excerpt":{"rendered":"<p>Plotis: 100 cm<br \/>\nIlgis: 200 cm<br \/>\nAuk\u0161tis: 27 cm<br \/>\nMiegamasis plotas: 100 \u00d7 200 cm<br \/>\n\u010ciu\u017einio tipas: Daugiaki\u0161enis su viskoelastine viskoelastine puta<\/p>","protected":false},"featured_media":219791,"comment_status":"open","ping_status":"open","template":"","meta":[],"product_brand":[],"product_cat":[7906,1099],"product_tag":[],"class_list":{"0":"post-219790","1":"product","2":"type-product","3":"status-publish","4":"has-post-thumbnail","6":"product_cat-comforteo","7":"product_cat-mattresses","9":"first","10":"instock","11":"purchasable","12":"product-type-simple"},"_links":{"self":[{"href":"https:\/\/baldumarket.lt\/lt\/wp-json\/wp\/v2\/product\/219790","targetHints":{"allow":["GET"]}}],"collection":[{"href":"https:\/\/baldumarket.lt\/lt\/wp-json\/wp\/v2\/product"}],"about":[{"href":"https:\/\/baldumarket.lt\/lt\/wp-json\/wp\/v2\/types\/product"}],"replies":[{"embeddable":true,"href":"https:\/\/baldumarket.lt\/lt\/wp-json\/wp\/v2\/comments?post=219790"}],"wp:featuredmedia":[{"embeddable":true,"href":"https:\/\/baldumarket.lt\/lt\/wp-json\/wp\/v2\/media\/219791"}],"wp:attachment":[{"href":"https:\/\/baldumarket.lt\/lt\/wp-json\/wp\/v2\/media?parent=219790"}],"wp:term":[{"taxonomy":"product_brand","embeddable":true,"href":"https:\/\/baldumarket.lt\/lt\/wp-json\/wp\/v2\/product_brand?post=219790"},{"taxonomy":"product_cat","embeddable":true,"href":"https:\/\/baldumarket.lt\/lt\/wp-json\/wp\/v2\/product_cat?post=219790"},{"taxonomy":"product_tag","embeddable":true,"href":"https:\/\/baldumarket.lt\/lt\/wp-json\/wp\/v2\/product_tag?post=219790"}],"curies":[{"name":"wp","href":"https:\/\/api.w.org\/{rel}","templated":true}]}}