{"id":21979,"date":"2025-11-14T13:55:07","date_gmt":"2025-11-14T10:55:07","guid":{"rendered":"https:\/\/baldumarket.lt\/product\/materac-lateksowy-moska-200x200-aloevera\/"},"modified":"2026-03-24T18:23:37","modified_gmt":"2026-03-24T15:23:37","slug":"materac-lateksowy-moska-200x200-aloevera","status":"publish","type":"product","link":"https:\/\/baldumarket.lt\/lt\/product\/materac-lateksowy-moska-200x200-aloevera\/","title":{"rendered":"Moska 200\u00d7200 Aloevera latekso \u010diu\u017einys"},"content":{"rendered":"<p>Da\u017enai nesusim\u0105stome, koks svarbus yra sveikas stuburas. Tirpimas, koj\u0173 ir rank\u0173 skausmas bei galvos skausmai \u2013 tai tik keletas negalavim\u0173, kuriuos sukelia stuburo problemos. J\u0173 galima i\u0161vengti mank\u0161tinantis arba pasirinkus tinkam\u0105 \u010diu\u017ein\u012f. \u201eMoska\u201c latekso \u010diu\u017einys su alavijo u\u017evalkalu yra m\u016bs\u0173 atsakas \u012f j\u016bs\u0173 poreikius. Pagamintas i\u0161 auk\u0161\u010diausios kokyb\u0117s T2542 put\u0173 ir latekso put\u0173, tai puikus b\u016bdas pagerinti miego kokyb\u0119, visa tai su nuimamu alavijo u\u017evalkalu.<\/p>","protected":false},"excerpt":{"rendered":"<p>Da\u017enai nesusim\u0105stome, koks svarbus yra sveikas stuburas. Tirpimas, koj\u0173 ir rank\u0173 skausmas, galvos skausmai \u2013 tai tik keletas negalavim\u0173, kuriuos sukelia stuburo problemos. J\u0173 galima i\u0161vengti mank\u0161tinantis arba pasirinkus tinkam\u0105 \u010diu\u017ein\u012f. \u201eMoska\u201c latekso \u010diu\u017einys su alavijo u\u017evalkalu yra m\u016bs\u0173 atsakas \u012f j\u016bs\u0173 poreikius. [\u2026]<\/p>","protected":false},"featured_media":21956,"comment_status":"open","ping_status":"open","template":"","meta":[],"product_brand":[],"product_cat":[2012,1099,9144],"product_tag":[],"class_list":{"0":"post-21979","1":"product","2":"type-product","3":"status-publish","4":"has-post-thumbnail","6":"product_cat-eltap","7":"product_cat-mattresses","8":"product_cat-mattresses-200x200","9":"pa_frame-material-undefined","10":"pa_frame-material-type-undefined","11":"pa_leg-color-undefined","12":"pa_leg-material-undefined","13":"pa_linen-box-undefined","14":"pa_main-color-white","15":"pa_price-group-basic","16":"pa_seat-depth-undefined","17":"pa_seat-width-undefined","18":"pa_sleep-function-yes","19":"pa_sleeping-area-length-498","20":"pa_sleeping-area-width-747","21":"pa_style-undefined","22":"pa_textile-aloevera","23":"pa_upholstery-material-polyester","25":"first","26":"instock","27":"purchasable","28":"product-type-simple"},"_links":{"self":[{"href":"https:\/\/baldumarket.lt\/lt\/wp-json\/wp\/v2\/product\/21979","targetHints":{"allow":["GET"]}}],"collection":[{"href":"https:\/\/baldumarket.lt\/lt\/wp-json\/wp\/v2\/product"}],"about":[{"href":"https:\/\/baldumarket.lt\/lt\/wp-json\/wp\/v2\/types\/product"}],"replies":[{"embeddable":true,"href":"https:\/\/baldumarket.lt\/lt\/wp-json\/wp\/v2\/comments?post=21979"}],"wp:featuredmedia":[{"embeddable":true,"href":"https:\/\/baldumarket.lt\/lt\/wp-json\/wp\/v2\/media\/21956"}],"wp:attachment":[{"href":"https:\/\/baldumarket.lt\/lt\/wp-json\/wp\/v2\/media?parent=21979"}],"wp:term":[{"taxonomy":"product_brand","embeddable":true,"href":"https:\/\/baldumarket.lt\/lt\/wp-json\/wp\/v2\/product_brand?post=21979"},{"taxonomy":"product_cat","embeddable":true,"href":"https:\/\/baldumarket.lt\/lt\/wp-json\/wp\/v2\/product_cat?post=21979"},{"taxonomy":"product_tag","embeddable":true,"href":"https:\/\/baldumarket.lt\/lt\/wp-json\/wp\/v2\/product_tag?post=21979"}],"curies":[{"name":"wp","href":"https:\/\/api.w.org\/{rel}","templated":true}]}}