{"id":219774,"date":"2026-02-11T17:04:45","date_gmt":"2026-02-11T14:04:45","guid":{"rendered":"https:\/\/baldumarket.lt\/product\/materac-imperial-140x200-cm-dwustronny-multipocket-sprezyny-pianka-visco-i-xfoam-h3-h4-comforteo\/"},"modified":"2026-02-11T17:04:47","modified_gmt":"2026-02-11T14:04:47","slug":"materac-imperial-140x200-cm-dwustronny-multipocket-sprezyny-pianka-visco-i-xfoam-h3-h4-comforteo","status":"publish","type":"product","link":"https:\/\/baldumarket.lt\/lt\/product\/materac-imperial-140x200-cm-dwustronny-multipocket-sprezyny-pianka-visco-i-xfoam-h3-h4-comforteo\/","title":{"rendered":"Imperatori\u0161kas \u010diu\u017einys, 140\u00d7200 cm, dvipusis, su daugiaki\u0161en\u0117mis spyruokl\u0117mis, viskoelastinis ir \u201eXfoam\u201c, H3\/H4, \u201eComforteo\u201c"},"content":{"rendered":"<p>140\u00d7200 cm dyd\u017eio \u201eImperial\u201c \u010diu\u017einys \u2013 tai tobulas erdv\u0117s, komforto ir auk\u0161\u010diausios gamybos kokyb\u0117s derinys. \u0160is modelis patenkins net ir reikliausi\u0173 vartotoj\u0173 l\u016bkes\u010dius. Jo dydis u\u017etikrina komfort\u0105 tiek vienam asmeniui, vertinan\u010diam didel\u0119 miegojimo erdv\u0119, tiek porai. Sukurtas sveikam, atkurian\u010diam miegui, 140\u00d7200 cm dyd\u017eio \u201eImperial\u201c \u010diu\u017einys, kuriame naudojamos modernios technologijos, u\u017etikrina, kad kiekviena naktis b\u016bt\u0173 tikro poilsio \u0161altinis k\u016bnui ir protui.<\/p>","protected":false},"excerpt":{"rendered":"<p>Plotis: 140 cm<br \/>\nIlgis: 200 cm<br \/>\nAuk\u0161tis: 27 cm<br \/>\nMiegamasis plotas: 140 \u00d7 200 cm<br \/>\n\u010ciu\u017einio tipas: Daugiaki\u0161enis su viskoelastine viskoelastine puta<\/p>","protected":false},"featured_media":219775,"comment_status":"open","ping_status":"open","template":"","meta":[],"product_brand":[],"product_cat":[7906,1099,1977],"product_tag":[],"class_list":{"0":"post-219774","1":"product","2":"type-product","3":"status-publish","4":"has-post-thumbnail","6":"product_cat-comforteo","7":"product_cat-mattresses","8":"product_cat-mattresses-140x200","10":"first","11":"instock","12":"purchasable","13":"product-type-simple"},"_links":{"self":[{"href":"https:\/\/baldumarket.lt\/lt\/wp-json\/wp\/v2\/product\/219774","targetHints":{"allow":["GET"]}}],"collection":[{"href":"https:\/\/baldumarket.lt\/lt\/wp-json\/wp\/v2\/product"}],"about":[{"href":"https:\/\/baldumarket.lt\/lt\/wp-json\/wp\/v2\/types\/product"}],"replies":[{"embeddable":true,"href":"https:\/\/baldumarket.lt\/lt\/wp-json\/wp\/v2\/comments?post=219774"}],"wp:featuredmedia":[{"embeddable":true,"href":"https:\/\/baldumarket.lt\/lt\/wp-json\/wp\/v2\/media\/219775"}],"wp:attachment":[{"href":"https:\/\/baldumarket.lt\/lt\/wp-json\/wp\/v2\/media?parent=219774"}],"wp:term":[{"taxonomy":"product_brand","embeddable":true,"href":"https:\/\/baldumarket.lt\/lt\/wp-json\/wp\/v2\/product_brand?post=219774"},{"taxonomy":"product_cat","embeddable":true,"href":"https:\/\/baldumarket.lt\/lt\/wp-json\/wp\/v2\/product_cat?post=219774"},{"taxonomy":"product_tag","embeddable":true,"href":"https:\/\/baldumarket.lt\/lt\/wp-json\/wp\/v2\/product_tag?post=219774"}],"curies":[{"name":"wp","href":"https:\/\/api.w.org\/{rel}","templated":true}]}}