{"id":219758,"date":"2026-02-11T17:04:47","date_gmt":"2026-02-11T14:04:47","guid":{"rendered":"https:\/\/baldumarket.lt\/product\/materac-imperial-180x200-cm-dwustronny-multipocket-sprezyny-pianka-visco-i-xfoam-h3-h4-comforteo\/"},"modified":"2026-02-11T17:04:48","modified_gmt":"2026-02-11T14:04:48","slug":"materac-imperial-180x200-cm-dwustronny-multipocket-sprezyny-pianka-visco-i-xfoam-h3-h4-comforteo","status":"publish","type":"product","link":"https:\/\/baldumarket.lt\/lt\/product\/materac-imperial-180x200-cm-dwustronny-multipocket-sprezyny-pianka-visco-i-xfoam-h3-h4-comforteo\/","title":{"rendered":"Imperatori\u0161kas \u010diu\u017einys, 180\u00d7200 cm, dvipusis, su daugiaki\u0161en\u0117mis spyruokl\u0117mis, viskoelastinis ir \u201eXfoam\u201c, H3\/H4, \u201eComforteo\u201c"},"content":{"rendered":"<p>\u201eImperial\u201c 180 \u00d7 200 cm \u010diu\u017einys \u2013 tai prabangaus atsipalaidavimo dvigubame dydyje \u012fsik\u016bnijimas. \u0160is presti\u017einis auk\u0161\u010diausios kokyb\u0117s modelis buvo sukurtas poroms, kurios vertina maksimali\u0105 erdv\u0119, komfort\u0105 ir sveik\u0105 mieg\u0105. D\u0117l \u012fsp\u016bdingo dyd\u017eio ir pa\u017eangios konstrukcijos \u010diu\u017einys idealiai tinka dideliems miegamiesiems, u\u017etikrinant jud\u0117jimo nepriklausomyb\u0119 ir puiki\u0105 atram\u0105 dviem \u017emon\u0117ms.<\/p>","protected":false},"excerpt":{"rendered":"<p>Plotis: 180 cm<br \/>\nIlgis: 200 cm<br \/>\nAuk\u0161tis: 27 cm<br \/>\nMiegamoji erdv\u0117: 180 \u00d7 200 cm<br \/>\n\u010ciu\u017einio tipas: Daugiaki\u0161enis su viskoelastine viskoelastine puta<\/p>","protected":false},"featured_media":219759,"comment_status":"open","ping_status":"open","template":"","meta":[],"product_brand":[],"product_cat":[7906,1099,1979],"product_tag":[],"class_list":{"0":"post-219758","1":"product","2":"type-product","3":"status-publish","4":"has-post-thumbnail","6":"product_cat-comforteo","7":"product_cat-mattresses","8":"product_cat-mattresses-180x200","10":"first","11":"instock","12":"purchasable","13":"product-type-simple"},"_links":{"self":[{"href":"https:\/\/baldumarket.lt\/lt\/wp-json\/wp\/v2\/product\/219758","targetHints":{"allow":["GET"]}}],"collection":[{"href":"https:\/\/baldumarket.lt\/lt\/wp-json\/wp\/v2\/product"}],"about":[{"href":"https:\/\/baldumarket.lt\/lt\/wp-json\/wp\/v2\/types\/product"}],"replies":[{"embeddable":true,"href":"https:\/\/baldumarket.lt\/lt\/wp-json\/wp\/v2\/comments?post=219758"}],"wp:featuredmedia":[{"embeddable":true,"href":"https:\/\/baldumarket.lt\/lt\/wp-json\/wp\/v2\/media\/219759"}],"wp:attachment":[{"href":"https:\/\/baldumarket.lt\/lt\/wp-json\/wp\/v2\/media?parent=219758"}],"wp:term":[{"taxonomy":"product_brand","embeddable":true,"href":"https:\/\/baldumarket.lt\/lt\/wp-json\/wp\/v2\/product_brand?post=219758"},{"taxonomy":"product_cat","embeddable":true,"href":"https:\/\/baldumarket.lt\/lt\/wp-json\/wp\/v2\/product_cat?post=219758"},{"taxonomy":"product_tag","embeddable":true,"href":"https:\/\/baldumarket.lt\/lt\/wp-json\/wp\/v2\/product_tag?post=219758"}],"curies":[{"name":"wp","href":"https:\/\/api.w.org\/{rel}","templated":true}]}}