{"id":219750,"date":"2026-02-11T17:04:41","date_gmt":"2026-02-11T14:04:41","guid":{"rendered":"https:\/\/baldumarket.lt\/product\/materac-imperial-200x200-cm-dwustronny-multipocket-sprezyny-pianka-visco-i-xfoam-h3-h4-comforteo\/"},"modified":"2026-02-11T17:04:42","modified_gmt":"2026-02-11T14:04:42","slug":"materac-imperial-200x200-cm-dwustronny-multipocket-sprezyny-pianka-visco-i-xfoam-h3-h4-comforteo","status":"publish","type":"product","link":"https:\/\/baldumarket.lt\/lt\/product\/materac-imperial-200x200-cm-dwustronny-multipocket-sprezyny-pianka-visco-i-xfoam-h3-h4-comforteo\/","title":{"rendered":"Imperatori\u0161kas \u010diu\u017einys, 200\u00d7200 cm, dvipusis, su daugiaki\u0161en\u0117mis spyruokl\u0117mis, viskoelastinis ir \u201eXfoam\u201c, H3\/H4, Comforteo"},"content":{"rendered":"<p>\u201eImperial\u201c 200 \u00d7 200 cm \u010diu\u017einys \u2013 tai auk\u0161\u010diausios kokyb\u0117s poilsio ir komforto standartas XXL dyd\u017eio. \u0160is prabangus auk\u0161\u010diausios kokyb\u0117s \u010diu\u017einys sukurtas poroms, kurios tikisi maksimalios erdv\u0117s, jud\u0117jimo laisv\u0117s ir tobulos atramos visam k\u016bnui. Tai puikus pasirinkimas didel\u0117ms dvigul\u0117ms lovoms, erdviems miegamiesiems ir tiems, kuriems svarbiausia miego kokyb\u0117 ir sveikata.<\/p>","protected":false},"excerpt":{"rendered":"<p>Plotis: 200 cm<br \/>\nIlgis: 200 cm<br \/>\nAuk\u0161tis: 27 cm<br \/>\nMiegamasis plotas: 200 \u00d7 200 cm<br \/>\n\u010ciu\u017einio tipas: Daugiaki\u0161enis su viskoelastine viskoelastine puta<\/p>","protected":false},"featured_media":219751,"comment_status":"open","ping_status":"open","template":"","meta":[],"product_brand":[],"product_cat":[7906,1099,9144],"product_tag":[],"class_list":{"0":"post-219750","1":"product","2":"type-product","3":"status-publish","4":"has-post-thumbnail","6":"product_cat-comforteo","7":"product_cat-mattresses","8":"product_cat-mattresses-200x200","10":"first","11":"instock","12":"purchasable","13":"product-type-simple"},"_links":{"self":[{"href":"https:\/\/baldumarket.lt\/lt\/wp-json\/wp\/v2\/product\/219750","targetHints":{"allow":["GET"]}}],"collection":[{"href":"https:\/\/baldumarket.lt\/lt\/wp-json\/wp\/v2\/product"}],"about":[{"href":"https:\/\/baldumarket.lt\/lt\/wp-json\/wp\/v2\/types\/product"}],"replies":[{"embeddable":true,"href":"https:\/\/baldumarket.lt\/lt\/wp-json\/wp\/v2\/comments?post=219750"}],"wp:featuredmedia":[{"embeddable":true,"href":"https:\/\/baldumarket.lt\/lt\/wp-json\/wp\/v2\/media\/219751"}],"wp:attachment":[{"href":"https:\/\/baldumarket.lt\/lt\/wp-json\/wp\/v2\/media?parent=219750"}],"wp:term":[{"taxonomy":"product_brand","embeddable":true,"href":"https:\/\/baldumarket.lt\/lt\/wp-json\/wp\/v2\/product_brand?post=219750"},{"taxonomy":"product_cat","embeddable":true,"href":"https:\/\/baldumarket.lt\/lt\/wp-json\/wp\/v2\/product_cat?post=219750"},{"taxonomy":"product_tag","embeddable":true,"href":"https:\/\/baldumarket.lt\/lt\/wp-json\/wp\/v2\/product_tag?post=219750"}],"curies":[{"name":"wp","href":"https:\/\/api.w.org\/{rel}","templated":true}]}}