{"id":219718,"date":"2026-02-11T17:04:05","date_gmt":"2026-02-11T14:04:05","guid":{"rendered":"https:\/\/baldumarket.lt\/product\/materac-majestic-120x200-cm-dwustronny-piankowy-lateks-pianka-tiger-i-super-soft-h3-comforteo\/"},"modified":"2026-02-11T17:04:06","modified_gmt":"2026-02-11T14:04:06","slug":"materac-majestic-120x200-cm-dwustronny-piankowy-lateks-pianka-tiger-i-super-soft-h3-comforteo","status":"publish","type":"product","link":"https:\/\/baldumarket.lt\/lt\/product\/materac-majestic-120x200-cm-dwustronny-piankowy-lateks-pianka-tiger-i-super-soft-h3-comforteo\/","title":{"rendered":"\u010ciu\u017einys \u201eMajestic\u201c, 120 x 200 cm, dvipusis, put\u0173 poliuretanas, lateksas, \u201eTiger\u201c ir \u201eSuper Soft\u201c put\u0173 poliuretanas, H3, \u201eComforteo\u201c"},"content":{"rendered":"<p>\u201eMajestic\u201c 120 \u00d7 200 cm hibridinis \u010diu\u017einys \u2013 tai komforto, technologin\u0117s pa\u017eangos ir d\u0117mesio sveikam miegui esm\u0117. Sukurtas galvojant apie reikliausius vartotojus, jis si\u016blo funkcijas, kurios anks\u010diau buvo siejamos tik su auk\u0161\u010diausios klas\u0117s \u010diu\u017einiais. \u0160is modelis yra daugiau nei miegojimo pavir\u0161ius \u2013 tai asmenin\u0117 regeneracijos, atsipalaidavimo ir ortopedin\u0117s atramos zona. D\u0117l savo dizaino jis puikiai tinka tiek suaugusi\u0173j\u0173, tiek paaugli\u0173, tiek senjor\u0173 miegamiesiems, garantuodamas neprilygstam\u0105 komfort\u0105, nepriklausomai nuo miegojimo pad\u0117ties ar k\u016bno svorio.<\/p>","protected":false},"excerpt":{"rendered":"<p>Plotis: 120 cm<br \/>\nIlgis: 200 cm<br \/>\nAuk\u0161tis: 28 cm<br \/>\nMiegamasis plotas: 120 \u00d7 200 cm<br \/>\n\u010ciu\u017einio tipas: putplastis su lateksu, itin mink\u0161tas putplastis ir tigro putplastis<\/p>","protected":false},"featured_media":219719,"comment_status":"open","ping_status":"open","template":"","meta":[],"product_brand":[],"product_cat":[7906,1099,1976],"product_tag":[],"class_list":{"0":"post-219718","1":"product","2":"type-product","3":"status-publish","4":"has-post-thumbnail","6":"product_cat-comforteo","7":"product_cat-mattresses","8":"product_cat-mattresses-120x200","10":"first","11":"instock","12":"purchasable","13":"product-type-simple"},"_links":{"self":[{"href":"https:\/\/baldumarket.lt\/lt\/wp-json\/wp\/v2\/product\/219718","targetHints":{"allow":["GET"]}}],"collection":[{"href":"https:\/\/baldumarket.lt\/lt\/wp-json\/wp\/v2\/product"}],"about":[{"href":"https:\/\/baldumarket.lt\/lt\/wp-json\/wp\/v2\/types\/product"}],"replies":[{"embeddable":true,"href":"https:\/\/baldumarket.lt\/lt\/wp-json\/wp\/v2\/comments?post=219718"}],"wp:featuredmedia":[{"embeddable":true,"href":"https:\/\/baldumarket.lt\/lt\/wp-json\/wp\/v2\/media\/219719"}],"wp:attachment":[{"href":"https:\/\/baldumarket.lt\/lt\/wp-json\/wp\/v2\/media?parent=219718"}],"wp:term":[{"taxonomy":"product_brand","embeddable":true,"href":"https:\/\/baldumarket.lt\/lt\/wp-json\/wp\/v2\/product_brand?post=219718"},{"taxonomy":"product_cat","embeddable":true,"href":"https:\/\/baldumarket.lt\/lt\/wp-json\/wp\/v2\/product_cat?post=219718"},{"taxonomy":"product_tag","embeddable":true,"href":"https:\/\/baldumarket.lt\/lt\/wp-json\/wp\/v2\/product_tag?post=219718"}],"curies":[{"name":"wp","href":"https:\/\/api.w.org\/{rel}","templated":true}]}}