{"id":219710,"date":"2026-02-11T17:04:03","date_gmt":"2026-02-11T14:04:03","guid":{"rendered":"https:\/\/baldumarket.lt\/product\/materac-majestic-140x200-cm-dwustronny-piankowy-lateks-pianka-tiger-i-super-soft-h3-comforteo\/"},"modified":"2026-02-11T17:04:05","modified_gmt":"2026-02-11T14:04:05","slug":"materac-majestic-140x200-cm-dwustronny-piankowy-lateks-pianka-tiger-i-super-soft-h3-comforteo","status":"publish","type":"product","link":"https:\/\/baldumarket.lt\/lt\/product\/materac-majestic-140x200-cm-dwustronny-piankowy-lateks-pianka-tiger-i-super-soft-h3-comforteo\/","title":{"rendered":"\u010ciu\u017einys \u201eMajestic\u201c, 140\u00d7200 cm, dvipusis, put\u0173 poliuretanas, lateksas, \u201eTiger\u201c ir \u201eSuper Soft\u201c put\u0173 poliuretanas, H3, \u201eComforteo\u201c"},"content":{"rendered":"<p>\u201eMajestic 140\u00d7200 cm\u201c hibridinis \u010diu\u017einys \u2013 puikus pasirinkimas tiems, kurie vertina erdv\u0119, komfort\u0105 ir pa\u017eangius sprendimus, kurie padeda palaikyti sveik\u0105 mieg\u0105. Sukurtas galvojant apie maksimal\u0173 komfort\u0105, jis sujungia pa\u017eangiausias technologijas, auk\u0161tos kokyb\u0117s med\u017eiagas ir meistri\u0161kum\u0105, kad sukurt\u0173 auk\u0161\u010diausios kokyb\u0117s \u010diu\u017ein\u012f. Tai idealus pasirinkimas tiek vienam asmeniui, kuriam reikia daugiau erdv\u0117s, tiek porai, kuri vertina ergonomik\u0105 ir jud\u0117jimo laisv\u0119 miego metu. D\u0117l hibridin\u0117s konstrukcijos \u201eMajestic 140\u00d7200 cm\u201c modelis u\u017etikrina puik\u0173 prigludim\u0105, i\u0161skirtin\u012f ta\u0161k\u0173 elastingum\u0105 ir efektyvi\u0105 ortopedin\u0119 atram\u0105. Kiekviena naktis, praleista ant \u0161io \u010diu\u017einio, yra patirtis, verta geriausio vie\u0161bu\u010dio \u2013 j\u016bs\u0173 nam\u0173 jaukumoje.<\/p>","protected":false},"excerpt":{"rendered":"<p>Plotis: 140 cm<br \/>\nIlgis: 200 cm<br \/>\nAuk\u0161tis: 28 cm<br \/>\nMiegamasis plotas: 140 \u00d7 200 cm<br \/>\n\u010ciu\u017einio tipas: putplastis su lateksu, itin mink\u0161tas putplastis ir tigro putplastis<\/p>","protected":false},"featured_media":219711,"comment_status":"open","ping_status":"open","template":"","meta":[],"product_brand":[],"product_cat":[7906,1099,1977],"product_tag":[],"class_list":{"0":"post-219710","1":"product","2":"type-product","3":"status-publish","4":"has-post-thumbnail","6":"product_cat-comforteo","7":"product_cat-mattresses","8":"product_cat-mattresses-140x200","10":"first","11":"instock","12":"purchasable","13":"product-type-simple"},"_links":{"self":[{"href":"https:\/\/baldumarket.lt\/lt\/wp-json\/wp\/v2\/product\/219710","targetHints":{"allow":["GET"]}}],"collection":[{"href":"https:\/\/baldumarket.lt\/lt\/wp-json\/wp\/v2\/product"}],"about":[{"href":"https:\/\/baldumarket.lt\/lt\/wp-json\/wp\/v2\/types\/product"}],"replies":[{"embeddable":true,"href":"https:\/\/baldumarket.lt\/lt\/wp-json\/wp\/v2\/comments?post=219710"}],"wp:featuredmedia":[{"embeddable":true,"href":"https:\/\/baldumarket.lt\/lt\/wp-json\/wp\/v2\/media\/219711"}],"wp:attachment":[{"href":"https:\/\/baldumarket.lt\/lt\/wp-json\/wp\/v2\/media?parent=219710"}],"wp:term":[{"taxonomy":"product_brand","embeddable":true,"href":"https:\/\/baldumarket.lt\/lt\/wp-json\/wp\/v2\/product_brand?post=219710"},{"taxonomy":"product_cat","embeddable":true,"href":"https:\/\/baldumarket.lt\/lt\/wp-json\/wp\/v2\/product_cat?post=219710"},{"taxonomy":"product_tag","embeddable":true,"href":"https:\/\/baldumarket.lt\/lt\/wp-json\/wp\/v2\/product_tag?post=219710"}],"curies":[{"name":"wp","href":"https:\/\/api.w.org\/{rel}","templated":true}]}}