{"id":219702,"date":"2026-02-11T17:04:00","date_gmt":"2026-02-11T14:04:00","guid":{"rendered":"https:\/\/baldumarket.lt\/product\/materac-majestic-160x200-cm-dwustronny-piankowy-lateks-pianka-tiger-i-super-soft-h3-comforteo\/"},"modified":"2026-02-11T17:04:03","modified_gmt":"2026-02-11T14:04:03","slug":"materac-majestic-160x200-cm-dwustronny-piankowy-lateks-pianka-tiger-i-super-soft-h3-comforteo","status":"publish","type":"product","link":"https:\/\/baldumarket.lt\/lt\/product\/materac-majestic-160x200-cm-dwustronny-piankowy-lateks-pianka-tiger-i-super-soft-h3-comforteo\/","title":{"rendered":"\u010ciu\u017einys \u201eMajestic\u201c, 160&#215;200 cm, dvipusis, put\u0173 poliuretanas, lateksas, \u201eTiger\u201c ir \u201eSuper Soft\u201c put\u0173 poliuretanas, H3, \u201eComforteo\u201c"},"content":{"rendered":"<p>\u201eMajestic\u201c 160 \u00d7 200 cm hibridinis \u010diu\u017einys \u2013 puikus sprendimas poroms, siekian\u010dioms auk\u0161\u010diausio miego komforto lygio. Didelis pavir\u0161iaus plotas leid\u017eia laisvai jud\u0117ti, o modernus dizainas garantuoja tobul\u0105 k\u016bno prigludim\u0105 ir sveik\u0105 stuburo atram\u0105. \u0160is auk\u0161\u010diausios kokyb\u0117s \u010diu\u017einys apjungia modernias technologijas, prabangi\u0105 apdail\u0105 ir ortopedines savybes, kad u\u017etikrint\u0173 tikrai rami\u0105 nakt\u012f.<\/p>","protected":false},"excerpt":{"rendered":"<p>Plotis: 160 cm<br \/>\nIlgis: 200 cm<br \/>\nAuk\u0161tis: 28 cm<br \/>\nMiegamoji erdv\u0117: 160 \u00d7 200 cm<br \/>\n\u010ciu\u017einio tipas: putplastis su lateksu, itin mink\u0161tas putplastis ir tigro putplastis<\/p>","protected":false},"featured_media":219703,"comment_status":"open","ping_status":"open","template":"","meta":[],"product_brand":[],"product_cat":[7906,1099,1978],"product_tag":[],"class_list":{"0":"post-219702","1":"product","2":"type-product","3":"status-publish","4":"has-post-thumbnail","6":"product_cat-comforteo","7":"product_cat-mattresses","8":"product_cat-mattresses-160x200","10":"first","11":"instock","12":"purchasable","13":"product-type-simple"},"_links":{"self":[{"href":"https:\/\/baldumarket.lt\/lt\/wp-json\/wp\/v2\/product\/219702","targetHints":{"allow":["GET"]}}],"collection":[{"href":"https:\/\/baldumarket.lt\/lt\/wp-json\/wp\/v2\/product"}],"about":[{"href":"https:\/\/baldumarket.lt\/lt\/wp-json\/wp\/v2\/types\/product"}],"replies":[{"embeddable":true,"href":"https:\/\/baldumarket.lt\/lt\/wp-json\/wp\/v2\/comments?post=219702"}],"wp:featuredmedia":[{"embeddable":true,"href":"https:\/\/baldumarket.lt\/lt\/wp-json\/wp\/v2\/media\/219703"}],"wp:attachment":[{"href":"https:\/\/baldumarket.lt\/lt\/wp-json\/wp\/v2\/media?parent=219702"}],"wp:term":[{"taxonomy":"product_brand","embeddable":true,"href":"https:\/\/baldumarket.lt\/lt\/wp-json\/wp\/v2\/product_brand?post=219702"},{"taxonomy":"product_cat","embeddable":true,"href":"https:\/\/baldumarket.lt\/lt\/wp-json\/wp\/v2\/product_cat?post=219702"},{"taxonomy":"product_tag","embeddable":true,"href":"https:\/\/baldumarket.lt\/lt\/wp-json\/wp\/v2\/product_tag?post=219702"}],"curies":[{"name":"wp","href":"https:\/\/api.w.org\/{rel}","templated":true}]}}