{"id":219686,"date":"2026-02-11T17:03:58","date_gmt":"2026-02-11T14:03:58","guid":{"rendered":"https:\/\/baldumarket.lt\/product\/materac-majestic-200x200-cm-dwustronny-piankowy-lateks-pianka-tiger-i-super-soft-h3-comforteo\/"},"modified":"2026-02-11T17:03:59","modified_gmt":"2026-02-11T14:03:59","slug":"materac-majestic-200x200-cm-dwustronny-piankowy-lateks-pianka-tiger-i-super-soft-h3-comforteo","status":"publish","type":"product","link":"https:\/\/baldumarket.lt\/lt\/product\/materac-majestic-200x200-cm-dwustronny-piankowy-lateks-pianka-tiger-i-super-soft-h3-comforteo\/","title":{"rendered":"\u010ciu\u017einys \u201eMajestic\u201c, 200 x 200 cm, dvipusis, put\u0173 poliuretanas, lateksas, \u201eTiger\u201c ir \u201eSuper Soft\u201c put\u0173 poliuretanas, H3, \u201eComforteo\u201c"},"content":{"rendered":"<p>\u201eMajestic 200\u00d7200 cm\u201c \u2013 tai i\u0161skirtinis hibridinis karali\u0161ko dyd\u017eio \u010diu\u017einys, skirtas poroms, vertinan\u010dioms erdv\u0119, prabang\u0105 ir sveik\u0105 mieg\u0105. \u0160is auk\u0161\u010diausios kokyb\u0117s sprendimas apjungia modernias put\u0173 technologijas su eleganti\u0161ka apdaila ir pa\u017eangia ortopedine atrama. Didelis 200\u00d7200 cm \u010diu\u017einio pavir\u0161ius suteikia maksimali\u0105 jud\u0117jimo laisv\u0119 ir leid\u017eia patogiai ils\u0117tis dviem \u2013 nepriklausomai nuo miegojimo pad\u0117ties. \u0160is produktas skirtas tiems, kurie nenori aukoti miego kokyb\u0117s ar miegamojo estetikos.<\/p>","protected":false},"excerpt":{"rendered":"<p>Plotis: 200 cm<br \/>\nIlgis: 200 cm<br \/>\nAuk\u0161tis: 28 cm<br \/>\nMiegamasis plotas: 200 \u00d7 200 cm<br \/>\n\u010ciu\u017einio tipas: putplastis su lateksu, itin mink\u0161tas putplastis ir tigro putplastis<\/p>","protected":false},"featured_media":219687,"comment_status":"open","ping_status":"open","template":"","meta":[],"product_brand":[],"product_cat":[7906,1099,9144],"product_tag":[],"class_list":{"0":"post-219686","1":"product","2":"type-product","3":"status-publish","4":"has-post-thumbnail","6":"product_cat-comforteo","7":"product_cat-mattresses","8":"product_cat-mattresses-200x200","10":"first","11":"instock","12":"purchasable","13":"product-type-simple"},"_links":{"self":[{"href":"https:\/\/baldumarket.lt\/lt\/wp-json\/wp\/v2\/product\/219686","targetHints":{"allow":["GET"]}}],"collection":[{"href":"https:\/\/baldumarket.lt\/lt\/wp-json\/wp\/v2\/product"}],"about":[{"href":"https:\/\/baldumarket.lt\/lt\/wp-json\/wp\/v2\/types\/product"}],"replies":[{"embeddable":true,"href":"https:\/\/baldumarket.lt\/lt\/wp-json\/wp\/v2\/comments?post=219686"}],"wp:featuredmedia":[{"embeddable":true,"href":"https:\/\/baldumarket.lt\/lt\/wp-json\/wp\/v2\/media\/219687"}],"wp:attachment":[{"href":"https:\/\/baldumarket.lt\/lt\/wp-json\/wp\/v2\/media?parent=219686"}],"wp:term":[{"taxonomy":"product_brand","embeddable":true,"href":"https:\/\/baldumarket.lt\/lt\/wp-json\/wp\/v2\/product_brand?post=219686"},{"taxonomy":"product_cat","embeddable":true,"href":"https:\/\/baldumarket.lt\/lt\/wp-json\/wp\/v2\/product_cat?post=219686"},{"taxonomy":"product_tag","embeddable":true,"href":"https:\/\/baldumarket.lt\/lt\/wp-json\/wp\/v2\/product_tag?post=219686"}],"curies":[{"name":"wp","href":"https:\/\/api.w.org\/{rel}","templated":true}]}}