{"id":219678,"date":"2026-02-11T17:03:56","date_gmt":"2026-02-11T14:03:56","guid":{"rendered":"https:\/\/baldumarket.lt\/product\/materac-majestic-80x200-cm-dwustronny-piankowy-lateks-pianka-tiger-i-super-soft-h3-comforteo\/"},"modified":"2026-02-11T17:03:57","modified_gmt":"2026-02-11T14:03:57","slug":"materac-majestic-80x200-cm-dwustronny-piankowy-lateks-pianka-tiger-i-super-soft-h3-comforteo","status":"publish","type":"product","link":"https:\/\/baldumarket.lt\/lt\/product\/materac-majestic-80x200-cm-dwustronny-piankowy-lateks-pianka-tiger-i-super-soft-h3-comforteo\/","title":{"rendered":"\u010ciu\u017einys \u201eMajestic\u201c, 80\u00d7200 cm, dvipusis, put\u0173 poliuretanas, lateksas, \u201eTiger\u201c ir \u201eSuper Soft\u201c put\u0173 poliuretanas, H3, \u201eComforteo\u201c"},"content":{"rendered":"","protected":false},"excerpt":{"rendered":"<p>Plotis: 80 cm<br \/>\nIlgis: 200 cm<br \/>\nAuk\u0161tis: 28 cm<br \/>\nMiegamoji erdv\u0117: 80 \u00d7 200 cm<br \/>\n\u010ciu\u017einio tipas: putplastis su lateksu, itin mink\u0161tas putplastis ir tigro putplastis<\/p>","protected":false},"featured_media":219679,"comment_status":"open","ping_status":"open","template":"","meta":[],"product_brand":[],"product_cat":[7906,1099],"product_tag":[],"class_list":{"0":"post-219678","1":"product","2":"type-product","3":"status-publish","4":"has-post-thumbnail","6":"product_cat-comforteo","7":"product_cat-mattresses","9":"first","10":"instock","11":"purchasable","12":"product-type-simple"},"_links":{"self":[{"href":"https:\/\/baldumarket.lt\/lt\/wp-json\/wp\/v2\/product\/219678","targetHints":{"allow":["GET"]}}],"collection":[{"href":"https:\/\/baldumarket.lt\/lt\/wp-json\/wp\/v2\/product"}],"about":[{"href":"https:\/\/baldumarket.lt\/lt\/wp-json\/wp\/v2\/types\/product"}],"replies":[{"embeddable":true,"href":"https:\/\/baldumarket.lt\/lt\/wp-json\/wp\/v2\/comments?post=219678"}],"wp:featuredmedia":[{"embeddable":true,"href":"https:\/\/baldumarket.lt\/lt\/wp-json\/wp\/v2\/media\/219679"}],"wp:attachment":[{"href":"https:\/\/baldumarket.lt\/lt\/wp-json\/wp\/v2\/media?parent=219678"}],"wp:term":[{"taxonomy":"product_brand","embeddable":true,"href":"https:\/\/baldumarket.lt\/lt\/wp-json\/wp\/v2\/product_brand?post=219678"},{"taxonomy":"product_cat","embeddable":true,"href":"https:\/\/baldumarket.lt\/lt\/wp-json\/wp\/v2\/product_cat?post=219678"},{"taxonomy":"product_tag","embeddable":true,"href":"https:\/\/baldumarket.lt\/lt\/wp-json\/wp\/v2\/product_tag?post=219678"}],"curies":[{"name":"wp","href":"https:\/\/api.w.org\/{rel}","templated":true}]}}