{"id":219662,"date":"2026-02-11T17:03:54","date_gmt":"2026-02-11T14:03:54","guid":{"rendered":"https:\/\/baldumarket.lt\/product\/materac-medyczny-dark-100x200-cm-dwustronny-kieszeniowy-wysokie-sprezyny-kokos-zdejmowany-pokrowiec-h5-comforteo\/"},"modified":"2026-02-11T17:03:55","modified_gmt":"2026-02-11T14:03:55","slug":"materac-medyczny-dark-100x200-cm-dwustronny-kieszeniowy-wysokie-sprezyny-kokos-zdejmowany-pokrowiec-h5-comforteo","status":"publish","type":"product","link":"https:\/\/baldumarket.lt\/lt\/product\/materac-medyczny-dark-100x200-cm-dwustronny-kieszeniowy-wysokie-sprezyny-kokos-zdejmowany-pokrowiec-h5-comforteo\/","title":{"rendered":"Tamsus medicininis \u010diu\u017einys, 100\u00d7200 cm, dvipusis, ki\u0161enin\u0117s spyruokl\u0117s, kokoso spalvos, nuimamas u\u017evalkalas, H5, Comforteo"},"content":{"rendered":"<p>\u201eDark\u201c 100\u00d7200 cm \u010diu\u017einys skirtas tiems, kurie ie\u0161ko maksimalaus tvirtumo, naudos sveikatai ir didelio patvarumo. D\u0117l moderni\u0173 technologij\u0173 ir nat\u016brali\u0173 \u017ealiav\u0173 naudojimo tai idealus pasirinkimas vartotojams, ie\u0161kantiems stabilaus, higieni\u0161ko ir patogaus miego pavir\u0161iaus.<\/p>","protected":false},"excerpt":{"rendered":"<p>Plotis: 100 cm<br \/>\nIlgis: 200 cm<br \/>\nAuk\u0161tis: 24 cm<br \/>\nMiegamasis plotas: 100 \u00d7 200 cm<br \/>\n\u010ciu\u017einio tipas: Ki\u0161enin\u0117s spyruokl\u0117s \u2013 auk\u0161tos spyruokl\u0117s ir kokoso kilim\u0117lis<\/p>","protected":false},"featured_media":219663,"comment_status":"open","ping_status":"open","template":"","meta":[],"product_brand":[],"product_cat":[7906,1099],"product_tag":[],"class_list":{"0":"post-219662","1":"product","2":"type-product","3":"status-publish","4":"has-post-thumbnail","6":"product_cat-comforteo","7":"product_cat-mattresses","9":"first","10":"instock","11":"purchasable","12":"product-type-simple"},"_links":{"self":[{"href":"https:\/\/baldumarket.lt\/lt\/wp-json\/wp\/v2\/product\/219662","targetHints":{"allow":["GET"]}}],"collection":[{"href":"https:\/\/baldumarket.lt\/lt\/wp-json\/wp\/v2\/product"}],"about":[{"href":"https:\/\/baldumarket.lt\/lt\/wp-json\/wp\/v2\/types\/product"}],"replies":[{"embeddable":true,"href":"https:\/\/baldumarket.lt\/lt\/wp-json\/wp\/v2\/comments?post=219662"}],"wp:featuredmedia":[{"embeddable":true,"href":"https:\/\/baldumarket.lt\/lt\/wp-json\/wp\/v2\/media\/219663"}],"wp:attachment":[{"href":"https:\/\/baldumarket.lt\/lt\/wp-json\/wp\/v2\/media?parent=219662"}],"wp:term":[{"taxonomy":"product_brand","embeddable":true,"href":"https:\/\/baldumarket.lt\/lt\/wp-json\/wp\/v2\/product_brand?post=219662"},{"taxonomy":"product_cat","embeddable":true,"href":"https:\/\/baldumarket.lt\/lt\/wp-json\/wp\/v2\/product_cat?post=219662"},{"taxonomy":"product_tag","embeddable":true,"href":"https:\/\/baldumarket.lt\/lt\/wp-json\/wp\/v2\/product_tag?post=219662"}],"curies":[{"name":"wp","href":"https:\/\/api.w.org\/{rel}","templated":true}]}}