{"id":219646,"date":"2026-02-11T17:03:52","date_gmt":"2026-02-11T14:03:52","guid":{"rendered":"https:\/\/baldumarket.lt\/product\/materac-medyczny-dark-140x200-cm-dwustronny-kieszeniowy-wysokie-sprezyny-kokos-zdejmowany-pokrowiec-h5-comforteo\/"},"modified":"2026-02-11T17:03:53","modified_gmt":"2026-02-11T14:03:53","slug":"materac-medyczny-dark-140x200-cm-dwustronny-kieszeniowy-wysokie-sprezyny-kokos-zdejmowany-pokrowiec-h5-comforteo","status":"publish","type":"product","link":"https:\/\/baldumarket.lt\/lt\/product\/materac-medyczny-dark-140x200-cm-dwustronny-kieszeniowy-wysokie-sprezyny-kokos-zdejmowany-pokrowiec-h5-comforteo\/","title":{"rendered":"Medicininis \u010diu\u017einys, tamsus, 140\u00d7200 cm, dvipusis, ki\u0161enin\u0117s spyruokl\u0117s, kokoso spalvos, nuimamas u\u017evalkalas, H5, Comforteo"},"content":{"rendered":"<p>\u010ciu\u017einys \u201eDark\u201c, kurio matmenys \u2013 140 \u00d7 200 cm, \u2013 puikus pasirinkimas ie\u0161kantiems i\u0161skirtinio miego komforto, patvarumo ir nat\u016bralumo. \u0160is modelis sukurtas atsi\u017evelgiant \u012f i\u0161ranki\u0173 vartotoj\u0173, kurie tikisi stabilios k\u016bno atramos, naudos sveikatai ir puikios higienos, poreikius.<\/p>","protected":false},"excerpt":{"rendered":"<p>Plotis: 140 cm<br \/>\nIlgis: 200 cm<br \/>\nAuk\u0161tis: 24 cm<br \/>\nMiegamasis plotas: 140 \u00d7 200 cm<br \/>\n\u010ciu\u017einio tipas: Ki\u0161enin\u0117s spyruokl\u0117s \u2013 auk\u0161tos spyruokl\u0117s ir kokoso kilim\u0117lis<\/p>","protected":false},"featured_media":219647,"comment_status":"open","ping_status":"open","template":"","meta":[],"product_brand":[],"product_cat":[7906,1099,1977],"product_tag":[],"class_list":{"0":"post-219646","1":"product","2":"type-product","3":"status-publish","4":"has-post-thumbnail","6":"product_cat-comforteo","7":"product_cat-mattresses","8":"product_cat-mattresses-140x200","10":"first","11":"instock","12":"purchasable","13":"product-type-simple"},"_links":{"self":[{"href":"https:\/\/baldumarket.lt\/lt\/wp-json\/wp\/v2\/product\/219646","targetHints":{"allow":["GET"]}}],"collection":[{"href":"https:\/\/baldumarket.lt\/lt\/wp-json\/wp\/v2\/product"}],"about":[{"href":"https:\/\/baldumarket.lt\/lt\/wp-json\/wp\/v2\/types\/product"}],"replies":[{"embeddable":true,"href":"https:\/\/baldumarket.lt\/lt\/wp-json\/wp\/v2\/comments?post=219646"}],"wp:featuredmedia":[{"embeddable":true,"href":"https:\/\/baldumarket.lt\/lt\/wp-json\/wp\/v2\/media\/219647"}],"wp:attachment":[{"href":"https:\/\/baldumarket.lt\/lt\/wp-json\/wp\/v2\/media?parent=219646"}],"wp:term":[{"taxonomy":"product_brand","embeddable":true,"href":"https:\/\/baldumarket.lt\/lt\/wp-json\/wp\/v2\/product_brand?post=219646"},{"taxonomy":"product_cat","embeddable":true,"href":"https:\/\/baldumarket.lt\/lt\/wp-json\/wp\/v2\/product_cat?post=219646"},{"taxonomy":"product_tag","embeddable":true,"href":"https:\/\/baldumarket.lt\/lt\/wp-json\/wp\/v2\/product_tag?post=219646"}],"curies":[{"name":"wp","href":"https:\/\/api.w.org\/{rel}","templated":true}]}}