{"id":219638,"date":"2026-02-11T17:03:51","date_gmt":"2026-02-11T14:03:51","guid":{"rendered":"https:\/\/baldumarket.lt\/product\/materac-medyczny-dark-160x200-cm-dwustronny-kieszeniowy-wysokie-sprezyny-kokos-zdejmowany-pokrowiec-h5-comforteo\/"},"modified":"2026-02-11T17:03:52","modified_gmt":"2026-02-11T14:03:52","slug":"materac-medyczny-dark-160x200-cm-dwustronny-kieszeniowy-wysokie-sprezyny-kokos-zdejmowany-pokrowiec-h5-comforteo","status":"publish","type":"product","link":"https:\/\/baldumarket.lt\/lt\/product\/materac-medyczny-dark-160x200-cm-dwustronny-kieszeniowy-wysokie-sprezyny-kokos-zdejmowany-pokrowiec-h5-comforteo\/","title":{"rendered":"Medicininis \u010diu\u017einys, tamsus, 160\u00d7200 cm, dvipusis, ki\u0161enin\u0117s spyruokl\u0117s, kokoso spalvos, nuimamas u\u017evalkalas, H5, Comforteo"},"content":{"rendered":"<p>\u010ciu\u017einys \u201eDark\u201c 160\u00d7200 cm \u2013 puikus pasirinkimas tiems, kurie vertina i\u0161skirtin\u012f miego komfort\u0105, stabilum\u0105 ir nat\u016bralius, higieni\u0161kus sprendimus. \u0160is itin kietas modelis idealiai tinka dvivie\u010diam miegamajam, nes u\u017etikrina tvirt\u0105 stuburo atram\u0105, tinkam\u0105 oro cirkuliacij\u0105 ir apsaug\u0105 nuo alergen\u0173. Pagamintas i\u0161 auk\u0161tos kokyb\u0117s med\u017eiag\u0173, jis u\u017etikrina ilgaam\u017ei\u0161kum\u0105, komfort\u0105 ir sveik\u0105 mieg\u0105 kiekvien\u0105 dien\u0105.<\/p>","protected":false},"excerpt":{"rendered":"<p>Plotis: 160 cm<br \/>\nIlgis: 200 cm<br \/>\nAuk\u0161tis: 24 cm<br \/>\nMiegamoji erdv\u0117: 160 \u00d7 200 cm<br \/>\n\u010ciu\u017einio tipas: Ki\u0161enin\u0117s spyruokl\u0117s \u2013 auk\u0161tos spyruokl\u0117s ir kokoso kilim\u0117lis<\/p>","protected":false},"featured_media":219639,"comment_status":"open","ping_status":"open","template":"","meta":[],"product_brand":[],"product_cat":[7906,1099,1978],"product_tag":[],"class_list":{"0":"post-219638","1":"product","2":"type-product","3":"status-publish","4":"has-post-thumbnail","6":"product_cat-comforteo","7":"product_cat-mattresses","8":"product_cat-mattresses-160x200","10":"first","11":"instock","12":"purchasable","13":"product-type-simple"},"_links":{"self":[{"href":"https:\/\/baldumarket.lt\/lt\/wp-json\/wp\/v2\/product\/219638","targetHints":{"allow":["GET"]}}],"collection":[{"href":"https:\/\/baldumarket.lt\/lt\/wp-json\/wp\/v2\/product"}],"about":[{"href":"https:\/\/baldumarket.lt\/lt\/wp-json\/wp\/v2\/types\/product"}],"replies":[{"embeddable":true,"href":"https:\/\/baldumarket.lt\/lt\/wp-json\/wp\/v2\/comments?post=219638"}],"wp:featuredmedia":[{"embeddable":true,"href":"https:\/\/baldumarket.lt\/lt\/wp-json\/wp\/v2\/media\/219639"}],"wp:attachment":[{"href":"https:\/\/baldumarket.lt\/lt\/wp-json\/wp\/v2\/media?parent=219638"}],"wp:term":[{"taxonomy":"product_brand","embeddable":true,"href":"https:\/\/baldumarket.lt\/lt\/wp-json\/wp\/v2\/product_brand?post=219638"},{"taxonomy":"product_cat","embeddable":true,"href":"https:\/\/baldumarket.lt\/lt\/wp-json\/wp\/v2\/product_cat?post=219638"},{"taxonomy":"product_tag","embeddable":true,"href":"https:\/\/baldumarket.lt\/lt\/wp-json\/wp\/v2\/product_tag?post=219638"}],"curies":[{"name":"wp","href":"https:\/\/api.w.org\/{rel}","templated":true}]}}