{"id":219630,"date":"2026-02-11T17:03:50","date_gmt":"2026-02-11T14:03:50","guid":{"rendered":"https:\/\/baldumarket.lt\/product\/materac-medyczny-dark-180x200-cm-dwustronny-kieszeniowy-wysokie-sprezyny-kokos-zdejmowany-pokrowiec-h5-comforteo\/"},"modified":"2026-02-11T17:03:51","modified_gmt":"2026-02-11T14:03:51","slug":"materac-medyczny-dark-180x200-cm-dwustronny-kieszeniowy-wysokie-sprezyny-kokos-zdejmowany-pokrowiec-h5-comforteo","status":"publish","type":"product","link":"https:\/\/baldumarket.lt\/lt\/product\/materac-medyczny-dark-180x200-cm-dwustronny-kieszeniowy-wysokie-sprezyny-kokos-zdejmowany-pokrowiec-h5-comforteo\/","title":{"rendered":"Medicininis \u010diu\u017einys, tamsus, 180\u00d7200 cm, dvipusis, ki\u0161enin\u0117s spyruokl\u0117s, kokoso spalvos, nuimamas u\u017evalkalas, H5, Comforteo"},"content":{"rendered":"<p>Ie\u0161kote didelio, tvirto \u010diu\u017einio erdviam miegamajam? \u201eDark\u201c \u010diu\u017einys, kurio matmenys 180 \u00d7 200 cm, yra puikus pasirinkimas tiems, kurie vertina komfort\u0105, sveik\u0105 mieg\u0105 ir nat\u016bralius sprendimus. Sukurtas dvigul\u0117ms lovoms, jis u\u017etikrina maksimali\u0105 erdv\u0119, komfort\u0105 ir i\u0161skirtin\u012f patvarum\u0105 d\u0117l ki\u0161enini\u0173 spyruokli\u0173 ir dvigubo kokoso pluo\u0161to kilim\u0117lio naudojimo.<\/p>","protected":false},"excerpt":{"rendered":"<p>Plotis: 180 cm<br \/>\nIlgis: 200 cm<br \/>\nAuk\u0161tis: 24 cm<br \/>\nMiegamoji erdv\u0117: 180 \u00d7 200 cm<br \/>\n\u010ciu\u017einio tipas: Ki\u0161enin\u0117s spyruokl\u0117s \u2013 auk\u0161tos spyruokl\u0117s ir kokoso kilim\u0117lis<\/p>","protected":false},"featured_media":219631,"comment_status":"open","ping_status":"open","template":"","meta":[],"product_brand":[],"product_cat":[7906,1099,1979],"product_tag":[],"class_list":{"0":"post-219630","1":"product","2":"type-product","3":"status-publish","4":"has-post-thumbnail","6":"product_cat-comforteo","7":"product_cat-mattresses","8":"product_cat-mattresses-180x200","10":"first","11":"instock","12":"purchasable","13":"product-type-simple"},"_links":{"self":[{"href":"https:\/\/baldumarket.lt\/lt\/wp-json\/wp\/v2\/product\/219630","targetHints":{"allow":["GET"]}}],"collection":[{"href":"https:\/\/baldumarket.lt\/lt\/wp-json\/wp\/v2\/product"}],"about":[{"href":"https:\/\/baldumarket.lt\/lt\/wp-json\/wp\/v2\/types\/product"}],"replies":[{"embeddable":true,"href":"https:\/\/baldumarket.lt\/lt\/wp-json\/wp\/v2\/comments?post=219630"}],"wp:featuredmedia":[{"embeddable":true,"href":"https:\/\/baldumarket.lt\/lt\/wp-json\/wp\/v2\/media\/219631"}],"wp:attachment":[{"href":"https:\/\/baldumarket.lt\/lt\/wp-json\/wp\/v2\/media?parent=219630"}],"wp:term":[{"taxonomy":"product_brand","embeddable":true,"href":"https:\/\/baldumarket.lt\/lt\/wp-json\/wp\/v2\/product_brand?post=219630"},{"taxonomy":"product_cat","embeddable":true,"href":"https:\/\/baldumarket.lt\/lt\/wp-json\/wp\/v2\/product_cat?post=219630"},{"taxonomy":"product_tag","embeddable":true,"href":"https:\/\/baldumarket.lt\/lt\/wp-json\/wp\/v2\/product_tag?post=219630"}],"curies":[{"name":"wp","href":"https:\/\/api.w.org\/{rel}","templated":true}]}}