{"id":219622,"date":"2026-02-11T17:03:49","date_gmt":"2026-02-11T14:03:49","guid":{"rendered":"https:\/\/baldumarket.lt\/product\/materac-medyczny-dark-200x200-cm-dwustronny-kieszeniowy-wysokie-sprezyny-kokos-zdejmowany-pokrowiec-h5-comforteo\/"},"modified":"2026-02-11T17:03:50","modified_gmt":"2026-02-11T14:03:50","slug":"materac-medyczny-dark-200x200-cm-dwustronny-kieszeniowy-wysokie-sprezyny-kokos-zdejmowany-pokrowiec-h5-comforteo","status":"publish","type":"product","link":"https:\/\/baldumarket.lt\/lt\/product\/materac-medyczny-dark-200x200-cm-dwustronny-kieszeniowy-wysokie-sprezyny-kokos-zdejmowany-pokrowiec-h5-comforteo\/","title":{"rendered":"Medicininis \u010diu\u017einys, tamsus, 200\u00d7200 cm, dvipusis, ki\u0161enin\u0117s spyruokl\u0117s, kokoso spalvos, nuimamas u\u017evalkalas, H5, Comforteo"},"content":{"rendered":"<p>Ie\u0161kote itin didelio \u010diu\u017einio, kuris u\u017etikrint\u0173 visi\u0161k\u0105 miego komfort\u0105, sveik\u0105 atram\u0105 ir nat\u016brali\u0105 ventiliacij\u0105? \u201eDark\u201c 200 \u00d7 200 cm \u010diu\u017einys yra puikus pasirinkimas prabangiems, erdviems miegamiesiems. Jo \u201eHigh Adaptive\u201c ki\u0161enin\u0117s spyruokl\u0117s ir dvigubas nat\u016bralaus kokoso pluo\u0161to sluoksnis suteikia neprilygstam\u0105 tvirtum\u0105, stabilum\u0105 ir higien\u0105 \u2013 visk\u0105, ko reikia giliam, atkurian\u010diam poilsiui.<\/p>","protected":false},"excerpt":{"rendered":"<p>Plotis: 200 cm<br \/>\nIlgis: 200 cm<br \/>\nAuk\u0161tis: 24 cm<br \/>\nMiegamasis plotas: 200 \u00d7 200 cm<br \/>\n\u010ciu\u017einio tipas: Ki\u0161enin\u0117s spyruokl\u0117s \u2013 auk\u0161tos spyruokl\u0117s ir kokoso kilim\u0117lis<\/p>","protected":false},"featured_media":219623,"comment_status":"open","ping_status":"open","template":"","meta":[],"product_brand":[],"product_cat":[7906,1099,9144],"product_tag":[],"class_list":{"0":"post-219622","1":"product","2":"type-product","3":"status-publish","4":"has-post-thumbnail","6":"product_cat-comforteo","7":"product_cat-mattresses","8":"product_cat-mattresses-200x200","10":"first","11":"instock","12":"purchasable","13":"product-type-simple"},"_links":{"self":[{"href":"https:\/\/baldumarket.lt\/lt\/wp-json\/wp\/v2\/product\/219622","targetHints":{"allow":["GET"]}}],"collection":[{"href":"https:\/\/baldumarket.lt\/lt\/wp-json\/wp\/v2\/product"}],"about":[{"href":"https:\/\/baldumarket.lt\/lt\/wp-json\/wp\/v2\/types\/product"}],"replies":[{"embeddable":true,"href":"https:\/\/baldumarket.lt\/lt\/wp-json\/wp\/v2\/comments?post=219622"}],"wp:featuredmedia":[{"embeddable":true,"href":"https:\/\/baldumarket.lt\/lt\/wp-json\/wp\/v2\/media\/219623"}],"wp:attachment":[{"href":"https:\/\/baldumarket.lt\/lt\/wp-json\/wp\/v2\/media?parent=219622"}],"wp:term":[{"taxonomy":"product_brand","embeddable":true,"href":"https:\/\/baldumarket.lt\/lt\/wp-json\/wp\/v2\/product_brand?post=219622"},{"taxonomy":"product_cat","embeddable":true,"href":"https:\/\/baldumarket.lt\/lt\/wp-json\/wp\/v2\/product_cat?post=219622"},{"taxonomy":"product_tag","embeddable":true,"href":"https:\/\/baldumarket.lt\/lt\/wp-json\/wp\/v2\/product_tag?post=219622"}],"curies":[{"name":"wp","href":"https:\/\/api.w.org\/{rel}","templated":true}]}}