{"id":219590,"date":"2026-02-11T17:03:44","date_gmt":"2026-02-11T14:03:44","guid":{"rendered":"https:\/\/baldumarket.lt\/product\/materac-medyczny-energy-120x200-cm-multipocket-wysokie-sprezyny-pianka-pneumatic-zdejmowany-pokrowiec-h3-h4-comforteo\/"},"modified":"2026-02-11T17:03:45","modified_gmt":"2026-02-11T14:03:45","slug":"materac-medyczny-energy-120x200-cm-multipocket-wysokie-sprezyny-pianka-pneumatic-zdejmowany-pokrowiec-h3-h4-comforteo","status":"publish","type":"product","link":"https:\/\/baldumarket.lt\/lt\/product\/materac-medyczny-energy-120x200-cm-multipocket-wysokie-sprezyny-pianka-pneumatic-zdejmowany-pokrowiec-h3-h4-comforteo\/","title":{"rendered":"Medicininis \u010diu\u017einys \u201eEnergija\u201c, 120\u00d7200 cm, su daugiaki\u0161en\u0117mis spyruokl\u0117mis, pneumatin\u0117mis putomis, nuimamu u\u017evalkalu, H3\/H4, \u201eComforteo\u201c"},"content":{"rendered":"<p>120\u00d7200 \u2019Energy\u201c \u010diu\u017einys \u2013 puikus sprendimas ie\u0161kantiems patogaus ir patvaraus \u010diu\u017einio viengulei lovai arba didesnei jaunimo lovai. \u0160is patogus \u010diu\u017einys sujungia naujausi\u0105 daugiaki\u0161enini\u0173 spyruokli\u0173 technologij\u0105 su pa\u017eangiomis putomis, u\u017etikrinan\u010diomis sveik\u0105 ir atkuriam\u0105j\u012f mieg\u0105 kiekvien\u0105 nakt\u012f. Optimal\u016bs 120\u00d7200 cm matmenys leid\u017eia \u010diu\u017einiui puikiai tinka tiek paaugli\u0173 kambariams, tiek ma\u017eesniems suaugusi\u0173j\u0173 miegamiesiems.<\/p>","protected":false},"excerpt":{"rendered":"<p>Plotis: 120 cm<br \/>\nIlgis: 200 cm<br \/>\nAuk\u0161tis: 25 cm<br \/>\nMiegamasis plotas: 120 \u00d7 200 cm<br \/>\n\u010ciu\u017einio tipas: Daugiaki\u0161enis su pneumatin\u0117mis putomis<\/p>","protected":false},"featured_media":219591,"comment_status":"open","ping_status":"open","template":"","meta":[],"product_brand":[],"product_cat":[7906,1099,1976],"product_tag":[],"class_list":{"0":"post-219590","1":"product","2":"type-product","3":"status-publish","4":"has-post-thumbnail","6":"product_cat-comforteo","7":"product_cat-mattresses","8":"product_cat-mattresses-120x200","10":"first","11":"instock","12":"purchasable","13":"product-type-simple"},"_links":{"self":[{"href":"https:\/\/baldumarket.lt\/lt\/wp-json\/wp\/v2\/product\/219590","targetHints":{"allow":["GET"]}}],"collection":[{"href":"https:\/\/baldumarket.lt\/lt\/wp-json\/wp\/v2\/product"}],"about":[{"href":"https:\/\/baldumarket.lt\/lt\/wp-json\/wp\/v2\/types\/product"}],"replies":[{"embeddable":true,"href":"https:\/\/baldumarket.lt\/lt\/wp-json\/wp\/v2\/comments?post=219590"}],"wp:featuredmedia":[{"embeddable":true,"href":"https:\/\/baldumarket.lt\/lt\/wp-json\/wp\/v2\/media\/219591"}],"wp:attachment":[{"href":"https:\/\/baldumarket.lt\/lt\/wp-json\/wp\/v2\/media?parent=219590"}],"wp:term":[{"taxonomy":"product_brand","embeddable":true,"href":"https:\/\/baldumarket.lt\/lt\/wp-json\/wp\/v2\/product_brand?post=219590"},{"taxonomy":"product_cat","embeddable":true,"href":"https:\/\/baldumarket.lt\/lt\/wp-json\/wp\/v2\/product_cat?post=219590"},{"taxonomy":"product_tag","embeddable":true,"href":"https:\/\/baldumarket.lt\/lt\/wp-json\/wp\/v2\/product_tag?post=219590"}],"curies":[{"name":"wp","href":"https:\/\/api.w.org\/{rel}","templated":true}]}}