{"id":219582,"date":"2026-02-11T17:03:43","date_gmt":"2026-02-11T14:03:43","guid":{"rendered":"https:\/\/baldumarket.lt\/product\/materac-medyczny-energy-140x200-cm-multipocket-wysokie-sprezyny-pianka-pneumatic-zdejmowany-pokrowiec-h3-h4-comforteo\/"},"modified":"2026-02-11T17:03:44","modified_gmt":"2026-02-11T14:03:44","slug":"materac-medyczny-energy-140x200-cm-multipocket-wysokie-sprezyny-pianka-pneumatic-zdejmowany-pokrowiec-h3-h4-comforteo","status":"publish","type":"product","link":"https:\/\/baldumarket.lt\/lt\/product\/materac-medyczny-energy-140x200-cm-multipocket-wysokie-sprezyny-pianka-pneumatic-zdejmowany-pokrowiec-h3-h4-comforteo\/","title":{"rendered":"Medicininis \u010diu\u017einys \u201eEnergija\u201c, 140\u00d7200 cm, su daugiaki\u0161en\u0117mis spyruokl\u0117mis, pneumatin\u0117mis putomis, nuimamu u\u017evalkalu, H3\/H4, \u201eComforteo\u201c"},"content":{"rendered":"<p>140\u00d7200 \u201eEnergy\u201c \u010diu\u017einys \u2013 puikus pasirinkimas poroms ir visiems, kurie vertina erdv\u0119 ir komfort\u0105 miego metu. D\u0117l savo dyd\u017eio jis idealiai tinka dvigulei lovai miegamajame, sve\u010di\u0173 kambaryje ar net moderniame paauglio kambaryje. \u0160is modelis, sukurtas atsi\u017evelgiant \u012f patvarum\u0105, komfort\u0105 ir higien\u0105, apjungia novatori\u0161kus dizaino sprendimus ir auk\u0161\u010diausios kokyb\u0117s med\u017eiagas. Jis sertifikuotas kaip medicininis \u010diu\u017einys.<\/p>","protected":false},"excerpt":{"rendered":"<p>Plotis: 140 cm<br \/>\nIlgis: 200 cm<br \/>\nAuk\u0161tis: 25 cm<br \/>\nMiegamasis plotas: 140 \u00d7 200 cm<br \/>\n\u010ciu\u017einio tipas: Daugiaki\u0161enis su pneumatin\u0117mis putomis<\/p>","protected":false},"featured_media":219583,"comment_status":"open","ping_status":"open","template":"","meta":[],"product_brand":[],"product_cat":[7906,1099,1977],"product_tag":[],"class_list":{"0":"post-219582","1":"product","2":"type-product","3":"status-publish","4":"has-post-thumbnail","6":"product_cat-comforteo","7":"product_cat-mattresses","8":"product_cat-mattresses-140x200","10":"first","11":"instock","12":"purchasable","13":"product-type-simple"},"_links":{"self":[{"href":"https:\/\/baldumarket.lt\/lt\/wp-json\/wp\/v2\/product\/219582","targetHints":{"allow":["GET"]}}],"collection":[{"href":"https:\/\/baldumarket.lt\/lt\/wp-json\/wp\/v2\/product"}],"about":[{"href":"https:\/\/baldumarket.lt\/lt\/wp-json\/wp\/v2\/types\/product"}],"replies":[{"embeddable":true,"href":"https:\/\/baldumarket.lt\/lt\/wp-json\/wp\/v2\/comments?post=219582"}],"wp:featuredmedia":[{"embeddable":true,"href":"https:\/\/baldumarket.lt\/lt\/wp-json\/wp\/v2\/media\/219583"}],"wp:attachment":[{"href":"https:\/\/baldumarket.lt\/lt\/wp-json\/wp\/v2\/media?parent=219582"}],"wp:term":[{"taxonomy":"product_brand","embeddable":true,"href":"https:\/\/baldumarket.lt\/lt\/wp-json\/wp\/v2\/product_brand?post=219582"},{"taxonomy":"product_cat","embeddable":true,"href":"https:\/\/baldumarket.lt\/lt\/wp-json\/wp\/v2\/product_cat?post=219582"},{"taxonomy":"product_tag","embeddable":true,"href":"https:\/\/baldumarket.lt\/lt\/wp-json\/wp\/v2\/product_tag?post=219582"}],"curies":[{"name":"wp","href":"https:\/\/api.w.org\/{rel}","templated":true}]}}