{"id":219574,"date":"2026-02-11T17:03:42","date_gmt":"2026-02-11T14:03:42","guid":{"rendered":"https:\/\/baldumarket.lt\/product\/materac-medyczny-energy-160x200-cm-multipocket-wysokie-sprezyny-pianka-pneumatic-zdejmowany-pokrowiec-h3-h4-comforteo\/"},"modified":"2026-02-11T17:03:43","modified_gmt":"2026-02-11T14:03:43","slug":"materac-medyczny-energy-160x200-cm-multipocket-wysokie-sprezyny-pianka-pneumatic-zdejmowany-pokrowiec-h3-h4-comforteo","status":"publish","type":"product","link":"https:\/\/baldumarket.lt\/lt\/product\/materac-medyczny-energy-160x200-cm-multipocket-wysokie-sprezyny-pianka-pneumatic-zdejmowany-pokrowiec-h3-h4-comforteo\/","title":{"rendered":"Medicininis \u010diu\u017einys \u201eEnergija\u201c, 160\u00d7200 cm, su daugiaki\u0161en\u0117mis spyruokl\u0117mis, pneumatin\u0117mis putomis, nuimamu u\u017evalkalu, H3\/H4, \u201eComforteo\u201c"},"content":{"rendered":"<p>Ie\u0161kote patogaus ir patvaraus \u010diu\u017einio dvigulei lovai? 160\u00d7200 \u201eEnergy\u201c \u010diu\u017einys \u2013 tai atsakymas poroms ir visiems, norintiems m\u0117gautis didesne miego erdve be kompromis\u0173. \u0160is patogus 160\u00d7200 \u010diu\u017einys apjungia modernias technologijas, ergonomi\u0161k\u0105 atram\u0105 ir higieninius sprendimus \u2013 kiekviena naktis tampa tikros regeneracijos \u0161altiniu. Jis sertifikuotas kaip medicininis \u010diu\u017einys.<\/p>","protected":false},"excerpt":{"rendered":"<p>Plotis: 160 cm<br \/>\nIlgis: 200 cm<br \/>\nAuk\u0161tis: 25 cm<br \/>\nMiegamoji erdv\u0117: 160 \u00d7 200 cm<br \/>\n\u010ciu\u017einio tipas: Daugiaki\u0161enis su pneumatin\u0117mis putomis<\/p>","protected":false},"featured_media":219575,"comment_status":"open","ping_status":"open","template":"","meta":[],"product_brand":[],"product_cat":[7906,1099,1978],"product_tag":[],"class_list":{"0":"post-219574","1":"product","2":"type-product","3":"status-publish","4":"has-post-thumbnail","6":"product_cat-comforteo","7":"product_cat-mattresses","8":"product_cat-mattresses-160x200","10":"first","11":"instock","12":"purchasable","13":"product-type-simple"},"_links":{"self":[{"href":"https:\/\/baldumarket.lt\/lt\/wp-json\/wp\/v2\/product\/219574","targetHints":{"allow":["GET"]}}],"collection":[{"href":"https:\/\/baldumarket.lt\/lt\/wp-json\/wp\/v2\/product"}],"about":[{"href":"https:\/\/baldumarket.lt\/lt\/wp-json\/wp\/v2\/types\/product"}],"replies":[{"embeddable":true,"href":"https:\/\/baldumarket.lt\/lt\/wp-json\/wp\/v2\/comments?post=219574"}],"wp:featuredmedia":[{"embeddable":true,"href":"https:\/\/baldumarket.lt\/lt\/wp-json\/wp\/v2\/media\/219575"}],"wp:attachment":[{"href":"https:\/\/baldumarket.lt\/lt\/wp-json\/wp\/v2\/media?parent=219574"}],"wp:term":[{"taxonomy":"product_brand","embeddable":true,"href":"https:\/\/baldumarket.lt\/lt\/wp-json\/wp\/v2\/product_brand?post=219574"},{"taxonomy":"product_cat","embeddable":true,"href":"https:\/\/baldumarket.lt\/lt\/wp-json\/wp\/v2\/product_cat?post=219574"},{"taxonomy":"product_tag","embeddable":true,"href":"https:\/\/baldumarket.lt\/lt\/wp-json\/wp\/v2\/product_tag?post=219574"}],"curies":[{"name":"wp","href":"https:\/\/api.w.org\/{rel}","templated":true}]}}