{"id":219558,"date":"2026-02-11T17:03:39","date_gmt":"2026-02-11T14:03:39","guid":{"rendered":"https:\/\/baldumarket.lt\/product\/materac-medyczny-energy-200x200-cm-multipocket-wysokie-sprezyny-pianka-pneumatic-zdejmowany-pokrowiec-h3-h4-comforteo\/"},"modified":"2026-02-11T17:03:40","modified_gmt":"2026-02-11T14:03:40","slug":"materac-medyczny-energy-200x200-cm-multipocket-wysokie-sprezyny-pianka-pneumatic-zdejmowany-pokrowiec-h3-h4-comforteo","status":"publish","type":"product","link":"https:\/\/baldumarket.lt\/lt\/product\/materac-medyczny-energy-200x200-cm-multipocket-wysokie-sprezyny-pianka-pneumatic-zdejmowany-pokrowiec-h3-h4-comforteo\/","title":{"rendered":"Energetinis medicininis \u010diu\u017einys, 200\u00d7200 cm, su daugiaki\u0161en\u0117mis spyruokl\u0117mis, pneumatin\u0117mis putomis, nuimamu u\u017evalkalu, H3\/H4, Comforteo"},"content":{"rendered":"<p>Ie\u0161kote didelio 200 \u00d7 200 cm \u010diu\u017einio, kuris u\u017etikrint\u0173 prabang\u0173 atsipalaidavim\u0105, sveik\u0105 k\u016bno atram\u0105 ir higieni\u0161kas miego s\u0105lygas? \u201eEnergy 200 \u00d7 200\u201c \u010diu\u017einys yra novatori\u0161kas pasirinkimas tiems, kurie vertina maksimali\u0105 erdv\u0119, komfort\u0105 ir ilgaam\u017ei\u0161kum\u0105. D\u0117l pa\u017eangaus dizaino ir auk\u0161tos kokyb\u0117s med\u017eiag\u0173 \u0161is modelis atitinka net reikliausi\u0173 vartotoj\u0173 l\u016bkes\u010dius. Jis yra sertifikuotas kaip medicininis \u010diu\u017einys.<\/p>","protected":false},"excerpt":{"rendered":"<p>Plotis: 200 cm<br \/>\nIlgis: 200 cm<br \/>\nAuk\u0161tis: 25 cm<br \/>\nMiegamasis plotas: 200 \u00d7 200 cm<br \/>\n\u010ciu\u017einio tipas: Daugiaki\u0161enis su pneumatin\u0117mis putomis<\/p>","protected":false},"featured_media":219559,"comment_status":"open","ping_status":"open","template":"","meta":[],"product_brand":[],"product_cat":[7906,1099,9144],"product_tag":[],"class_list":{"0":"post-219558","1":"product","2":"type-product","3":"status-publish","4":"has-post-thumbnail","6":"product_cat-comforteo","7":"product_cat-mattresses","8":"product_cat-mattresses-200x200","10":"first","11":"instock","12":"purchasable","13":"product-type-simple"},"_links":{"self":[{"href":"https:\/\/baldumarket.lt\/lt\/wp-json\/wp\/v2\/product\/219558","targetHints":{"allow":["GET"]}}],"collection":[{"href":"https:\/\/baldumarket.lt\/lt\/wp-json\/wp\/v2\/product"}],"about":[{"href":"https:\/\/baldumarket.lt\/lt\/wp-json\/wp\/v2\/types\/product"}],"replies":[{"embeddable":true,"href":"https:\/\/baldumarket.lt\/lt\/wp-json\/wp\/v2\/comments?post=219558"}],"wp:featuredmedia":[{"embeddable":true,"href":"https:\/\/baldumarket.lt\/lt\/wp-json\/wp\/v2\/media\/219559"}],"wp:attachment":[{"href":"https:\/\/baldumarket.lt\/lt\/wp-json\/wp\/v2\/media?parent=219558"}],"wp:term":[{"taxonomy":"product_brand","embeddable":true,"href":"https:\/\/baldumarket.lt\/lt\/wp-json\/wp\/v2\/product_brand?post=219558"},{"taxonomy":"product_cat","embeddable":true,"href":"https:\/\/baldumarket.lt\/lt\/wp-json\/wp\/v2\/product_cat?post=219558"},{"taxonomy":"product_tag","embeddable":true,"href":"https:\/\/baldumarket.lt\/lt\/wp-json\/wp\/v2\/product_tag?post=219558"}],"curies":[{"name":"wp","href":"https:\/\/api.w.org\/{rel}","templated":true}]}}