{"id":219534,"date":"2026-02-11T17:03:32","date_gmt":"2026-02-11T14:03:32","guid":{"rendered":"https:\/\/baldumarket.lt\/product\/materac-medyczny-glow-100x200-cm-dwustronny-piankowy-pianka-hr-i-xfoam-zdejmowany-pokrowiec-h3-comforteo\/"},"modified":"2026-02-11T17:03:34","modified_gmt":"2026-02-11T14:03:34","slug":"materac-medyczny-glow-100x200-cm-dwustronny-piankowy-pianka-hr-i-xfoam-zdejmowany-pokrowiec-h3-comforteo","status":"publish","type":"product","link":"https:\/\/baldumarket.lt\/lt\/product\/materac-medyczny-glow-100x200-cm-dwustronny-piankowy-pianka-hr-i-xfoam-zdejmowany-pokrowiec-h3-comforteo\/","title":{"rendered":"Medicininis \u010diu\u017einys \u201eGlow\u201c, 100\u00d7200 cm, dvipusis, putplastis, HR putplastis ir \u201eXfoam\u201c, nuimamas u\u017evalkalas, H3, Comforteo"},"content":{"rendered":"<p>Ie\u0161kote patogaus, patvaraus ir sveiko \u010diu\u017einio platesnei viengulei lovai? \u201eGlow\u201c 100\u00d7200 cm \u010diu\u017einys yra puikus pasirinkimas reikliems vartotojams \u2013 paaugliams, suaugusiesiems ir senjorams. Jame sujungti trys pa\u017eang\u016bs put\u0173 sluoksniai: didelio elastingumo HR, patvarus XFoam ir antibakterinis putplastis, u\u017etikrinantys i\u0161skirtin\u012f komfort\u0105 ir ergonomi\u0161k\u0105 stuburo atram\u0105 vis\u0105 nakt\u012f.<\/p>","protected":false},"excerpt":{"rendered":"<p>Plotis: 100 cm<br \/>\nIlgis: 200 cm<br \/>\nAuk\u0161tis: 21 cm<br \/>\nMiegamasis plotas: 100 \u00d7 200 cm<br \/>\n\u010ciu\u017einio tipas: Putplastis<\/p>","protected":false},"featured_media":219535,"comment_status":"open","ping_status":"open","template":"","meta":[],"product_brand":[],"product_cat":[7906,1099],"product_tag":[],"class_list":{"0":"post-219534","1":"product","2":"type-product","3":"status-publish","4":"has-post-thumbnail","6":"product_cat-comforteo","7":"product_cat-mattresses","9":"first","10":"instock","11":"purchasable","12":"product-type-simple"},"_links":{"self":[{"href":"https:\/\/baldumarket.lt\/lt\/wp-json\/wp\/v2\/product\/219534","targetHints":{"allow":["GET"]}}],"collection":[{"href":"https:\/\/baldumarket.lt\/lt\/wp-json\/wp\/v2\/product"}],"about":[{"href":"https:\/\/baldumarket.lt\/lt\/wp-json\/wp\/v2\/types\/product"}],"replies":[{"embeddable":true,"href":"https:\/\/baldumarket.lt\/lt\/wp-json\/wp\/v2\/comments?post=219534"}],"wp:featuredmedia":[{"embeddable":true,"href":"https:\/\/baldumarket.lt\/lt\/wp-json\/wp\/v2\/media\/219535"}],"wp:attachment":[{"href":"https:\/\/baldumarket.lt\/lt\/wp-json\/wp\/v2\/media?parent=219534"}],"wp:term":[{"taxonomy":"product_brand","embeddable":true,"href":"https:\/\/baldumarket.lt\/lt\/wp-json\/wp\/v2\/product_brand?post=219534"},{"taxonomy":"product_cat","embeddable":true,"href":"https:\/\/baldumarket.lt\/lt\/wp-json\/wp\/v2\/product_cat?post=219534"},{"taxonomy":"product_tag","embeddable":true,"href":"https:\/\/baldumarket.lt\/lt\/wp-json\/wp\/v2\/product_tag?post=219534"}],"curies":[{"name":"wp","href":"https:\/\/api.w.org\/{rel}","templated":true}]}}