{"id":219518,"date":"2026-02-11T17:03:28","date_gmt":"2026-02-11T14:03:28","guid":{"rendered":"https:\/\/baldumarket.lt\/product\/materac-medyczny-glow-140x200-cm-dwustronny-piankowy-pianka-hr-i-xfoam-zdejmowany-pokrowiec-h3-comforteo\/"},"modified":"2026-02-11T17:03:30","modified_gmt":"2026-02-11T14:03:30","slug":"materac-medyczny-glow-140x200-cm-dwustronny-piankowy-pianka-hr-i-xfoam-zdejmowany-pokrowiec-h3-comforteo","status":"publish","type":"product","link":"https:\/\/baldumarket.lt\/lt\/product\/materac-medyczny-glow-140x200-cm-dwustronny-piankowy-pianka-hr-i-xfoam-zdejmowany-pokrowiec-h3-comforteo\/","title":{"rendered":"Medicininis \u010diu\u017einys \u201eGlow\u201c, 140\u00d7200 cm, dvipusis, putplastis, HR putplastis ir \u201eXfoam\u201c, nuimamas u\u017evalkalas, H3, Comforteo"},"content":{"rendered":"<p>Ie\u0161kote patogaus ir modernaus \u010diu\u017einio dvigulei lovai arba pla\u010diai viengulei lovai? \u201eGlow\u201c 140 \u00d7 200 cm \u010diu\u017einys yra puikus sprendimas poroms ir tiems, kurie vertina papildom\u0105 erdv\u0119 miegant. D\u0117l trij\u0173 pa\u017eangi\u0173 put\u0173 sluoksni\u0173 \u2013 labai elastingo HR, patvaraus XFoam ir antibakterinio \u2013 \u010diu\u017einys u\u017etikrina komfort\u0105, higien\u0105 ir sveik\u0105 stuburo atram\u0105 vis\u0105 nakt\u012f.<\/p>","protected":false},"excerpt":{"rendered":"<p>Plotis: 140 cm<br \/>\nIlgis: 200 cm<br \/>\nAuk\u0161tis: 21 cm<br \/>\nMiegamasis plotas: 140 \u00d7 200 cm<br \/>\n\u010ciu\u017einio tipas: Putplastis<\/p>","protected":false},"featured_media":219519,"comment_status":"open","ping_status":"open","template":"","meta":[],"product_brand":[],"product_cat":[7906,1099,1977],"product_tag":[],"class_list":{"0":"post-219518","1":"product","2":"type-product","3":"status-publish","4":"has-post-thumbnail","6":"product_cat-comforteo","7":"product_cat-mattresses","8":"product_cat-mattresses-140x200","10":"first","11":"instock","12":"purchasable","13":"product-type-simple"},"_links":{"self":[{"href":"https:\/\/baldumarket.lt\/lt\/wp-json\/wp\/v2\/product\/219518","targetHints":{"allow":["GET"]}}],"collection":[{"href":"https:\/\/baldumarket.lt\/lt\/wp-json\/wp\/v2\/product"}],"about":[{"href":"https:\/\/baldumarket.lt\/lt\/wp-json\/wp\/v2\/types\/product"}],"replies":[{"embeddable":true,"href":"https:\/\/baldumarket.lt\/lt\/wp-json\/wp\/v2\/comments?post=219518"}],"wp:featuredmedia":[{"embeddable":true,"href":"https:\/\/baldumarket.lt\/lt\/wp-json\/wp\/v2\/media\/219519"}],"wp:attachment":[{"href":"https:\/\/baldumarket.lt\/lt\/wp-json\/wp\/v2\/media?parent=219518"}],"wp:term":[{"taxonomy":"product_brand","embeddable":true,"href":"https:\/\/baldumarket.lt\/lt\/wp-json\/wp\/v2\/product_brand?post=219518"},{"taxonomy":"product_cat","embeddable":true,"href":"https:\/\/baldumarket.lt\/lt\/wp-json\/wp\/v2\/product_cat?post=219518"},{"taxonomy":"product_tag","embeddable":true,"href":"https:\/\/baldumarket.lt\/lt\/wp-json\/wp\/v2\/product_tag?post=219518"}],"curies":[{"name":"wp","href":"https:\/\/api.w.org\/{rel}","templated":true}]}}