{"id":219510,"date":"2026-02-11T17:03:27","date_gmt":"2026-02-11T14:03:27","guid":{"rendered":"https:\/\/baldumarket.lt\/product\/materac-medyczny-glow-160x200-cm-dwustronny-piankowy-pianka-hr-i-xfoam-zdejmowany-pokrowiec-h3-comforteo\/"},"modified":"2026-02-11T17:03:28","modified_gmt":"2026-02-11T14:03:28","slug":"materac-medyczny-glow-160x200-cm-dwustronny-piankowy-pianka-hr-i-xfoam-zdejmowany-pokrowiec-h3-comforteo","status":"publish","type":"product","link":"https:\/\/baldumarket.lt\/lt\/product\/materac-medyczny-glow-160x200-cm-dwustronny-piankowy-pianka-hr-i-xfoam-zdejmowany-pokrowiec-h3-comforteo\/","title":{"rendered":"Medicininis \u010diu\u017einys \u201eGlow\u201c, 160\u00d7200 cm, dvipusis, putplastis, HR putplastis ir \u201eXfoam\u201c, nuimamas u\u017evalkalas, H3, Comforteo"},"content":{"rendered":"<p>Jei svajojate apie patog\u0173, ilgalaik\u012f ir sveik\u0105 mieg\u0105 dviese, rinkit\u0117s \u201eGlow 160\u00d7200 cm\u201c \u010diu\u017ein\u012f. \u0160is universalus dydis tinka klasikinei dvigulei lovai ir apjungia naujausias put\u0173 technologijas, ergonomi\u0161k\u0105 atram\u0105 ir auk\u0161t\u0105 higienos lyg\u012f. Trij\u0173 sluoksni\u0173 konstrukcija u\u017etikrina puiki\u0105 k\u016bno atram\u0105, nepriklausomai nuo k\u016bno formos ar miegojimo pad\u0117ties, o 3D tinklelio u\u017evalkalas u\u017etikrina gaivum\u0105 vis\u0105 nakt\u012f.<\/p>","protected":false},"excerpt":{"rendered":"<p>Plotis: 160 cm<br \/>\nIlgis: 200 cm<br \/>\nAuk\u0161tis: 21 cm<br \/>\nMiegamoji erdv\u0117: 160 \u00d7 200 cm<br \/>\n\u010ciu\u017einio tipas: Putplastis<\/p>","protected":false},"featured_media":219511,"comment_status":"open","ping_status":"open","template":"","meta":[],"product_brand":[],"product_cat":[7906,1099,1978],"product_tag":[],"class_list":{"0":"post-219510","1":"product","2":"type-product","3":"status-publish","4":"has-post-thumbnail","6":"product_cat-comforteo","7":"product_cat-mattresses","8":"product_cat-mattresses-160x200","10":"first","11":"instock","12":"purchasable","13":"product-type-simple"},"_links":{"self":[{"href":"https:\/\/baldumarket.lt\/lt\/wp-json\/wp\/v2\/product\/219510","targetHints":{"allow":["GET"]}}],"collection":[{"href":"https:\/\/baldumarket.lt\/lt\/wp-json\/wp\/v2\/product"}],"about":[{"href":"https:\/\/baldumarket.lt\/lt\/wp-json\/wp\/v2\/types\/product"}],"replies":[{"embeddable":true,"href":"https:\/\/baldumarket.lt\/lt\/wp-json\/wp\/v2\/comments?post=219510"}],"wp:featuredmedia":[{"embeddable":true,"href":"https:\/\/baldumarket.lt\/lt\/wp-json\/wp\/v2\/media\/219511"}],"wp:attachment":[{"href":"https:\/\/baldumarket.lt\/lt\/wp-json\/wp\/v2\/media?parent=219510"}],"wp:term":[{"taxonomy":"product_brand","embeddable":true,"href":"https:\/\/baldumarket.lt\/lt\/wp-json\/wp\/v2\/product_brand?post=219510"},{"taxonomy":"product_cat","embeddable":true,"href":"https:\/\/baldumarket.lt\/lt\/wp-json\/wp\/v2\/product_cat?post=219510"},{"taxonomy":"product_tag","embeddable":true,"href":"https:\/\/baldumarket.lt\/lt\/wp-json\/wp\/v2\/product_tag?post=219510"}],"curies":[{"name":"wp","href":"https:\/\/api.w.org\/{rel}","templated":true}]}}