{"id":219502,"date":"2026-02-11T17:03:25","date_gmt":"2026-02-11T14:03:25","guid":{"rendered":"https:\/\/baldumarket.lt\/product\/materac-medyczny-glow-180x200-cm-dwustronny-piankowy-pianka-hr-i-xfoam-zdejmowany-pokrowiec-h3-comforteo\/"},"modified":"2026-02-11T17:03:26","modified_gmt":"2026-02-11T14:03:26","slug":"materac-medyczny-glow-180x200-cm-dwustronny-piankowy-pianka-hr-i-xfoam-zdejmowany-pokrowiec-h3-comforteo","status":"publish","type":"product","link":"https:\/\/baldumarket.lt\/lt\/product\/materac-medyczny-glow-180x200-cm-dwustronny-piankowy-pianka-hr-i-xfoam-zdejmowany-pokrowiec-h3-comforteo\/","title":{"rendered":"Medicininis \u010diu\u017einys \u201eGlow\u201c, 180\u00d7200 cm, dvipusis, putplastis, HR putplastis ir \u201eXfoam\u201c, nuimamas u\u017evalkalas, H3, Comforteo"},"content":{"rendered":"<p>Ie\u0161kote patogaus ir erdvaus \u010diu\u017einio savo miegamajam, kuris u\u017etikrint\u0173 ram\u0173 nakties mieg\u0105? \u201eGlow\u201c 180 \u00d7 200 cm \u010diu\u017einys \u2013 tai erdvus modelis, skirtas poroms ir individualiems asmenims, vertinantiems laisv\u0119 ir maksimal\u0173 komfort\u0105. D\u0117l modernios konstrukcijos su trimis put\u0173 sluoksniais ir 7 kietumo zonomis \u201eGlow\u201c sujungia ergonomik\u0105, patvarum\u0105 ir higien\u0105 u\u017e patraukli\u0105 kain\u0105 \u2013 puikiai tinka, jei ie\u0161kote \u012fperkamo \u010diu\u017einio savo miegamajam be kompromis\u0173.<\/p>","protected":false},"excerpt":{"rendered":"<p>Plotis: 180 cm<br \/>\nIlgis: 200 cm<br \/>\nAuk\u0161tis: 21 cm<br \/>\nMiegamoji erdv\u0117: 180 \u00d7 200 cm<br \/>\n\u010ciu\u017einio tipas: Putplastis<\/p>","protected":false},"featured_media":219503,"comment_status":"open","ping_status":"open","template":"","meta":[],"product_brand":[],"product_cat":[7906,1099,1979],"product_tag":[],"class_list":{"0":"post-219502","1":"product","2":"type-product","3":"status-publish","4":"has-post-thumbnail","6":"product_cat-comforteo","7":"product_cat-mattresses","8":"product_cat-mattresses-180x200","10":"first","11":"instock","12":"purchasable","13":"product-type-simple"},"_links":{"self":[{"href":"https:\/\/baldumarket.lt\/lt\/wp-json\/wp\/v2\/product\/219502","targetHints":{"allow":["GET"]}}],"collection":[{"href":"https:\/\/baldumarket.lt\/lt\/wp-json\/wp\/v2\/product"}],"about":[{"href":"https:\/\/baldumarket.lt\/lt\/wp-json\/wp\/v2\/types\/product"}],"replies":[{"embeddable":true,"href":"https:\/\/baldumarket.lt\/lt\/wp-json\/wp\/v2\/comments?post=219502"}],"wp:featuredmedia":[{"embeddable":true,"href":"https:\/\/baldumarket.lt\/lt\/wp-json\/wp\/v2\/media\/219503"}],"wp:attachment":[{"href":"https:\/\/baldumarket.lt\/lt\/wp-json\/wp\/v2\/media?parent=219502"}],"wp:term":[{"taxonomy":"product_brand","embeddable":true,"href":"https:\/\/baldumarket.lt\/lt\/wp-json\/wp\/v2\/product_brand?post=219502"},{"taxonomy":"product_cat","embeddable":true,"href":"https:\/\/baldumarket.lt\/lt\/wp-json\/wp\/v2\/product_cat?post=219502"},{"taxonomy":"product_tag","embeddable":true,"href":"https:\/\/baldumarket.lt\/lt\/wp-json\/wp\/v2\/product_tag?post=219502"}],"curies":[{"name":"wp","href":"https:\/\/api.w.org\/{rel}","templated":true}]}}