{"id":219494,"date":"2026-02-11T17:03:23","date_gmt":"2026-02-11T14:03:23","guid":{"rendered":"https:\/\/baldumarket.lt\/product\/materac-medyczny-glow-200x200-cm-dwustronny-piankowy-pianka-hr-i-xfoam-zdejmowany-pokrowiec-h3-comforteo\/"},"modified":"2026-02-11T17:03:25","modified_gmt":"2026-02-11T14:03:25","slug":"materac-medyczny-glow-200x200-cm-dwustronny-piankowy-pianka-hr-i-xfoam-zdejmowany-pokrowiec-h3-comforteo","status":"publish","type":"product","link":"https:\/\/baldumarket.lt\/lt\/product\/materac-medyczny-glow-200x200-cm-dwustronny-piankowy-pianka-hr-i-xfoam-zdejmowany-pokrowiec-h3-comforteo\/","title":{"rendered":"Medicininis \u010diu\u017einys \u201eGlow\u201c, 200\u00d7200 cm, dvipusis, putplastis, HR putplastis ir \u201eXfoam\u201c, nuimamas u\u017evalkalas, H3, Comforteo"},"content":{"rendered":"<p>Ie\u0161kote tikro komforto be rib\u0173? \u201eGlow\u201c 200 \u00d7 200 cm \u010diu\u017einys yra did\u017eiausias serijos modelis \u2013 idealus pasirinkimas poroms, \u0161eimoms su vaikais ar visiems, norintiems maksimalios miego laisv\u0117s. \u0160is didelis \u010diu\u017einys miegamajam suteikia prabangi\u0105 miegojimo erdv\u0119, i\u0161skirtin\u0119 stuburo atram\u0105 ir auk\u0161t\u0105 higienos lyg\u012f. D\u0117l modernios put\u0173 technologijos ir ergonomi\u0161ko dizaino \u201eGlow\u201c derina komfort\u0105, ilgaam\u017ei\u0161kum\u0105 ir patraukli\u0105 kain\u0105 \u2013 tai puikus ir nebrangus \u010diu\u017einys auk\u0161\u010diausios klas\u0117s miegamajam.<\/p>","protected":false},"excerpt":{"rendered":"<p>Plotis: 200 cm<br \/>\nIlgis: 200 cm<br \/>\nAuk\u0161tis: 21 cm<br \/>\nMiegamasis plotas: 200 \u00d7 200 cm<br \/>\n\u010ciu\u017einio tipas: Putplastis<\/p>","protected":false},"featured_media":219495,"comment_status":"open","ping_status":"open","template":"","meta":[],"product_brand":[],"product_cat":[7906,1099,9144],"product_tag":[],"class_list":{"0":"post-219494","1":"product","2":"type-product","3":"status-publish","4":"has-post-thumbnail","6":"product_cat-comforteo","7":"product_cat-mattresses","8":"product_cat-mattresses-200x200","10":"first","11":"instock","12":"purchasable","13":"product-type-simple"},"_links":{"self":[{"href":"https:\/\/baldumarket.lt\/lt\/wp-json\/wp\/v2\/product\/219494","targetHints":{"allow":["GET"]}}],"collection":[{"href":"https:\/\/baldumarket.lt\/lt\/wp-json\/wp\/v2\/product"}],"about":[{"href":"https:\/\/baldumarket.lt\/lt\/wp-json\/wp\/v2\/types\/product"}],"replies":[{"embeddable":true,"href":"https:\/\/baldumarket.lt\/lt\/wp-json\/wp\/v2\/comments?post=219494"}],"wp:featuredmedia":[{"embeddable":true,"href":"https:\/\/baldumarket.lt\/lt\/wp-json\/wp\/v2\/media\/219495"}],"wp:attachment":[{"href":"https:\/\/baldumarket.lt\/lt\/wp-json\/wp\/v2\/media?parent=219494"}],"wp:term":[{"taxonomy":"product_brand","embeddable":true,"href":"https:\/\/baldumarket.lt\/lt\/wp-json\/wp\/v2\/product_brand?post=219494"},{"taxonomy":"product_cat","embeddable":true,"href":"https:\/\/baldumarket.lt\/lt\/wp-json\/wp\/v2\/product_cat?post=219494"},{"taxonomy":"product_tag","embeddable":true,"href":"https:\/\/baldumarket.lt\/lt\/wp-json\/wp\/v2\/product_tag?post=219494"}],"curies":[{"name":"wp","href":"https:\/\/api.w.org\/{rel}","templated":true}]}}