{"id":219470,"date":"2026-02-11T17:03:20","date_gmt":"2026-02-11T14:03:20","guid":{"rendered":"https:\/\/baldumarket.lt\/product\/materac-medyczny-healthy-100x200-cm-dwustronny-piankowy-lateks-zdejmowany-pokrowiec-h5-comforteo\/"},"modified":"2026-02-11T17:03:21","modified_gmt":"2026-02-11T14:03:21","slug":"materac-medyczny-healthy-100x200-cm-dwustronny-piankowy-lateks-zdejmowany-pokrowiec-h5-comforteo","status":"publish","type":"product","link":"https:\/\/baldumarket.lt\/lt\/product\/materac-medyczny-healthy-100x200-cm-dwustronny-piankowy-lateks-zdejmowany-pokrowiec-h5-comforteo\/","title":{"rendered":"Sveikas medicininis \u010diu\u017einys, 100\u00d7200 cm, dvipusis, putplastis, lateksas, nuimamas u\u017evalkalas, H5, Comforteo"},"content":{"rendered":"<p>Ie\u0161kote labai kieto \u010diu\u017einio, kuris ne tik u\u017etikrint\u0173 stabili\u0105 atram\u0105, bet ir skatint\u0173 stuburo sveikat\u0105? \u201eHealthy 100\u00d7200 H5\u201c skirtas vartotojams, kuriems reikalingas maksimalus kietumas, i\u0161laikant komfort\u0105 ir ta\u0161kin\u012f elastingum\u0105. D\u0117l didelio tankio latekso, nat\u016bralaus kau\u010diuko pieno ir modernaus zonuoto dizaino derinio \u0161is \u010diu\u017einys garantuoja patikim\u0105 viso k\u016bno atram\u0105 \u2013 nepriklausomai nuo svorio, am\u017eiaus ar miegojimo pad\u0117ties.<\/p>","protected":false},"excerpt":{"rendered":"<p>Plotis: 100 cm<br \/>\nIlgis: 200 cm<br \/>\nAuk\u0161tis: 20 cm<br \/>\nMiegamasis plotas: 100 \u00d7 200 cm<br \/>\n\u010ciu\u017einio tipas: Putplastis su lateksu<\/p>","protected":false},"featured_media":219471,"comment_status":"open","ping_status":"open","template":"","meta":[],"product_brand":[],"product_cat":[7906,1099],"product_tag":[],"class_list":{"0":"post-219470","1":"product","2":"type-product","3":"status-publish","4":"has-post-thumbnail","6":"product_cat-comforteo","7":"product_cat-mattresses","9":"first","10":"instock","11":"purchasable","12":"product-type-simple"},"_links":{"self":[{"href":"https:\/\/baldumarket.lt\/lt\/wp-json\/wp\/v2\/product\/219470","targetHints":{"allow":["GET"]}}],"collection":[{"href":"https:\/\/baldumarket.lt\/lt\/wp-json\/wp\/v2\/product"}],"about":[{"href":"https:\/\/baldumarket.lt\/lt\/wp-json\/wp\/v2\/types\/product"}],"replies":[{"embeddable":true,"href":"https:\/\/baldumarket.lt\/lt\/wp-json\/wp\/v2\/comments?post=219470"}],"wp:featuredmedia":[{"embeddable":true,"href":"https:\/\/baldumarket.lt\/lt\/wp-json\/wp\/v2\/media\/219471"}],"wp:attachment":[{"href":"https:\/\/baldumarket.lt\/lt\/wp-json\/wp\/v2\/media?parent=219470"}],"wp:term":[{"taxonomy":"product_brand","embeddable":true,"href":"https:\/\/baldumarket.lt\/lt\/wp-json\/wp\/v2\/product_brand?post=219470"},{"taxonomy":"product_cat","embeddable":true,"href":"https:\/\/baldumarket.lt\/lt\/wp-json\/wp\/v2\/product_cat?post=219470"},{"taxonomy":"product_tag","embeddable":true,"href":"https:\/\/baldumarket.lt\/lt\/wp-json\/wp\/v2\/product_tag?post=219470"}],"curies":[{"name":"wp","href":"https:\/\/api.w.org\/{rel}","templated":true}]}}