{"id":21947,"date":"2025-11-14T13:52:09","date_gmt":"2025-11-14T10:52:09","guid":{"rendered":"https:\/\/baldumarket.lt\/product\/materac-lateksowy-mokka-200x200-aloevera\/"},"modified":"2026-03-24T18:24:02","modified_gmt":"2026-03-24T15:24:02","slug":"materac-lateksowy-mokka-200x200-aloevera","status":"publish","type":"product","link":"https:\/\/baldumarket.lt\/lt\/product\/materac-lateksowy-mokka-200x200-aloevera\/","title":{"rendered":"Aloevera Mokka 200\u00d7200 latekso \u010diu\u017einys"},"content":{"rendered":"<p>Da\u017enai nesusim\u0105stome, koks svarbus yra sveikas stuburas. Tirpimas, koj\u0173 ir rank\u0173 skausmas bei galvos skausmai \u2013 tai tik keletas negalavim\u0173, kuriuos sukelia stuburo problemos. J\u0173 galima i\u0161vengti mank\u0161tinantis arba pasirinkus tinkam\u0105 \u010diu\u017ein\u012f. \u201eMokka\u201c latekso \u010diu\u017einys su alavijo u\u017evalkalu \u2013 m\u016bs\u0173 atsakas \u012f j\u016bs\u0173 poreikius. Pagamintas i\u0161 auk\u0161\u010diausios kokyb\u0117s med\u017eiag\u0173, storas latekso put\u0173 sluoksnis ir lankstus T2542 put\u0173 sluoksnis kartu su kokoso pluo\u0161to plok\u0161te puikiai pagerina miego kokyb\u0119, o visa tai telpa nuimamame alavijo u\u017evalkale.<\/p>","protected":false},"excerpt":{"rendered":"<p>Da\u017enai nesusim\u0105stome, koks svarbus yra sveikas stuburas. Tirpimas, koj\u0173 ir rank\u0173 skausmas, galvos skausmai \u2013 tai tik keletas negalavim\u0173, kuriuos sukelia stuburo problemos. J\u0173 galima i\u0161vengti mank\u0161tinantis arba pasirinkus tinkam\u0105 \u010diu\u017ein\u012f. \u201eMokka\u201c latekso \u010diu\u017einys su alavijo u\u017evalkalu yra m\u016bs\u0173 atsakas \u012f j\u016bs\u0173 poreikius. [\u2026]<\/p>","protected":false},"featured_media":21924,"comment_status":"open","ping_status":"open","template":"","meta":[],"product_brand":[],"product_cat":[2012,1099,9144],"product_tag":[],"class_list":{"0":"post-21947","1":"product","2":"type-product","3":"status-publish","4":"has-post-thumbnail","6":"product_cat-eltap","7":"product_cat-mattresses","8":"product_cat-mattresses-200x200","9":"pa_frame-material-undefined","10":"pa_frame-material-type-undefined","11":"pa_leg-color-undefined","12":"pa_leg-material-undefined","13":"pa_linen-box-undefined","14":"pa_main-color-white","15":"pa_price-group-basic","16":"pa_seat-depth-undefined","17":"pa_seat-width-undefined","18":"pa_sleep-function-yes","19":"pa_sleeping-area-length-498","20":"pa_sleeping-area-width-747","21":"pa_style-undefined","22":"pa_textile-aloevera","23":"pa_upholstery-material-polyester","25":"first","26":"instock","27":"purchasable","28":"product-type-simple"},"_links":{"self":[{"href":"https:\/\/baldumarket.lt\/lt\/wp-json\/wp\/v2\/product\/21947","targetHints":{"allow":["GET"]}}],"collection":[{"href":"https:\/\/baldumarket.lt\/lt\/wp-json\/wp\/v2\/product"}],"about":[{"href":"https:\/\/baldumarket.lt\/lt\/wp-json\/wp\/v2\/types\/product"}],"replies":[{"embeddable":true,"href":"https:\/\/baldumarket.lt\/lt\/wp-json\/wp\/v2\/comments?post=21947"}],"wp:featuredmedia":[{"embeddable":true,"href":"https:\/\/baldumarket.lt\/lt\/wp-json\/wp\/v2\/media\/21924"}],"wp:attachment":[{"href":"https:\/\/baldumarket.lt\/lt\/wp-json\/wp\/v2\/media?parent=21947"}],"wp:term":[{"taxonomy":"product_brand","embeddable":true,"href":"https:\/\/baldumarket.lt\/lt\/wp-json\/wp\/v2\/product_brand?post=21947"},{"taxonomy":"product_cat","embeddable":true,"href":"https:\/\/baldumarket.lt\/lt\/wp-json\/wp\/v2\/product_cat?post=21947"},{"taxonomy":"product_tag","embeddable":true,"href":"https:\/\/baldumarket.lt\/lt\/wp-json\/wp\/v2\/product_tag?post=21947"}],"curies":[{"name":"wp","href":"https:\/\/api.w.org\/{rel}","templated":true}]}}