{"id":219462,"date":"2026-02-11T17:03:19","date_gmt":"2026-02-11T14:03:19","guid":{"rendered":"https:\/\/baldumarket.lt\/product\/materac-medyczny-healthy-120x200-cm-dwustronny-piankowy-lateks-zdejmowany-pokrowiec-h5-comforteo\/"},"modified":"2026-02-11T17:03:20","modified_gmt":"2026-02-11T14:03:20","slug":"materac-medyczny-healthy-120x200-cm-dwustronny-piankowy-lateks-zdejmowany-pokrowiec-h5-comforteo","status":"publish","type":"product","link":"https:\/\/baldumarket.lt\/lt\/product\/materac-medyczny-healthy-120x200-cm-dwustronny-piankowy-lateks-zdejmowany-pokrowiec-h5-comforteo\/","title":{"rendered":"Sveikas medicininis \u010diu\u017einys, 120\u00d7200 cm, dvipusis, putplastis, lateksas, nuimamas u\u017evalkalas, H5, Comforteo"},"content":{"rendered":"<p>Jei ie\u0161kote labai kieto, bet patogaus \u010diu\u017einio vienam asmeniui ar porai, \u201eHealthy 120\u00d7200 H5\u201c modelis yra puikus pasirinkimas. \u0160is platus, vienvietis \u010diu\u017einys (arba kompakti\u0161kas dvivietis) pagamintas i\u0161 tankaus, lankstaus latekso, suteikian\u010dio tvirt\u0105 atram\u0105 visam k\u016bnui \u2013 ypa\u010d esant didesn\u0117ms apkrovoms. D\u0117l labai didelio H5 kietumo \u0161is modelis idealiai tinka tiems, kuriems reikalinga maksimali stuburo stabilizacija, taip pat sunkesniems vartotojams, kurie miega ant nugaros ar pilvo.<\/p>","protected":false},"excerpt":{"rendered":"<p>Plotis: 120 cm<br \/>\nIlgis: 200 cm<br \/>\nAuk\u0161tis: 20 cm<br \/>\nMiegamasis plotas: 120 \u00d7 200 cm<br \/>\n\u010ciu\u017einio tipas: Putplastis su lateksu<\/p>","protected":false},"featured_media":219463,"comment_status":"open","ping_status":"open","template":"","meta":[],"product_brand":[],"product_cat":[7906,1099,1976],"product_tag":[],"class_list":{"0":"post-219462","1":"product","2":"type-product","3":"status-publish","4":"has-post-thumbnail","6":"product_cat-comforteo","7":"product_cat-mattresses","8":"product_cat-mattresses-120x200","10":"first","11":"instock","12":"purchasable","13":"product-type-simple"},"_links":{"self":[{"href":"https:\/\/baldumarket.lt\/lt\/wp-json\/wp\/v2\/product\/219462","targetHints":{"allow":["GET"]}}],"collection":[{"href":"https:\/\/baldumarket.lt\/lt\/wp-json\/wp\/v2\/product"}],"about":[{"href":"https:\/\/baldumarket.lt\/lt\/wp-json\/wp\/v2\/types\/product"}],"replies":[{"embeddable":true,"href":"https:\/\/baldumarket.lt\/lt\/wp-json\/wp\/v2\/comments?post=219462"}],"wp:featuredmedia":[{"embeddable":true,"href":"https:\/\/baldumarket.lt\/lt\/wp-json\/wp\/v2\/media\/219463"}],"wp:attachment":[{"href":"https:\/\/baldumarket.lt\/lt\/wp-json\/wp\/v2\/media?parent=219462"}],"wp:term":[{"taxonomy":"product_brand","embeddable":true,"href":"https:\/\/baldumarket.lt\/lt\/wp-json\/wp\/v2\/product_brand?post=219462"},{"taxonomy":"product_cat","embeddable":true,"href":"https:\/\/baldumarket.lt\/lt\/wp-json\/wp\/v2\/product_cat?post=219462"},{"taxonomy":"product_tag","embeddable":true,"href":"https:\/\/baldumarket.lt\/lt\/wp-json\/wp\/v2\/product_tag?post=219462"}],"curies":[{"name":"wp","href":"https:\/\/api.w.org\/{rel}","templated":true}]}}