{"id":219454,"date":"2026-02-11T17:03:18","date_gmt":"2026-02-11T14:03:18","guid":{"rendered":"https:\/\/baldumarket.lt\/product\/materac-medyczny-healthy-140x200-cm-dwustronny-piankowy-lateks-zdejmowany-pokrowiec-h5-comforteo\/"},"modified":"2026-02-11T17:03:19","modified_gmt":"2026-02-11T14:03:19","slug":"materac-medyczny-healthy-140x200-cm-dwustronny-piankowy-lateks-zdejmowany-pokrowiec-h5-comforteo","status":"publish","type":"product","link":"https:\/\/baldumarket.lt\/lt\/product\/materac-medyczny-healthy-140x200-cm-dwustronny-piankowy-lateks-zdejmowany-pokrowiec-h5-comforteo\/","title":{"rendered":"Sveikas medicininis \u010diu\u017einys, 140\u00d7200 cm, dvipusis, putplastis, lateksas, nuimamas u\u017evalkalas, H5, Comforteo"},"content":{"rendered":"<p>Ie\u0161kote tvirtos atramos ir stabilumo miegodami, neaukodami komforto? \u201eHealthy 140\u00d7200 H5\u201c \u010diu\u017einys yra labai tvirtas latekso modelis, skirtas tiems, kurie ie\u0161ko i\u0161skirtinio patvarumo ir tvirtumo. D\u0117l didelio miego pavir\u0161iaus ploto (140\u00d7200 cm) jis suteikia patogi\u0105 erdv\u0119 vienam asmeniui ar porai, u\u017etikrindamas puiki\u0105 atram\u0105 per vis\u0105 ilg\u012f ir plot\u012f.<\/p>","protected":false},"excerpt":{"rendered":"<p>Plotis: 140 cm<br \/>\nIlgis: 200 cm<br \/>\nAuk\u0161tis: 20 cm<br \/>\nMiegamasis plotas: 140 \u00d7 200 cm<br \/>\n\u010ciu\u017einio tipas: Putplastis su lateksu<\/p>","protected":false},"featured_media":219455,"comment_status":"open","ping_status":"open","template":"","meta":[],"product_brand":[],"product_cat":[7906,1099,1977],"product_tag":[],"class_list":{"0":"post-219454","1":"product","2":"type-product","3":"status-publish","4":"has-post-thumbnail","6":"product_cat-comforteo","7":"product_cat-mattresses","8":"product_cat-mattresses-140x200","10":"first","11":"instock","12":"purchasable","13":"product-type-simple"},"_links":{"self":[{"href":"https:\/\/baldumarket.lt\/lt\/wp-json\/wp\/v2\/product\/219454","targetHints":{"allow":["GET"]}}],"collection":[{"href":"https:\/\/baldumarket.lt\/lt\/wp-json\/wp\/v2\/product"}],"about":[{"href":"https:\/\/baldumarket.lt\/lt\/wp-json\/wp\/v2\/types\/product"}],"replies":[{"embeddable":true,"href":"https:\/\/baldumarket.lt\/lt\/wp-json\/wp\/v2\/comments?post=219454"}],"wp:featuredmedia":[{"embeddable":true,"href":"https:\/\/baldumarket.lt\/lt\/wp-json\/wp\/v2\/media\/219455"}],"wp:attachment":[{"href":"https:\/\/baldumarket.lt\/lt\/wp-json\/wp\/v2\/media?parent=219454"}],"wp:term":[{"taxonomy":"product_brand","embeddable":true,"href":"https:\/\/baldumarket.lt\/lt\/wp-json\/wp\/v2\/product_brand?post=219454"},{"taxonomy":"product_cat","embeddable":true,"href":"https:\/\/baldumarket.lt\/lt\/wp-json\/wp\/v2\/product_cat?post=219454"},{"taxonomy":"product_tag","embeddable":true,"href":"https:\/\/baldumarket.lt\/lt\/wp-json\/wp\/v2\/product_tag?post=219454"}],"curies":[{"name":"wp","href":"https:\/\/api.w.org\/{rel}","templated":true}]}}