{"id":219446,"date":"2026-02-11T17:03:16","date_gmt":"2026-02-11T14:03:16","guid":{"rendered":"https:\/\/baldumarket.lt\/product\/materac-medyczny-healthy-160x200-cm-dwustronny-piankowy-lateks-zdejmowany-pokrowiec-h5-comforteo\/"},"modified":"2026-02-11T17:03:17","modified_gmt":"2026-02-11T14:03:17","slug":"materac-medyczny-healthy-160x200-cm-dwustronny-piankowy-lateks-zdejmowany-pokrowiec-h5-comforteo","status":"publish","type":"product","link":"https:\/\/baldumarket.lt\/lt\/product\/materac-medyczny-healthy-160x200-cm-dwustronny-piankowy-lateks-zdejmowany-pokrowiec-h5-comforteo\/","title":{"rendered":"Sveikas medicininis \u010diu\u017einys, 160\u00d7200 cm, dvipusis, putplastis, lateksas, nuimamas u\u017evalkalas, H5, Comforteo"},"content":{"rendered":"<p>\u201eHealthy 160\u00d7200 H5\u201c \u2013 tai labai tvirtas latekso \u010diu\u017einys, specialiai sukurtas tiems, kurie siekia auk\u0161\u010diausio stabilumo, ilgaam\u017ei\u0161kumo ir miego higienos lygio. Didelis 160\u00d7200 cm miegojimo plotas idealiai tinka poroms, kurios vertina komfort\u0105 ir kartu nori tvirtos atramos ne\u012fsmigdamos. D\u0117l didelio tankio latekso put\u0173, kuri\u0173 kietumo \u012fvertinimas yra H5, \u010diu\u017einys pasi\u017eymi maksimaliu tvirtumu, palaikydamas taisykling\u0105 k\u016bno laikysen\u0105 vis\u0105 nakt\u012f \u2013 nepriklausomai nuo miegojimo pad\u0117ties.<\/p>","protected":false},"excerpt":{"rendered":"<p>Plotis: 160 cm<br \/>\nIlgis: 200 cm<br \/>\nAuk\u0161tis: 20 cm<br \/>\nMiegamoji erdv\u0117: 160 \u00d7 200 cm<br \/>\n\u010ciu\u017einio tipas: Putplastis su lateksu<\/p>","protected":false},"featured_media":219447,"comment_status":"open","ping_status":"open","template":"","meta":[],"product_brand":[],"product_cat":[7906,1099,1978],"product_tag":[],"class_list":{"0":"post-219446","1":"product","2":"type-product","3":"status-publish","4":"has-post-thumbnail","6":"product_cat-comforteo","7":"product_cat-mattresses","8":"product_cat-mattresses-160x200","10":"first","11":"instock","12":"purchasable","13":"product-type-simple"},"_links":{"self":[{"href":"https:\/\/baldumarket.lt\/lt\/wp-json\/wp\/v2\/product\/219446","targetHints":{"allow":["GET"]}}],"collection":[{"href":"https:\/\/baldumarket.lt\/lt\/wp-json\/wp\/v2\/product"}],"about":[{"href":"https:\/\/baldumarket.lt\/lt\/wp-json\/wp\/v2\/types\/product"}],"replies":[{"embeddable":true,"href":"https:\/\/baldumarket.lt\/lt\/wp-json\/wp\/v2\/comments?post=219446"}],"wp:featuredmedia":[{"embeddable":true,"href":"https:\/\/baldumarket.lt\/lt\/wp-json\/wp\/v2\/media\/219447"}],"wp:attachment":[{"href":"https:\/\/baldumarket.lt\/lt\/wp-json\/wp\/v2\/media?parent=219446"}],"wp:term":[{"taxonomy":"product_brand","embeddable":true,"href":"https:\/\/baldumarket.lt\/lt\/wp-json\/wp\/v2\/product_brand?post=219446"},{"taxonomy":"product_cat","embeddable":true,"href":"https:\/\/baldumarket.lt\/lt\/wp-json\/wp\/v2\/product_cat?post=219446"},{"taxonomy":"product_tag","embeddable":true,"href":"https:\/\/baldumarket.lt\/lt\/wp-json\/wp\/v2\/product_tag?post=219446"}],"curies":[{"name":"wp","href":"https:\/\/api.w.org\/{rel}","templated":true}]}}