{"id":219430,"date":"2026-02-11T17:03:12","date_gmt":"2026-02-11T14:03:12","guid":{"rendered":"https:\/\/baldumarket.lt\/product\/materac-medyczny-healthy-80x200-cm-dwustronny-piankowy-lateks-zdejmowany-pokrowiec-h5-comforteo\/"},"modified":"2026-02-11T17:03:15","modified_gmt":"2026-02-11T14:03:15","slug":"materac-medyczny-healthy-80x200-cm-dwustronny-piankowy-lateks-zdejmowany-pokrowiec-h5-comforteo","status":"publish","type":"product","link":"https:\/\/baldumarket.lt\/lt\/product\/materac-medyczny-healthy-80x200-cm-dwustronny-piankowy-lateks-zdejmowany-pokrowiec-h5-comforteo\/","title":{"rendered":"Sveikas medicininis \u010diu\u017einys, 80\u00d7200 cm, dvipusis, putplastis, lateksas, nuimamas u\u017evalkalas, H5, Comforteo"},"content":{"rendered":"<p>\u201eHealthy 80\u00d7200\u201c \u2013 tai auk\u0161tos kokyb\u0117s, vienam asmeniui skirtas latekso \u010diu\u017einys, skirtas sveikam, atkurian\u010diam miegui ir maksimaliam komfortui. \u0160is modelis sujungia geriausias nat\u016bralaus latekso savybes su moderniais ergonominiais sprendimais ir funkcijomis, kurios palaiko taisykling\u0105 stuburo pad\u0117t\u012f. D\u0117l didelio latekso put\u0173 tankio ir elastingumo \u010diu\u017einys ne tik prisitaiko prie k\u016bno, bet ir efektyviai suma\u017eina spaudimo ta\u0161kus, \u017eymiai pagerina kraujotak\u0105 ir leid\u017eia visi\u0161kai atpalaiduoti raumenis miego metu. \u0160i parinktis ypa\u010d rekomenduojama tiems, kurie ken\u010dia nuo nugaros skausm\u0173, raumen\u0173 \u012ftampos, nemigos, taip pat senjorams ir sunkesnio svorio vartotojams.<\/p>","protected":false},"excerpt":{"rendered":"<p>Plotis: 80 cm<br \/>\nIlgis: 200 cm<br \/>\nAuk\u0161tis: 20 cm<br \/>\nMiegamoji erdv\u0117: 80 \u00d7 200 cm<br \/>\n\u010ciu\u017einio tipas: Putplastis su lateksu<\/p>","protected":false},"featured_media":219431,"comment_status":"open","ping_status":"open","template":"","meta":[],"product_brand":[],"product_cat":[7906,1099],"product_tag":[],"class_list":{"0":"post-219430","1":"product","2":"type-product","3":"status-publish","4":"has-post-thumbnail","6":"product_cat-comforteo","7":"product_cat-mattresses","9":"first","10":"instock","11":"purchasable","12":"product-type-simple"},"_links":{"self":[{"href":"https:\/\/baldumarket.lt\/lt\/wp-json\/wp\/v2\/product\/219430","targetHints":{"allow":["GET"]}}],"collection":[{"href":"https:\/\/baldumarket.lt\/lt\/wp-json\/wp\/v2\/product"}],"about":[{"href":"https:\/\/baldumarket.lt\/lt\/wp-json\/wp\/v2\/types\/product"}],"replies":[{"embeddable":true,"href":"https:\/\/baldumarket.lt\/lt\/wp-json\/wp\/v2\/comments?post=219430"}],"wp:featuredmedia":[{"embeddable":true,"href":"https:\/\/baldumarket.lt\/lt\/wp-json\/wp\/v2\/media\/219431"}],"wp:attachment":[{"href":"https:\/\/baldumarket.lt\/lt\/wp-json\/wp\/v2\/media?parent=219430"}],"wp:term":[{"taxonomy":"product_brand","embeddable":true,"href":"https:\/\/baldumarket.lt\/lt\/wp-json\/wp\/v2\/product_brand?post=219430"},{"taxonomy":"product_cat","embeddable":true,"href":"https:\/\/baldumarket.lt\/lt\/wp-json\/wp\/v2\/product_cat?post=219430"},{"taxonomy":"product_tag","embeddable":true,"href":"https:\/\/baldumarket.lt\/lt\/wp-json\/wp\/v2\/product_tag?post=219430"}],"curies":[{"name":"wp","href":"https:\/\/api.w.org\/{rel}","templated":true}]}}