{"id":219422,"date":"2026-02-11T17:03:10","date_gmt":"2026-02-11T14:03:10","guid":{"rendered":"https:\/\/baldumarket.lt\/product\/materac-medyczny-healthy-90x200-cm-dwustronny-piankowy-lateks-zdejmowany-pokrowiec-h5-comforteo\/"},"modified":"2026-02-11T17:03:11","modified_gmt":"2026-02-11T14:03:11","slug":"materac-medyczny-healthy-90x200-cm-dwustronny-piankowy-lateks-zdejmowany-pokrowiec-h5-comforteo","status":"publish","type":"product","link":"https:\/\/baldumarket.lt\/lt\/product\/materac-medyczny-healthy-90x200-cm-dwustronny-piankowy-lateks-zdejmowany-pokrowiec-h5-comforteo\/","title":{"rendered":"Sveikas medicininis \u010diu\u017einys, 90\u00d7200 cm, dvipusis, putplastis, lateksas, nuimamas u\u017evalkalas, H5, Comforteo"},"content":{"rendered":"<p>Ie\u0161kote patogaus ir sveiko sprendimo viengulei lovai? \u201eHealthy 90\u00d7200\u201c \u010diu\u017einys yra puikus pasirinkimas tiems, kurie nenori rinktis tarp patogumo ir funkcionalumo. \u0160is modernus modelis, pagamintas i\u0161 auk\u0161tos kokyb\u0117s latekso su nat\u016braliu kau\u010diuko pienu, puikiai tinka kasdienei stuburo, s\u0105nari\u0173 ir raumen\u0173 atramai \u2013 nepriklausomai nuo am\u017eiaus ar gyvenimo b\u016bdo.<\/p>","protected":false},"excerpt":{"rendered":"<p>Plotis: 90 cm<br \/>\nIlgis: 200 cm<br \/>\nAuk\u0161tis: 20 cm<br \/>\nMiegamoji erdv\u0117: 90 \u00d7 200 cm<br \/>\n\u010ciu\u017einio tipas: Putplastis su lateksu<\/p>","protected":false},"featured_media":219423,"comment_status":"open","ping_status":"open","template":"","meta":[],"product_brand":[],"product_cat":[7906,1099,1975],"product_tag":[],"class_list":{"0":"post-219422","1":"product","2":"type-product","3":"status-publish","4":"has-post-thumbnail","6":"product_cat-comforteo","7":"product_cat-mattresses","8":"product_cat-mattresses-90x200","10":"first","11":"instock","12":"purchasable","13":"product-type-simple"},"_links":{"self":[{"href":"https:\/\/baldumarket.lt\/lt\/wp-json\/wp\/v2\/product\/219422","targetHints":{"allow":["GET"]}}],"collection":[{"href":"https:\/\/baldumarket.lt\/lt\/wp-json\/wp\/v2\/product"}],"about":[{"href":"https:\/\/baldumarket.lt\/lt\/wp-json\/wp\/v2\/types\/product"}],"replies":[{"embeddable":true,"href":"https:\/\/baldumarket.lt\/lt\/wp-json\/wp\/v2\/comments?post=219422"}],"wp:featuredmedia":[{"embeddable":true,"href":"https:\/\/baldumarket.lt\/lt\/wp-json\/wp\/v2\/media\/219423"}],"wp:attachment":[{"href":"https:\/\/baldumarket.lt\/lt\/wp-json\/wp\/v2\/media?parent=219422"}],"wp:term":[{"taxonomy":"product_brand","embeddable":true,"href":"https:\/\/baldumarket.lt\/lt\/wp-json\/wp\/v2\/product_brand?post=219422"},{"taxonomy":"product_cat","embeddable":true,"href":"https:\/\/baldumarket.lt\/lt\/wp-json\/wp\/v2\/product_cat?post=219422"},{"taxonomy":"product_tag","embeddable":true,"href":"https:\/\/baldumarket.lt\/lt\/wp-json\/wp\/v2\/product_tag?post=219422"}],"curies":[{"name":"wp","href":"https:\/\/api.w.org\/{rel}","templated":true}]}}