{"id":219350,"date":"2026-02-11T17:02:57","date_gmt":"2026-02-11T14:02:57","guid":{"rendered":"https:\/\/baldumarket.lt\/product\/materac-medyczny-pretty-100x200-cm-dwustronny-multipocket-sprezyny-pianka-hr-lateks-zdejmowany-pokrowiech3-h4-comforteo\/"},"modified":"2026-02-11T17:02:58","modified_gmt":"2026-02-11T14:02:58","slug":"materac-medyczny-pretty-100x200-cm-dwustronny-multipocket-sprezyny-pianka-hr-lateks-zdejmowany-pokrowiech3-h4-comforteo","status":"publish","type":"product","link":"https:\/\/baldumarket.lt\/lt\/product\/materac-medyczny-pretty-100x200-cm-dwustronny-multipocket-sprezyny-pianka-hr-lateks-zdejmowany-pokrowiech3-h4-comforteo\/","title":{"rendered":"Pretty medicininis \u010diu\u017einys, 100\u00d7200 cm, dvipusis, su daugiaki\u0161en\u0117mis spyruokl\u0117mis, HR putomis, lateksu, nuimamu u\u017evalkalu, H3\/H4, Comforteo"},"content":{"rendered":"<p>\u201ePretty\u201c medicininis \u010diu\u017einys, kurio matmenys \u2013 100 \u00d7 200 cm, yra unikalus pasirinkimas tiems, kurie vertina didesn\u0119 miegojimo erdv\u0119, auk\u0161\u010diausio lygio komfort\u0105 ir visapusi\u0161k\u0105 ortopedin\u0119 atram\u0105. \u0160is viengulis \u010diu\u017einys yra prailgintos versijos \u2013 idealiai tinka suaugusiesiems, senjorams, jaunimui ir reikliems vieni\u0161iems miegantiems asmenims.<\/p>","protected":false},"excerpt":{"rendered":"<p>Plotis: 100 cm<br \/>\nIlgis: 200 cm<br \/>\nAuk\u0161tis: 20 cm<br \/>\nMiegamasis plotas: 100 \u00d7 200 cm<br \/>\n\u010ciu\u017einio tipas: Ki\u0161enin\u0117s spyruokl\u0117s su antibakterin\u0117mis putomis ir \u201eXfoam\u201c putomis<\/p>","protected":false},"featured_media":219351,"comment_status":"open","ping_status":"open","template":"","meta":[],"product_brand":[],"product_cat":[7906,1099],"product_tag":[],"class_list":{"0":"post-219350","1":"product","2":"type-product","3":"status-publish","4":"has-post-thumbnail","6":"product_cat-comforteo","7":"product_cat-mattresses","9":"first","10":"instock","11":"purchasable","12":"product-type-simple"},"_links":{"self":[{"href":"https:\/\/baldumarket.lt\/lt\/wp-json\/wp\/v2\/product\/219350","targetHints":{"allow":["GET"]}}],"collection":[{"href":"https:\/\/baldumarket.lt\/lt\/wp-json\/wp\/v2\/product"}],"about":[{"href":"https:\/\/baldumarket.lt\/lt\/wp-json\/wp\/v2\/types\/product"}],"replies":[{"embeddable":true,"href":"https:\/\/baldumarket.lt\/lt\/wp-json\/wp\/v2\/comments?post=219350"}],"wp:featuredmedia":[{"embeddable":true,"href":"https:\/\/baldumarket.lt\/lt\/wp-json\/wp\/v2\/media\/219351"}],"wp:attachment":[{"href":"https:\/\/baldumarket.lt\/lt\/wp-json\/wp\/v2\/media?parent=219350"}],"wp:term":[{"taxonomy":"product_brand","embeddable":true,"href":"https:\/\/baldumarket.lt\/lt\/wp-json\/wp\/v2\/product_brand?post=219350"},{"taxonomy":"product_cat","embeddable":true,"href":"https:\/\/baldumarket.lt\/lt\/wp-json\/wp\/v2\/product_cat?post=219350"},{"taxonomy":"product_tag","embeddable":true,"href":"https:\/\/baldumarket.lt\/lt\/wp-json\/wp\/v2\/product_tag?post=219350"}],"curies":[{"name":"wp","href":"https:\/\/api.w.org\/{rel}","templated":true}]}}