{"id":219342,"date":"2026-02-11T17:02:55","date_gmt":"2026-02-11T14:02:55","guid":{"rendered":"https:\/\/baldumarket.lt\/product\/materac-medyczny-pretty-120x200-cm-dwustronny-multipocket-sprezyny-pianka-hr-lateks-zdejmowany-pokrowiech3-h4-comforteo\/"},"modified":"2026-02-11T17:02:56","modified_gmt":"2026-02-11T14:02:56","slug":"materac-medyczny-pretty-120x200-cm-dwustronny-multipocket-sprezyny-pianka-hr-lateks-zdejmowany-pokrowiech3-h4-comforteo","status":"publish","type":"product","link":"https:\/\/baldumarket.lt\/lt\/product\/materac-medyczny-pretty-120x200-cm-dwustronny-multipocket-sprezyny-pianka-hr-lateks-zdejmowany-pokrowiech3-h4-comforteo\/","title":{"rendered":"Pretty medicininis \u010diu\u017einys, 120\u00d7200 cm, dvipusis, su daugiaki\u0161en\u0117mis spyruokl\u0117mis, HR putomis, lateksu, nuimamu u\u017evalkalu, H3\/H4, Comforteo"},"content":{"rendered":"<p>\u201ePretty 120\u00d7200 cm\u201c \u010diu\u017einys \u2013 puikus sprendimas tiems, kurie vertina didesn\u0119 miegojimo erdv\u0119, auk\u0161\u010diausio lygio komfort\u0105 ir efektyvi\u0105 stuburo atram\u0105. \u0160is didesnis viengulis \u010diu\u017einys garantuoja prabang\u0173 poils\u012f ir atitinka auk\u0161\u010diausius medicininius standartus. D\u0117l savo dizaino ir sveikat\u0105 stiprinan\u010di\u0173 savybi\u0173 \u0161is modelis rekomenduojamas tiek namams, tiek profesionaliam naudojimui, \u012fskaitant slaugos namus, sve\u010di\u0173 namus ir nuomojamus butus.<\/p>","protected":false},"excerpt":{"rendered":"<p>Plotis: 120 cm<br \/>\nIlgis: 200 cm<br \/>\nAuk\u0161tis: 20 cm<br \/>\nMiegamasis plotas: 120 \u00d7 200 cm<br \/>\n\u010ciu\u017einio tipas: Ki\u0161enin\u0117s spyruokl\u0117s su antibakterin\u0117mis putomis ir \u201eXfoam\u201c putomis<\/p>","protected":false},"featured_media":219343,"comment_status":"open","ping_status":"open","template":"","meta":[],"product_brand":[],"product_cat":[7906,1099,1976],"product_tag":[],"class_list":{"0":"post-219342","1":"product","2":"type-product","3":"status-publish","4":"has-post-thumbnail","6":"product_cat-comforteo","7":"product_cat-mattresses","8":"product_cat-mattresses-120x200","10":"first","11":"instock","12":"purchasable","13":"product-type-simple"},"_links":{"self":[{"href":"https:\/\/baldumarket.lt\/lt\/wp-json\/wp\/v2\/product\/219342","targetHints":{"allow":["GET"]}}],"collection":[{"href":"https:\/\/baldumarket.lt\/lt\/wp-json\/wp\/v2\/product"}],"about":[{"href":"https:\/\/baldumarket.lt\/lt\/wp-json\/wp\/v2\/types\/product"}],"replies":[{"embeddable":true,"href":"https:\/\/baldumarket.lt\/lt\/wp-json\/wp\/v2\/comments?post=219342"}],"wp:featuredmedia":[{"embeddable":true,"href":"https:\/\/baldumarket.lt\/lt\/wp-json\/wp\/v2\/media\/219343"}],"wp:attachment":[{"href":"https:\/\/baldumarket.lt\/lt\/wp-json\/wp\/v2\/media?parent=219342"}],"wp:term":[{"taxonomy":"product_brand","embeddable":true,"href":"https:\/\/baldumarket.lt\/lt\/wp-json\/wp\/v2\/product_brand?post=219342"},{"taxonomy":"product_cat","embeddable":true,"href":"https:\/\/baldumarket.lt\/lt\/wp-json\/wp\/v2\/product_cat?post=219342"},{"taxonomy":"product_tag","embeddable":true,"href":"https:\/\/baldumarket.lt\/lt\/wp-json\/wp\/v2\/product_tag?post=219342"}],"curies":[{"name":"wp","href":"https:\/\/api.w.org\/{rel}","templated":true}]}}