{"id":219334,"date":"2026-02-11T17:02:53","date_gmt":"2026-02-11T14:02:53","guid":{"rendered":"https:\/\/baldumarket.lt\/product\/materac-medyczny-pretty-140x200-cm-dwustronny-multipocket-sprezyny-pianka-hr-lateks-zdejmowany-pokrowiech3-h4-comforteo\/"},"modified":"2026-02-11T17:02:55","modified_gmt":"2026-02-11T14:02:55","slug":"materac-medyczny-pretty-140x200-cm-dwustronny-multipocket-sprezyny-pianka-hr-lateks-zdejmowany-pokrowiech3-h4-comforteo","status":"publish","type":"product","link":"https:\/\/baldumarket.lt\/lt\/product\/materac-medyczny-pretty-140x200-cm-dwustronny-multipocket-sprezyny-pianka-hr-lateks-zdejmowany-pokrowiech3-h4-comforteo\/","title":{"rendered":"Pretty medicininis \u010diu\u017einys, 140\u00d7200 cm, dvipusis, su daugiaki\u0161en\u0117mis spyruokl\u0117mis, HR putomis, lateksu, nuimamu u\u017evalkalu, H3\/H4, Comforteo"},"content":{"rendered":"<p>\u201ePretty 140\u00d7200 cm\u201c \u2013 tai auk\u0161\u010diausios kokyb\u0117s medicinin\u0117s klas\u0117s \u010diu\u017einys, pasi\u017eymintis puikiu erdv\u0117s, pa\u017eangaus dizaino ir sveikat\u0105 stiprinan\u010di\u0173 savybi\u0173 deriniu. 140 cm plotis idealiai tinka poroms, vertinan\u010dioms patog\u0173 ir ergonomi\u0161k\u0105 mieg\u0105, arba vieni\u0161iems miegantiems asmenims, kuriems reikia daugiau erdv\u0117s ir stabilios stuburo atramos.<\/p>","protected":false},"excerpt":{"rendered":"<p>Plotis: 140 cm<br \/>\nIlgis: 200 cm<br \/>\nAuk\u0161tis: 20 cm<br \/>\nMiegamasis plotas: 140 \u00d7 200 cm<br \/>\n\u010ciu\u017einio tipas: Ki\u0161enin\u0117s spyruokl\u0117s su antibakterin\u0117mis putomis ir \u201eXfoam\u201c putomis<\/p>","protected":false},"featured_media":219335,"comment_status":"open","ping_status":"open","template":"","meta":[],"product_brand":[],"product_cat":[7906,1099,1977],"product_tag":[],"class_list":{"0":"post-219334","1":"product","2":"type-product","3":"status-publish","4":"has-post-thumbnail","6":"product_cat-comforteo","7":"product_cat-mattresses","8":"product_cat-mattresses-140x200","10":"first","11":"instock","12":"purchasable","13":"product-type-simple"},"_links":{"self":[{"href":"https:\/\/baldumarket.lt\/lt\/wp-json\/wp\/v2\/product\/219334","targetHints":{"allow":["GET"]}}],"collection":[{"href":"https:\/\/baldumarket.lt\/lt\/wp-json\/wp\/v2\/product"}],"about":[{"href":"https:\/\/baldumarket.lt\/lt\/wp-json\/wp\/v2\/types\/product"}],"replies":[{"embeddable":true,"href":"https:\/\/baldumarket.lt\/lt\/wp-json\/wp\/v2\/comments?post=219334"}],"wp:featuredmedia":[{"embeddable":true,"href":"https:\/\/baldumarket.lt\/lt\/wp-json\/wp\/v2\/media\/219335"}],"wp:attachment":[{"href":"https:\/\/baldumarket.lt\/lt\/wp-json\/wp\/v2\/media?parent=219334"}],"wp:term":[{"taxonomy":"product_brand","embeddable":true,"href":"https:\/\/baldumarket.lt\/lt\/wp-json\/wp\/v2\/product_brand?post=219334"},{"taxonomy":"product_cat","embeddable":true,"href":"https:\/\/baldumarket.lt\/lt\/wp-json\/wp\/v2\/product_cat?post=219334"},{"taxonomy":"product_tag","embeddable":true,"href":"https:\/\/baldumarket.lt\/lt\/wp-json\/wp\/v2\/product_tag?post=219334"}],"curies":[{"name":"wp","href":"https:\/\/api.w.org\/{rel}","templated":true}]}}