{"id":219318,"date":"2026-02-11T17:02:50","date_gmt":"2026-02-11T14:02:50","guid":{"rendered":"https:\/\/baldumarket.lt\/product\/materac-medyczny-pretty-180x200-cm-dwustronny-multipocket-sprezyny-pianka-hr-lateks-zdejmowany-pokrowiech3-h4-comforteo\/"},"modified":"2026-02-11T17:02:51","modified_gmt":"2026-02-11T14:02:51","slug":"materac-medyczny-pretty-180x200-cm-dwustronny-multipocket-sprezyny-pianka-hr-lateks-zdejmowany-pokrowiech3-h4-comforteo","status":"publish","type":"product","link":"https:\/\/baldumarket.lt\/lt\/product\/materac-medyczny-pretty-180x200-cm-dwustronny-multipocket-sprezyny-pianka-hr-lateks-zdejmowany-pokrowiech3-h4-comforteo\/","title":{"rendered":"Pretty medicininis \u010diu\u017einys, 180\u00d7200 cm, dvipusis, su daugiaki\u0161en\u0117mis spyruokl\u0117mis, HR putomis, lateksu, nuimamu u\u017evalkalu, H3\/H4, Comforteo"},"content":{"rendered":"<p>Medicininis \u010diu\u017einys \u201ePretty\u201c, 180 \u00d7 200 cm, yra puikus sprendimas tiems, kurie vertina komfort\u0105, auk\u0161t\u0105 gamybos kokyb\u0119 ir visapusi\u0161k\u0105 ortopedin\u0119 atram\u0105. \u0160is erdvus modelis buvo sukurtas siekiant u\u017etikrinti sveik\u0105 ir ram\u0173 mieg\u0105 tiek poroms, tiek individualiems asmenims, kuriems reikalingas didesnis \u010diu\u017einio plotas.<\/p>","protected":false},"excerpt":{"rendered":"<p>Plotis: 180 cm<br \/>\nIlgis: 200 cm<br \/>\nAuk\u0161tis: 20 cm<br \/>\nMiegamoji erdv\u0117: 180 \u00d7 200 cm<br \/>\n\u010ciu\u017einio tipas: Ki\u0161enin\u0117s spyruokl\u0117s su antibakterin\u0117mis putomis ir \u201eXfoam\u201c putomis<\/p>","protected":false},"featured_media":219319,"comment_status":"open","ping_status":"open","template":"","meta":[],"product_brand":[],"product_cat":[7906,1099,1979],"product_tag":[],"class_list":{"0":"post-219318","1":"product","2":"type-product","3":"status-publish","4":"has-post-thumbnail","6":"product_cat-comforteo","7":"product_cat-mattresses","8":"product_cat-mattresses-180x200","10":"first","11":"instock","12":"purchasable","13":"product-type-simple"},"_links":{"self":[{"href":"https:\/\/baldumarket.lt\/lt\/wp-json\/wp\/v2\/product\/219318","targetHints":{"allow":["GET"]}}],"collection":[{"href":"https:\/\/baldumarket.lt\/lt\/wp-json\/wp\/v2\/product"}],"about":[{"href":"https:\/\/baldumarket.lt\/lt\/wp-json\/wp\/v2\/types\/product"}],"replies":[{"embeddable":true,"href":"https:\/\/baldumarket.lt\/lt\/wp-json\/wp\/v2\/comments?post=219318"}],"wp:featuredmedia":[{"embeddable":true,"href":"https:\/\/baldumarket.lt\/lt\/wp-json\/wp\/v2\/media\/219319"}],"wp:attachment":[{"href":"https:\/\/baldumarket.lt\/lt\/wp-json\/wp\/v2\/media?parent=219318"}],"wp:term":[{"taxonomy":"product_brand","embeddable":true,"href":"https:\/\/baldumarket.lt\/lt\/wp-json\/wp\/v2\/product_brand?post=219318"},{"taxonomy":"product_cat","embeddable":true,"href":"https:\/\/baldumarket.lt\/lt\/wp-json\/wp\/v2\/product_cat?post=219318"},{"taxonomy":"product_tag","embeddable":true,"href":"https:\/\/baldumarket.lt\/lt\/wp-json\/wp\/v2\/product_tag?post=219318"}],"curies":[{"name":"wp","href":"https:\/\/api.w.org\/{rel}","templated":true}]}}