{"id":219294,"date":"2026-02-11T17:02:44","date_gmt":"2026-02-11T14:02:44","guid":{"rendered":"https:\/\/baldumarket.lt\/product\/materac-medyczny-pretty-90x200-cm-dwustronny-multipocket-sprezyny-pianka-hr-lateks-zdejmowany-pokrowiec-h3-h4-comforteo\/"},"modified":"2026-02-11T17:02:46","modified_gmt":"2026-02-11T14:02:46","slug":"materac-medyczny-pretty-90x200-cm-dwustronny-multipocket-sprezyny-pianka-hr-lateks-zdejmowany-pokrowiec-h3-h4-comforteo","status":"publish","type":"product","link":"https:\/\/baldumarket.lt\/lt\/product\/materac-medyczny-pretty-90x200-cm-dwustronny-multipocket-sprezyny-pianka-hr-lateks-zdejmowany-pokrowiec-h3-h4-comforteo\/","title":{"rendered":"Pretty medicininis \u010diu\u017einys, 90\u00d7200 cm, dvipusis, su daugiaki\u0161en\u0117mis spyruokl\u0117mis, HR putomis, lateksu, nuimamu u\u017evalkalu, H3\/H4, Comforteo"},"content":{"rendered":"<p>90 \u00d7 200 cm dyd\u017eio medicininis \u010diu\u017einys \u201ePretty\u201c yra puikus pasirinkimas ie\u0161kantiems patogaus, tvirto ir sveikat\u0105 palaikan\u010dio miego sprendimo. \u0160is auk\u0161\u010diausios klas\u0117s vieno asmens modelis idealiai tinka priva\u010diam miegamajam, vaiko kambariui, vie\u0161bu\u010diui ar sve\u010di\u0173 namams.<\/p>","protected":false},"excerpt":{"rendered":"<p>Plotis: 90 cm<br \/>\nIlgis: 200 cm<br \/>\nAuk\u0161tis: 20 cm<br \/>\nMiegamoji erdv\u0117: 90 \u00d7 200 cm<br \/>\n\u010ciu\u017einio tipas: Ki\u0161enin\u0117s spyruokl\u0117s su antibakterin\u0117mis putomis ir \u201eXfoam\u201c putomis<\/p>","protected":false},"featured_media":219295,"comment_status":"open","ping_status":"open","template":"","meta":[],"product_brand":[],"product_cat":[7906,1099,1975],"product_tag":[],"class_list":{"0":"post-219294","1":"product","2":"type-product","3":"status-publish","4":"has-post-thumbnail","6":"product_cat-comforteo","7":"product_cat-mattresses","8":"product_cat-mattresses-90x200","10":"first","11":"instock","12":"purchasable","13":"product-type-simple"},"_links":{"self":[{"href":"https:\/\/baldumarket.lt\/lt\/wp-json\/wp\/v2\/product\/219294","targetHints":{"allow":["GET"]}}],"collection":[{"href":"https:\/\/baldumarket.lt\/lt\/wp-json\/wp\/v2\/product"}],"about":[{"href":"https:\/\/baldumarket.lt\/lt\/wp-json\/wp\/v2\/types\/product"}],"replies":[{"embeddable":true,"href":"https:\/\/baldumarket.lt\/lt\/wp-json\/wp\/v2\/comments?post=219294"}],"wp:featuredmedia":[{"embeddable":true,"href":"https:\/\/baldumarket.lt\/lt\/wp-json\/wp\/v2\/media\/219295"}],"wp:attachment":[{"href":"https:\/\/baldumarket.lt\/lt\/wp-json\/wp\/v2\/media?parent=219294"}],"wp:term":[{"taxonomy":"product_brand","embeddable":true,"href":"https:\/\/baldumarket.lt\/lt\/wp-json\/wp\/v2\/product_brand?post=219294"},{"taxonomy":"product_cat","embeddable":true,"href":"https:\/\/baldumarket.lt\/lt\/wp-json\/wp\/v2\/product_cat?post=219294"},{"taxonomy":"product_tag","embeddable":true,"href":"https:\/\/baldumarket.lt\/lt\/wp-json\/wp\/v2\/product_tag?post=219294"}],"curies":[{"name":"wp","href":"https:\/\/api.w.org\/{rel}","templated":true}]}}