{"id":219246,"date":"2026-02-11T17:02:30","date_gmt":"2026-02-11T14:02:30","guid":{"rendered":"https:\/\/baldumarket.lt\/product\/materac-medyczny-sleep-200x200-cm-dwustronny-kieszeniowy-sprezyny-pianka-xfoam-zdejmowany-pokrowiec-h3-comforteo\/"},"modified":"2026-02-11T17:02:32","modified_gmt":"2026-02-11T14:02:32","slug":"materac-medyczny-sleep-200x200-cm-dwustronny-kieszeniowy-sprezyny-pianka-xfoam-zdejmowany-pokrowiec-h3-comforteo","status":"publish","type":"product","link":"https:\/\/baldumarket.lt\/lt\/product\/materac-medyczny-sleep-200x200-cm-dwustronny-kieszeniowy-sprezyny-pianka-xfoam-zdejmowany-pokrowiec-h3-comforteo\/","title":{"rendered":"Medicininis \u010diu\u017einys miegui, 200\u00d7200 cm, dvipusis, ki\u0161enin\u0117s spyruokl\u0117s, \u201eXfoam\u201c putos, nuimamas u\u017evalkalas, H3, \u201eComforteo\u201c"},"content":{"rendered":"<p>Medicininis \u010diu\u017einys \u201eSleep 200\u00d7200 cm\u201c si\u016blo auk\u0161\u010diausi\u0105 komforto ir erdv\u0117s lyg\u012f \u2013 idealus pasirinkimas poroms, kurios tikisi maksimalaus komforto, puikaus k\u016bno palaikymo ir sveikat\u0105 stiprinan\u010di\u0173 savybi\u0173. \u0160is modelis sujungia pa\u017eang\u0173 ki\u0161enini\u0173 spyruokli\u0173 dizain\u0105 su moderniu, lanks\u010diu \u201eXFoam\u201c putplas\u010diu, sukurdamas tvirt\u0105 ir ergonomi\u0161k\u0105 viso k\u016bno atram\u0105, nepriklausomai nuo miegojimo pad\u0117ties.<\/p>","protected":false},"excerpt":{"rendered":"<p>Plotis: 200 cm<br \/>\nIlgis: 200 cm<br \/>\nAuk\u0161tis: 17 cm<br \/>\nMiegamasis plotas: 200 \u00d7 200 cm<br \/>\n\u010ciu\u017einio tipas: Ki\u0161enin\u0117s spyruokl\u0117s su antibakterin\u0117mis putomis ir \u201eXfoam\u201c putomis<\/p>","protected":false},"featured_media":219247,"comment_status":"open","ping_status":"open","template":"","meta":[],"product_brand":[],"product_cat":[7906,1099,9144],"product_tag":[],"class_list":{"0":"post-219246","1":"product","2":"type-product","3":"status-publish","4":"has-post-thumbnail","6":"product_cat-comforteo","7":"product_cat-mattresses","8":"product_cat-mattresses-200x200","10":"first","11":"instock","12":"purchasable","13":"product-type-simple"},"_links":{"self":[{"href":"https:\/\/baldumarket.lt\/lt\/wp-json\/wp\/v2\/product\/219246","targetHints":{"allow":["GET"]}}],"collection":[{"href":"https:\/\/baldumarket.lt\/lt\/wp-json\/wp\/v2\/product"}],"about":[{"href":"https:\/\/baldumarket.lt\/lt\/wp-json\/wp\/v2\/types\/product"}],"replies":[{"embeddable":true,"href":"https:\/\/baldumarket.lt\/lt\/wp-json\/wp\/v2\/comments?post=219246"}],"wp:featuredmedia":[{"embeddable":true,"href":"https:\/\/baldumarket.lt\/lt\/wp-json\/wp\/v2\/media\/219247"}],"wp:attachment":[{"href":"https:\/\/baldumarket.lt\/lt\/wp-json\/wp\/v2\/media?parent=219246"}],"wp:term":[{"taxonomy":"product_brand","embeddable":true,"href":"https:\/\/baldumarket.lt\/lt\/wp-json\/wp\/v2\/product_brand?post=219246"},{"taxonomy":"product_cat","embeddable":true,"href":"https:\/\/baldumarket.lt\/lt\/wp-json\/wp\/v2\/product_cat?post=219246"},{"taxonomy":"product_tag","embeddable":true,"href":"https:\/\/baldumarket.lt\/lt\/wp-json\/wp\/v2\/product_tag?post=219246"}],"curies":[{"name":"wp","href":"https:\/\/api.w.org\/{rel}","templated":true}]}}