{"id":219214,"date":"2026-02-11T17:02:19","date_gmt":"2026-02-11T14:02:19","guid":{"rendered":"https:\/\/baldumarket.lt\/product\/materac-medyczny-star-120x200-cm-dwustronny-kieszeniowy-sprezyny-pianka-xfoam-zdejmowany-pokrowiec-h4-comforteo\/"},"modified":"2026-02-11T17:02:22","modified_gmt":"2026-02-11T14:02:22","slug":"materac-medyczny-star-120x200-cm-dwustronny-kieszeniowy-sprezyny-pianka-xfoam-zdejmowany-pokrowiec-h4-comforteo","status":"publish","type":"product","link":"https:\/\/baldumarket.lt\/lt\/product\/materac-medyczny-star-120x200-cm-dwustronny-kieszeniowy-sprezyny-pianka-xfoam-zdejmowany-pokrowiec-h4-comforteo\/","title":{"rendered":"Medicininis \u010diu\u017einys \u201eStar\u201c, 120\u00d7200 cm, dvipusis, ki\u0161enin\u0117s spyruokl\u0117s, \u201eXfoam\u201c putos, nuimamas u\u017evalkalas, H4, \u201eComforteo\u201c"},"content":{"rendered":"<p>\u201eStar\u201c 120 \u00d7 200 cm medicininis \u010diu\u017einys, kurio kietumo klas\u0117 yra H4, yra auk\u0161tos kokyb\u0117s gaminys, kuriame derinamos ki\u0161enin\u0117s spyruokl\u0117s ir modernus \u201eXFoam\u201c putplastis, u\u017etikrinantis maksimal\u0173 komfort\u0105 ir atram\u0105 sveikam stuburui. Tai puikus pasirinkimas tiems, kurie ie\u0161ko erdvaus, patvaraus ir ortopedinio sprendimo savo miegamajam.<\/p>","protected":false},"excerpt":{"rendered":"<p>Plotis: 120 cm<br \/>\nIlgis: 200 cm<br \/>\nAuk\u0161tis: 24 cm<br \/>\nMiegamasis plotas: 120 \u00d7 200 cm<br \/>\n\u010ciu\u017einio tipas: Ki\u0161enin\u0117s spyruokl\u0117s su \u201eXfoam\u201c putomis<\/p>","protected":false},"featured_media":219215,"comment_status":"open","ping_status":"open","template":"","meta":[],"product_brand":[],"product_cat":[7906,1099,1976],"product_tag":[],"class_list":{"0":"post-219214","1":"product","2":"type-product","3":"status-publish","4":"has-post-thumbnail","6":"product_cat-comforteo","7":"product_cat-mattresses","8":"product_cat-mattresses-120x200","10":"first","11":"instock","12":"purchasable","13":"product-type-simple"},"_links":{"self":[{"href":"https:\/\/baldumarket.lt\/lt\/wp-json\/wp\/v2\/product\/219214","targetHints":{"allow":["GET"]}}],"collection":[{"href":"https:\/\/baldumarket.lt\/lt\/wp-json\/wp\/v2\/product"}],"about":[{"href":"https:\/\/baldumarket.lt\/lt\/wp-json\/wp\/v2\/types\/product"}],"replies":[{"embeddable":true,"href":"https:\/\/baldumarket.lt\/lt\/wp-json\/wp\/v2\/comments?post=219214"}],"wp:featuredmedia":[{"embeddable":true,"href":"https:\/\/baldumarket.lt\/lt\/wp-json\/wp\/v2\/media\/219215"}],"wp:attachment":[{"href":"https:\/\/baldumarket.lt\/lt\/wp-json\/wp\/v2\/media?parent=219214"}],"wp:term":[{"taxonomy":"product_brand","embeddable":true,"href":"https:\/\/baldumarket.lt\/lt\/wp-json\/wp\/v2\/product_brand?post=219214"},{"taxonomy":"product_cat","embeddable":true,"href":"https:\/\/baldumarket.lt\/lt\/wp-json\/wp\/v2\/product_cat?post=219214"},{"taxonomy":"product_tag","embeddable":true,"href":"https:\/\/baldumarket.lt\/lt\/wp-json\/wp\/v2\/product_tag?post=219214"}],"curies":[{"name":"wp","href":"https:\/\/api.w.org\/{rel}","templated":true}]}}