{"id":219190,"date":"2026-02-11T17:02:09","date_gmt":"2026-02-11T14:02:09","guid":{"rendered":"https:\/\/baldumarket.lt\/product\/materac-medyczny-star-180x200-cm-dwustronny-kieszeniowy-sprezyny-pianka-xfoam-zdejmowany-pokrowiec-h4-comforteo\/"},"modified":"2026-02-11T17:02:12","modified_gmt":"2026-02-11T14:02:12","slug":"materac-medyczny-star-180x200-cm-dwustronny-kieszeniowy-sprezyny-pianka-xfoam-zdejmowany-pokrowiec-h4-comforteo","status":"publish","type":"product","link":"https:\/\/baldumarket.lt\/lt\/product\/materac-medyczny-star-180x200-cm-dwustronny-kieszeniowy-sprezyny-pianka-xfoam-zdejmowany-pokrowiec-h4-comforteo\/","title":{"rendered":"Medicininis \u010diu\u017einys \u201eStar\u201c, 180\u00d7200 cm, dvipusis, ki\u0161enin\u0117s spyruokl\u0117s, \u201eXfoam\u201c putos, nuimamas u\u017evalkalas, H4, \u201eComforteo\u201c"},"content":{"rendered":"<p>Atraskite medicinin\u012f \u010diu\u017ein\u012f \u201eStar 180\u00d7200 cm\u201c \u2013 ideal\u0173 pasirinkim\u0105 tiems, kuriems reikia ne tik erdv\u0117s, bet ir efektyvios stuburo atramos. \u0160is H4 kietumo modelis buvo sukurtas vartotojams, kuriems reikalingas stabilus, ortopedinis pagrindas, u\u017etikrinantis ir patog\u0173 mieg\u0105.<\/p>","protected":false},"excerpt":{"rendered":"<p>Plotis: 180 cm<br \/>\nIlgis: 200 cm<br \/>\nAuk\u0161tis: 24 cm<br \/>\nMiegamoji erdv\u0117: 180 \u00d7 200 cm<br \/>\n\u010ciu\u017einio tipas: Ki\u0161enin\u0117s spyruokl\u0117s su \u201eXfoam\u201c putomis<\/p>","protected":false},"featured_media":219191,"comment_status":"open","ping_status":"open","template":"","meta":[],"product_brand":[],"product_cat":[7906,1099,1979],"product_tag":[],"class_list":{"0":"post-219190","1":"product","2":"type-product","3":"status-publish","4":"has-post-thumbnail","6":"product_cat-comforteo","7":"product_cat-mattresses","8":"product_cat-mattresses-180x200","10":"first","11":"instock","12":"purchasable","13":"product-type-simple"},"_links":{"self":[{"href":"https:\/\/baldumarket.lt\/lt\/wp-json\/wp\/v2\/product\/219190","targetHints":{"allow":["GET"]}}],"collection":[{"href":"https:\/\/baldumarket.lt\/lt\/wp-json\/wp\/v2\/product"}],"about":[{"href":"https:\/\/baldumarket.lt\/lt\/wp-json\/wp\/v2\/types\/product"}],"replies":[{"embeddable":true,"href":"https:\/\/baldumarket.lt\/lt\/wp-json\/wp\/v2\/comments?post=219190"}],"wp:featuredmedia":[{"embeddable":true,"href":"https:\/\/baldumarket.lt\/lt\/wp-json\/wp\/v2\/media\/219191"}],"wp:attachment":[{"href":"https:\/\/baldumarket.lt\/lt\/wp-json\/wp\/v2\/media?parent=219190"}],"wp:term":[{"taxonomy":"product_brand","embeddable":true,"href":"https:\/\/baldumarket.lt\/lt\/wp-json\/wp\/v2\/product_brand?post=219190"},{"taxonomy":"product_cat","embeddable":true,"href":"https:\/\/baldumarket.lt\/lt\/wp-json\/wp\/v2\/product_cat?post=219190"},{"taxonomy":"product_tag","embeddable":true,"href":"https:\/\/baldumarket.lt\/lt\/wp-json\/wp\/v2\/product_tag?post=219190"}],"curies":[{"name":"wp","href":"https:\/\/api.w.org\/{rel}","templated":true}]}}